{"id":14103,"date":"2025-01-17T09:02:46","date_gmt":"2025-01-17T07:02:46","guid":{"rendered":"https:\/\/saxsim.ee\/swp\/?post_type=product&#038;p=14103"},"modified":"2025-12-01T20:35:05","modified_gmt":"2025-12-01T18:35:05","slug":"soft-apron-barber-shop-poll","status":"publish","type":"product","link":"https:\/\/saxsim.ee\/swp\/product\/soft-apron-barber-shop-poll\/","title":{"rendered":"Soft Apron &#8211; Barber shop &#8211; p\u00f5ll"},"content":{"rendered":"<p>Pehmest materjalist, stiilne, taskuteta p\u00f5ll l\u00f5ikamiseks ja soengute kujundamiseks.<\/p>\n<p>Suurus &#8211; 61 x 80 cm.<\/p>\n<p>Kinnitus &#8211;\u00a0reguleeritavate \u00f5lapaeltega<\/p>\n<p>Materjal \u2013 veekindel,\u00a0pol\u00fcester, lamineeritud pol\u00fcuretaaniga<\/p>\n<p><strong>Hooldus:<\/strong><\/p>\n<p>masinpesu madalal temperatuuril<\/p>\n<p>kuivatada soovitavalt n\u00f6\u00f6ril. Trummelkuivatus ainult madalatel p\u00f6\u00f6retel!<\/p>\n<p>pesemisel \u00e4rge kunagi kasutage vedelaid valgendusvahendeid!<\/p>\n<p>v\u00e4rviplekid eemaldage koheselt niiske paberr\u00e4tikuga. Raskemaid v\u00e4rviplekke proovi eemaldada sooja vee ja seebiga. Eriti rasketel juhtudel v\u00f5ib vaja minna v\u00e4rvieemaldajat.<\/p>\n<p>\u00e4rge kunagi pange v\u00e4rviplekkidega r\u00f5ivast otse masinasse<\/p>\n<p>\u00e4rge triikige<\/p>\n","protected":false},"excerpt":{"rendered":"<p>Pehmest materjalist, stiilne, taskuteta p\u00f5ll l\u00f5ikamiseks ja soengute kujundamiseks. Suurus &#8211; 61 x 80 cm. Kinnitus &#8211;\u00a0reguleeritavate \u00f5lapaeltega Materjal \u2013 veekindel,\u00a0pol\u00fcester, lamineeritud pol\u00fcuretaaniga Hooldus: masinpesu madalal temperatuuril kuivatada soovitavalt n\u00f6\u00f6ril. Trummelkuivatus ainult madalatel p\u00f6\u00f6retel! pesemisel \u00e4rge kunagi kasutage vedelaid valgendusvahendeid! v\u00e4rviplekid eemaldage koheselt niiske paberr\u00e4tikuga. Raskemaid v\u00e4rviplekke proovi eemaldada sooja vee ja seebiga. Eriti rasketel [&hellip;]<\/p>\n","protected":false},"featured_media":14221,"comment_status":"closed","ping_status":"closed","template":"","meta":[],"product_cat":[792,577,592,401,297],"product_tag":[],"class_list":{"0":"post-14103","1":"product","2":"type-product","3":"status-publish","4":"has-post-thumbnail","6":"product_cat-uued-tooted","7":"product_cat-iluteenindaja-tarvikud","8":"product_cat-polled-ja-tooroivad-iluteenindajale","9":"product_cat-juuksuri-tarvikud","10":"product_cat-polled-ja-tooroivad","12":"first","13":"instock","14":"taxable","15":"shipping-taxable","16":"purchasable","17":"product-type-simple"},"_links":{"self":[{"href":"https:\/\/saxsim.ee\/swp\/wp-json\/wp\/v2\/product\/14103"}],"collection":[{"href":"https:\/\/saxsim.ee\/swp\/wp-json\/wp\/v2\/product"}],"about":[{"href":"https:\/\/saxsim.ee\/swp\/wp-json\/wp\/v2\/types\/product"}],"replies":[{"embeddable":true,"href":"https:\/\/saxsim.ee\/swp\/wp-json\/wp\/v2\/comments?post=14103"}],"wp:featuredmedia":[{"embeddable":true,"href":"https:\/\/saxsim.ee\/swp\/wp-json\/wp\/v2\/media\/14221"}],"wp:attachment":[{"href":"https:\/\/saxsim.ee\/swp\/wp-json\/wp\/v2\/media?parent=14103"}],"wp:term":[{"taxonomy":"product_cat","embeddable":true,"href":"https:\/\/saxsim.ee\/swp\/wp-json\/wp\/v2\/product_cat?post=14103"},{"taxonomy":"product_tag","embeddable":true,"href":"https:\/\/saxsim.ee\/swp\/wp-json\/wp\/v2\/product_tag?post=14103"}],"curies":[{"name":"wp","href":"https:\/\/api.w.org\/{rel}","templated":true}]}}