{"id":14100,"date":"2025-01-16T11:33:06","date_gmt":"2025-01-16T09:33:06","guid":{"rendered":"https:\/\/saxsim.ee\/swp\/?post_type=product&#038;p=14100"},"modified":"2025-12-08T16:58:29","modified_gmt":"2025-12-08T14:58:29","slug":"saddle-stool-360-sadultool","status":"publish","type":"product","link":"https:\/\/saxsim.ee\/swp\/product\/saddle-stool-360-sadultool\/","title":{"rendered":"Saddle Stool 360 &#8211; sadultool"},"content":{"rendered":"<p>Kvaliteetne sadultool juuksurile v\u00f5i kosmeetikule.<\/p>\n<p>&#8211; 5-haruline alumiiniumjalg, \u00f8 52 cm<br \/>\n&#8211; reguleeritava k\u00f5rgusega ( 52 &#8211; 73 cm. ) gaasipump<br \/>\n&#8211; kummist Deluxe rattad<\/p>\n","protected":false},"excerpt":{"rendered":"<p>Kvaliteetne sadultool juuksurile v\u00f5i kosmeetikule. &#8211; 5-haruline alumiiniumjalg, \u00f8 52 cm &#8211; reguleeritava k\u00f5rgusega ( 52 &#8211; 73 cm. ) gaasipump &#8211; kummist Deluxe rattad<\/p>\n","protected":false},"featured_media":14222,"comment_status":"closed","ping_status":"closed","template":"","meta":[],"product_cat":[792,325,333,400,589,577,401],"product_tag":[],"class_list":{"0":"post-14100","1":"product","2":"type-product","3":"status-publish","4":"has-post-thumbnail","6":"product_cat-uued-tooted","7":"product_cat-juuksuri-ja-ilusalongi-sisustus","8":"product_cat-tootoolid","9":"product_cat-ilusalongi-sisustus","10":"product_cat-tootoolid-ilusalongi-sisustus","11":"product_cat-iluteenindaja-tarvikud","12":"product_cat-juuksuri-tarvikud","14":"first","15":"instock","16":"taxable","17":"shipping-taxable","18":"purchasable","19":"product-type-simple"},"_links":{"self":[{"href":"https:\/\/saxsim.ee\/swp\/wp-json\/wp\/v2\/product\/14100"}],"collection":[{"href":"https:\/\/saxsim.ee\/swp\/wp-json\/wp\/v2\/product"}],"about":[{"href":"https:\/\/saxsim.ee\/swp\/wp-json\/wp\/v2\/types\/product"}],"replies":[{"embeddable":true,"href":"https:\/\/saxsim.ee\/swp\/wp-json\/wp\/v2\/comments?post=14100"}],"wp:featuredmedia":[{"embeddable":true,"href":"https:\/\/saxsim.ee\/swp\/wp-json\/wp\/v2\/media\/14222"}],"wp:attachment":[{"href":"https:\/\/saxsim.ee\/swp\/wp-json\/wp\/v2\/media?parent=14100"}],"wp:term":[{"taxonomy":"product_cat","embeddable":true,"href":"https:\/\/saxsim.ee\/swp\/wp-json\/wp\/v2\/product_cat?post=14100"},{"taxonomy":"product_tag","embeddable":true,"href":"https:\/\/saxsim.ee\/swp\/wp-json\/wp\/v2\/product_tag?post=14100"}],"curies":[{"name":"wp","href":"https:\/\/api.w.org\/{rel}","templated":true}]}}