{"id":14098,"date":"2025-01-16T11:03:25","date_gmt":"2025-01-16T09:03:25","guid":{"rendered":"https:\/\/saxsim.ee\/swp\/?post_type=product&#038;p=14098"},"modified":"2025-10-01T17:00:41","modified_gmt":"2025-10-01T14:00:41","slug":"jrl-blade-oil-120-ml-oli","status":"publish","type":"product","link":"https:\/\/saxsim.ee\/swp\/product\/jrl-blade-oil-120-ml-oli\/","title":{"rendered":"JRL Blade Oil 120 ml. &#8211; \u00f5li"},"content":{"rendered":"<p>M\u00e4\u00e4rde\u00f5li juuksel\u00f5ikusmasinatele ja trimmeritele.<\/p>\n<p>JRL \u00f5li aitab v\u00e4hendada juuksel\u00f5ikusmasinate m\u00fcra ja hoida l\u00f5iketerad teravatena. Tera pinnal olev \u00fcli\u00f5huke kiht tagab korrosioonivastase funktsiooni. \u00d5li sagedane kasutamine pikendab juuksel\u00f5ikusmasinate ja l\u00f5iketerade eluiga. \u00d5li on k\u00f5rge puhtusastmega v\u00e4rvitu, l\u00f5hnatu ja saastevaba mineraal\u00f5li. Tera m\u00e4\u00e4rimiseks on vaja ainult \u00fchte kuni kahte tilka.<\/p>\n","protected":false},"excerpt":{"rendered":"<p>M\u00e4\u00e4rde\u00f5li juuksel\u00f5ikusmasinatele ja trimmeritele. JRL \u00f5li aitab v\u00e4hendada juuksel\u00f5ikusmasinate m\u00fcra ja hoida l\u00f5iketerad teravatena. Tera pinnal olev \u00fcli\u00f5huke kiht tagab korrosioonivastase funktsiooni. \u00d5li sagedane kasutamine pikendab juuksel\u00f5ikusmasinate ja l\u00f5iketerade eluiga. \u00d5li on k\u00f5rge puhtusastmega v\u00e4rvitu, l\u00f5hnatu ja saastevaba mineraal\u00f5li. Tera m\u00e4\u00e4rimiseks on vaja ainult \u00fchte kuni kahte tilka.<\/p>\n","protected":false},"featured_media":14224,"comment_status":"closed","ping_status":"closed","template":"","meta":[],"product_cat":[712,401,276,277,286],"product_tag":[],"class_list":{"0":"post-14098","1":"product","2":"type-product","3":"status-publish","4":"has-post-thumbnail","6":"product_cat-jrl-professional","7":"product_cat-juuksuri-tarvikud","8":"product_cat-loikuskaarid","9":"product_cat-fileerkaarid","10":"product_cat-loikusmasinad-ja-trimmerid","12":"first","13":"instock","14":"taxable","15":"shipping-taxable","16":"purchasable","17":"product-type-simple"},"_links":{"self":[{"href":"https:\/\/saxsim.ee\/swp\/wp-json\/wp\/v2\/product\/14098"}],"collection":[{"href":"https:\/\/saxsim.ee\/swp\/wp-json\/wp\/v2\/product"}],"about":[{"href":"https:\/\/saxsim.ee\/swp\/wp-json\/wp\/v2\/types\/product"}],"replies":[{"embeddable":true,"href":"https:\/\/saxsim.ee\/swp\/wp-json\/wp\/v2\/comments?post=14098"}],"wp:featuredmedia":[{"embeddable":true,"href":"https:\/\/saxsim.ee\/swp\/wp-json\/wp\/v2\/media\/14224"}],"wp:attachment":[{"href":"https:\/\/saxsim.ee\/swp\/wp-json\/wp\/v2\/media?parent=14098"}],"wp:term":[{"taxonomy":"product_cat","embeddable":true,"href":"https:\/\/saxsim.ee\/swp\/wp-json\/wp\/v2\/product_cat?post=14098"},{"taxonomy":"product_tag","embeddable":true,"href":"https:\/\/saxsim.ee\/swp\/wp-json\/wp\/v2\/product_tag?post=14098"}],"curies":[{"name":"wp","href":"https:\/\/api.w.org\/{rel}","templated":true}]}}