{"id":14097,"date":"2025-01-16T10:53:36","date_gmt":"2025-01-16T08:53:36","guid":{"rendered":"https:\/\/saxsim.ee\/swp\/?post_type=product&#038;p=14097"},"modified":"2025-02-10T09:11:20","modified_gmt":"2025-02-10T07:11:20","slug":"vookott-denim","status":"publish","type":"product","link":"https:\/\/saxsim.ee\/swp\/product\/vookott-denim\/","title":{"rendered":"V\u00f6\u00f6kott &#8211; Denim"},"content":{"rendered":"<p>Teksa- ja nahkdetailidest ruumikas ja praktiline v\u00f6\u00f6kott.<\/p>\n<p>V\u00f6\u00f6kotil on kolme suuremat nahktaskut nt.trimmeri v\u00f5i juuksel\u00f5ikusmasina, kolm v\u00e4iksemat taskut kammide jaoks ja kolm nahast hoidikut juukseklambrite v\u00f5i veepudeli jaoks. V\u00f6\u00f6koti tagumine osa on vastupidavast pol\u00fcestrist ja v\u00f6\u00f6 nailonist.<\/p>\n<p>&#8211; Reguleeritav v\u00f6\u00f6\u00fcmberm\u00f5\u00f5t umbes 80-120 cm.<br \/>\n&#8211; V\u00f6\u00f6koti m\u00f5\u00f5dud: 59 x 24,5 cm.<\/p>\n","protected":false},"excerpt":{"rendered":"<p>Teksa- ja nahkdetailidest ruumikas ja praktiline v\u00f6\u00f6kott. V\u00f6\u00f6kotil on kolme suuremat nahktaskut nt.trimmeri v\u00f5i juuksel\u00f5ikusmasina, kolm v\u00e4iksemat taskut kammide jaoks ja kolm nahast hoidikut juukseklambrite v\u00f5i veepudeli jaoks. V\u00f6\u00f6koti tagumine osa on vastupidavast pol\u00fcestrist ja v\u00f6\u00f6 nailonist. &#8211; Reguleeritav v\u00f6\u00f6\u00fcmberm\u00f5\u00f5t umbes 80-120 cm. &#8211; V\u00f6\u00f6koti m\u00f5\u00f5dud: 59 x 24,5 cm.<\/p>\n","protected":false},"featured_media":14225,"comment_status":"closed","ping_status":"closed","template":"","meta":[],"product_cat":[792,401,313],"product_tag":[],"class_list":{"0":"post-14097","1":"product","2":"type-product","3":"status-publish","4":"has-post-thumbnail","6":"product_cat-uued-tooted","7":"product_cat-juuksuri-tarvikud","8":"product_cat-kohvrid-ja-kotid","10":"first","11":"instock","12":"taxable","13":"shipping-taxable","14":"purchasable","15":"product-type-simple"},"_links":{"self":[{"href":"https:\/\/saxsim.ee\/swp\/wp-json\/wp\/v2\/product\/14097"}],"collection":[{"href":"https:\/\/saxsim.ee\/swp\/wp-json\/wp\/v2\/product"}],"about":[{"href":"https:\/\/saxsim.ee\/swp\/wp-json\/wp\/v2\/types\/product"}],"replies":[{"embeddable":true,"href":"https:\/\/saxsim.ee\/swp\/wp-json\/wp\/v2\/comments?post=14097"}],"wp:featuredmedia":[{"embeddable":true,"href":"https:\/\/saxsim.ee\/swp\/wp-json\/wp\/v2\/media\/14225"}],"wp:attachment":[{"href":"https:\/\/saxsim.ee\/swp\/wp-json\/wp\/v2\/media?parent=14097"}],"wp:term":[{"taxonomy":"product_cat","embeddable":true,"href":"https:\/\/saxsim.ee\/swp\/wp-json\/wp\/v2\/product_cat?post=14097"},{"taxonomy":"product_tag","embeddable":true,"href":"https:\/\/saxsim.ee\/swp\/wp-json\/wp\/v2\/product_tag?post=14097"}],"curies":[{"name":"wp","href":"https:\/\/api.w.org\/{rel}","templated":true}]}}