{"id":14070,"date":"2025-01-11T12:31:47","date_gmt":"2025-01-11T10:31:47","guid":{"rendered":"https:\/\/saxsim.ee\/swp\/?post_type=product&#038;p=14070"},"modified":"2026-02-24T13:09:25","modified_gmt":"2026-02-24T11:09:25","slug":"refectocil-skin-protection-cream-eye-mask-naha-kaitsekreem-ja-silmamask","status":"publish","type":"product","link":"https:\/\/saxsim.ee\/swp\/product\/refectocil-skin-protection-cream-eye-mask-naha-kaitsekreem-ja-silmamask\/","title":{"rendered":"RefectoCil Skin Protection Cream &#038; Eye Mask &#8211; naha kaitsekreem ja silmamask"},"content":{"rendered":"<p>Kaks \u00fches! Kreem t\u00f6\u00f6tati v\u00e4lja silmade kaitsepaberi RefectoCil Eye Protection Papers haardumiseks. See kaitseb nahka v\u00e4rviplekkide eest ja toimib \u00fchtlasi toitva silmamaskina. Koostisosad nagu vitamiin E, aloe vera ja mandli\u00f5li toidavad nahka, samal ajal toonides.<\/p>\n<p><strong><u>Kasutamine<\/u>:<\/strong> Kasutage plekkide eemaldamiseks silmapiirkonnas, \u00fclemisel ja alumisel silmalaul. Kaitseb nahka v\u00e4rvimuutuste eest ja toimib rahustava silmamaskina.<\/p>\n","protected":false},"excerpt":{"rendered":"<p>Kaks \u00fches! Kreem t\u00f6\u00f6tati v\u00e4lja silmade kaitsepaberi RefectoCil Eye Protection Papers haardumiseks. See kaitseb nahka v\u00e4rviplekkide eest ja toimib \u00fchtlasi toitva silmamaskina. Koostisosad nagu vitamiin E, aloe vera ja mandli\u00f5li toidavad nahka, samal ajal toonides. Kasutamine: Kasutage plekkide eemaldamiseks silmapiirkonnas, \u00fclemisel ja alumisel silmalaul. Kaitseb nahka v\u00e4rvimuutuste eest ja toimib rahustava silmamaskina.<\/p>\n","protected":false},"featured_media":14077,"comment_status":"closed","ping_status":"closed","template":"","meta":[],"product_cat":[717,97,268],"product_tag":[],"class_list":{"0":"post-14070","1":"product","2":"type-product","3":"status-publish","4":"has-post-thumbnail","6":"product_cat-refectocil-2","7":"product_cat-nagu-ja-keha","8":"product_cat-refectocil","10":"first","11":"instock","12":"taxable","13":"shipping-taxable","14":"purchasable","15":"product-type-simple"},"_links":{"self":[{"href":"https:\/\/saxsim.ee\/swp\/wp-json\/wp\/v2\/product\/14070"}],"collection":[{"href":"https:\/\/saxsim.ee\/swp\/wp-json\/wp\/v2\/product"}],"about":[{"href":"https:\/\/saxsim.ee\/swp\/wp-json\/wp\/v2\/types\/product"}],"replies":[{"embeddable":true,"href":"https:\/\/saxsim.ee\/swp\/wp-json\/wp\/v2\/comments?post=14070"}],"wp:featuredmedia":[{"embeddable":true,"href":"https:\/\/saxsim.ee\/swp\/wp-json\/wp\/v2\/media\/14077"}],"wp:attachment":[{"href":"https:\/\/saxsim.ee\/swp\/wp-json\/wp\/v2\/media?parent=14070"}],"wp:term":[{"taxonomy":"product_cat","embeddable":true,"href":"https:\/\/saxsim.ee\/swp\/wp-json\/wp\/v2\/product_cat?post=14070"},{"taxonomy":"product_tag","embeddable":true,"href":"https:\/\/saxsim.ee\/swp\/wp-json\/wp\/v2\/product_tag?post=14070"}],"curies":[{"name":"wp","href":"https:\/\/api.w.org\/{rel}","templated":true}]}}