{"id":14069,"date":"2025-01-11T12:22:54","date_gmt":"2025-01-11T10:22:54","guid":{"rendered":"https:\/\/saxsim.ee\/swp\/?post_type=product&#038;p=14069"},"modified":"2026-02-24T13:08:35","modified_gmt":"2026-02-24T11:08:35","slug":"refectocil-care-balm-intensiivne-ripsmete-ja-kulmude-oohooldus-riitsinusoliga","status":"publish","type":"product","link":"https:\/\/saxsim.ee\/swp\/product\/refectocil-care-balm-intensiivne-ripsmete-ja-kulmude-oohooldus-riitsinusoliga\/","title":{"rendered":"RefectoCil Care Balm &#8211; intensiivne ripsmete ja kulmude \u00f6\u00f6hooldus riitsinus\u00f5liga"},"content":{"rendered":"<p>V\u00e4\u00e4rtuslikud taimsed \u00f5lid ja vitamiinid hooldavad ja tugevdavad karvu \u00fcle\u00f6\u00f6. Riitsinus\u00f5li toetab t\u00e4iendavalt kulmude ja ripsmete loomulikku kasvu. Uuenduslikul aplikaatoril on harjake ripsmetele kandmiseks ja lai tupsaplikaator kulmudele kandmiseks.<\/p>\n<p><strong><u>Kasutamine:<\/u><\/strong> Kandke \u00f5htul p\u00e4rast silmameigi eemaldamist\u00a0 kulmudele ja ripsmetele ning laske \u00f6\u00f6 jooksul m\u00f5juda.<\/p>\n","protected":false},"excerpt":{"rendered":"<p>V\u00e4\u00e4rtuslikud taimsed \u00f5lid ja vitamiinid hooldavad ja tugevdavad karvu \u00fcle\u00f6\u00f6. Riitsinus\u00f5li toetab t\u00e4iendavalt kulmude ja ripsmete loomulikku kasvu. Uuenduslikul aplikaatoril on harjake ripsmetele kandmiseks ja lai tupsaplikaator kulmudele kandmiseks. Kasutamine: Kandke \u00f5htul p\u00e4rast silmameigi eemaldamist\u00a0 kulmudele ja ripsmetele ning laske \u00f6\u00f6 jooksul m\u00f5juda.<\/p>\n","protected":false},"featured_media":14071,"comment_status":"closed","ping_status":"closed","template":"","meta":[],"product_cat":[717,97,268],"product_tag":[],"class_list":{"0":"post-14069","1":"product","2":"type-product","3":"status-publish","4":"has-post-thumbnail","6":"product_cat-refectocil-2","7":"product_cat-nagu-ja-keha","8":"product_cat-refectocil","10":"first","11":"instock","12":"taxable","13":"shipping-taxable","14":"purchasable","15":"product-type-simple"},"_links":{"self":[{"href":"https:\/\/saxsim.ee\/swp\/wp-json\/wp\/v2\/product\/14069"}],"collection":[{"href":"https:\/\/saxsim.ee\/swp\/wp-json\/wp\/v2\/product"}],"about":[{"href":"https:\/\/saxsim.ee\/swp\/wp-json\/wp\/v2\/types\/product"}],"replies":[{"embeddable":true,"href":"https:\/\/saxsim.ee\/swp\/wp-json\/wp\/v2\/comments?post=14069"}],"wp:featuredmedia":[{"embeddable":true,"href":"https:\/\/saxsim.ee\/swp\/wp-json\/wp\/v2\/media\/14071"}],"wp:attachment":[{"href":"https:\/\/saxsim.ee\/swp\/wp-json\/wp\/v2\/media?parent=14069"}],"wp:term":[{"taxonomy":"product_cat","embeddable":true,"href":"https:\/\/saxsim.ee\/swp\/wp-json\/wp\/v2\/product_cat?post=14069"},{"taxonomy":"product_tag","embeddable":true,"href":"https:\/\/saxsim.ee\/swp\/wp-json\/wp\/v2\/product_tag?post=14069"}],"curies":[{"name":"wp","href":"https:\/\/api.w.org\/{rel}","templated":true}]}}