{"id":14034,"date":"2025-01-03T09:44:20","date_gmt":"2025-01-03T07:44:20","guid":{"rendered":"https:\/\/saxsim.ee\/swp\/?post_type=product&#038;p=14034"},"modified":"2025-07-04T12:04:57","modified_gmt":"2025-07-04T09:04:57","slug":"5-013-sensido-3-in-one-cream-color-juuksevarv-professionaalidele","status":"publish","type":"product","link":"https:\/\/saxsim.ee\/swp\/product\/5-013-sensido-3-in-one-cream-color-juuksevarv-professionaalidele\/","title":{"rendered":"5\/013 SensiDO 3 In One Cream Color \u2013 juuksev\u00e4rv professionaalidele"},"content":{"rendered":"<p><b>5\/013 Ebony Sand<\/b><\/p>\n<ul>\n<li>katab 100% hallid juuksed<\/li>\n<li>sisaldab k\u00f5iki elemente, mida hallid\/pigmendivabad juuksed vajavad<\/li>\n<li>rikastatud argaania\u00f5liga<\/li>\n<li>t\u00f6\u00f6tab madalate vesinikutugevustega<\/li>\n<li>parf\u00fc\u00fcmivaba ja vegan<\/li>\n<li>ainult professionaalseks kasutamiseks<\/li>\n<li>pakendi suurus 60 ml<\/li>\n<\/ul>\n<p>SensiDO Cover Shades v\u00e4rvid on spetsiaalselt v\u00e4lja t\u00f6\u00f6tatud hallide juuste katmiseks. K\u00f5ik Cover Shades v\u00e4rvid sisaldavad juba k\u00f5iki vajalikke koostisaineid hallide\/pigmendivaeste juuste t\u00e4iuslikuks katmiseks. Halli katvad toonid ei sobi juuste heledamaks v\u00e4rvimiseks, vaid on spetsiaalselt katmiseks, seega ei anna vesiniku tugevuse suurendamine juuste taseme t\u00f5stmist \u00fcle 1, maksimaalselt \u00fcle 2 astme.<\/p>\n<p>Cover Shades valem p\u00f5hineb ammoniaagi ja etanoolamiini s\u00fcnergial. Ammoniaak paisutab juukseid piisavalt, et v\u00e4rvipigmendid saaksid tungida s\u00fcgavamale juustesse ja etanoolamiin takistab kuumuse t\u00f5usmist, et v\u00e4rvitulemus oleks piisavalt s\u00fcgav. Argaania\u00f5li toimib koos leelistega, et aidata v\u00e4rvipigmendil tungida s\u00fcgavale juustekiududesse. V\u00e4rvitugevdajana tuntud mono- ja difosfaatestritest moodustunud pindaktiivse aine kogus on suurem kui teistes v\u00e4rvisarjades. K\u00f5ik need tegurid koos tagavad vaevata hallide juuste katmise, ilma et oleks vaja suurendada vesiniku tugevust. 3% vesinik on ideaalne valik k\u00f5ikide SensiDO Cover Shades v\u00e4rvide jaoks.<\/p>\n","protected":false},"excerpt":{"rendered":"<p>5\/013 Ebony Sand katab 100% hallid juuksed sisaldab k\u00f5iki elemente, mida hallid\/pigmendivabad juuksed vajavad rikastatud argaania\u00f5liga t\u00f6\u00f6tab madalate vesinikutugevustega parf\u00fc\u00fcmivaba ja vegan ainult professionaalseks kasutamiseks pakendi suurus 60 ml SensiDO Cover Shades v\u00e4rvid on spetsiaalselt v\u00e4lja t\u00f6\u00f6tatud hallide juuste katmiseks. K\u00f5ik Cover Shades v\u00e4rvid sisaldavad juba k\u00f5iki vajalikke koostisaineid hallide\/pigmendivaeste juuste t\u00e4iuslikuks katmiseks. Halli katvad [&hellip;]<\/p>\n","protected":false},"featured_media":14035,"comment_status":"closed","ping_status":"closed","template":"","meta":[],"product_cat":[792,673,395,666,95,858,390],"product_tag":[637],"class_list":{"0":"post-14034","1":"product","2":"type-product","3":"status-publish","4":"has-post-thumbnail","6":"product_cat-uued-tooted","7":"product_cat-sensido","8":"product_cat-juuksed","9":"product_cat-professionaalseks-kasutamiseks","10":"product_cat-sensido-juuksevarvid","11":"product_cat-sensido-cover-shades","12":"product_cat-sensido-cream-color-3-in-1","13":"product_tag-profitoode","15":"first","16":"instock","17":"taxable","18":"shipping-taxable","19":"purchasable","20":"product-type-simple"},"_links":{"self":[{"href":"https:\/\/saxsim.ee\/swp\/wp-json\/wp\/v2\/product\/14034"}],"collection":[{"href":"https:\/\/saxsim.ee\/swp\/wp-json\/wp\/v2\/product"}],"about":[{"href":"https:\/\/saxsim.ee\/swp\/wp-json\/wp\/v2\/types\/product"}],"replies":[{"embeddable":true,"href":"https:\/\/saxsim.ee\/swp\/wp-json\/wp\/v2\/comments?post=14034"}],"wp:featuredmedia":[{"embeddable":true,"href":"https:\/\/saxsim.ee\/swp\/wp-json\/wp\/v2\/media\/14035"}],"wp:attachment":[{"href":"https:\/\/saxsim.ee\/swp\/wp-json\/wp\/v2\/media?parent=14034"}],"wp:term":[{"taxonomy":"product_cat","embeddable":true,"href":"https:\/\/saxsim.ee\/swp\/wp-json\/wp\/v2\/product_cat?post=14034"},{"taxonomy":"product_tag","embeddable":true,"href":"https:\/\/saxsim.ee\/swp\/wp-json\/wp\/v2\/product_tag?post=14034"}],"curies":[{"name":"wp","href":"https:\/\/api.w.org\/{rel}","templated":true}]}}