{"id":1387,"date":"2017-03-14T09:28:57","date_gmt":"2017-03-14T07:28:57","guid":{"rendered":"https:\/\/www.saxsim.ee\/swp\/toode\/in-salon-keratin-moisturizing-conditioner-1000-ml\/"},"modified":"2025-07-03T10:27:48","modified_gmt":"2025-07-03T07:27:48","slug":"in-salon-keratin-moisturizing-conditioner-1000-ml","status":"publish","type":"product","link":"https:\/\/saxsim.ee\/swp\/product\/in-salon-keratin-moisturizing-conditioner-1000-ml\/","title":{"rendered":"In Salon Keratin Moisturizing Conditioner 1000 ml"},"content":{"rendered":"<p>Juukseid s\u00fcvaniisutav ja taastav keratiinipalsam. Tugevdab juukseid, tehes nad siidiselt pehmeteks ja kergesti k\u00e4sitlevateks.<\/p>\n<p><strong>Kasutamine:<\/strong>\u00a0Kanna niisketesse v\u00f5i r\u00e4tikukuivadesse juustesse, lase m\u00f5juda 5 &#8211; 15 min., loputa hoolikalt.<\/p>\n<p><span class=\"label label-primary\">UV filter<\/span><\/p>\n","protected":false},"excerpt":{"rendered":"<p>Juukseid s\u00fcvaniisutav ja taastav keratiinipalsam. Tugevdab juukseid, tehes nad siidiselt pehmeteks ja kergesti k\u00e4sitlevateks. Kasutamine:\u00a0Kanna niisketesse v\u00f5i r\u00e4tikukuivadesse juustesse, lase m\u00f5juda 5 &#8211; 15 min., loputa hoolikalt. UV filter<\/p>\n","protected":false},"featured_media":1388,"comment_status":"closed","ping_status":"closed","template":"","meta":[],"product_cat":[257,395,660],"product_tag":[],"class_list":{"0":"post-1387","1":"product","2":"type-product","3":"status-publish","4":"has-post-thumbnail","6":"product_cat-in-salon","7":"product_cat-juuksed","8":"product_cat-palsamid","10":"first","11":"instock","12":"taxable","13":"shipping-taxable","14":"purchasable","15":"product-type-simple"},"_links":{"self":[{"href":"https:\/\/saxsim.ee\/swp\/wp-json\/wp\/v2\/product\/1387"}],"collection":[{"href":"https:\/\/saxsim.ee\/swp\/wp-json\/wp\/v2\/product"}],"about":[{"href":"https:\/\/saxsim.ee\/swp\/wp-json\/wp\/v2\/types\/product"}],"replies":[{"embeddable":true,"href":"https:\/\/saxsim.ee\/swp\/wp-json\/wp\/v2\/comments?post=1387"}],"wp:featuredmedia":[{"embeddable":true,"href":"https:\/\/saxsim.ee\/swp\/wp-json\/wp\/v2\/media\/1388"}],"wp:attachment":[{"href":"https:\/\/saxsim.ee\/swp\/wp-json\/wp\/v2\/media?parent=1387"}],"wp:term":[{"taxonomy":"product_cat","embeddable":true,"href":"https:\/\/saxsim.ee\/swp\/wp-json\/wp\/v2\/product_cat?post=1387"},{"taxonomy":"product_tag","embeddable":true,"href":"https:\/\/saxsim.ee\/swp\/wp-json\/wp\/v2\/product_tag?post=1387"}],"curies":[{"name":"wp","href":"https:\/\/api.w.org\/{rel}","templated":true}]}}