{"id":1385,"date":"2017-03-14T09:25:19","date_gmt":"2017-03-14T07:25:19","guid":{"rendered":"https:\/\/www.saxsim.ee\/swp\/toode\/in-salon-keratin-moisturizing-shampoo-1000-ml\/"},"modified":"2025-07-03T10:23:14","modified_gmt":"2025-07-03T07:23:14","slug":"in-salon-keratin-moisturizing-shampoo-1000-ml","status":"publish","type":"product","link":"https:\/\/saxsim.ee\/swp\/product\/in-salon-keratin-moisturizing-shampoo-1000-ml\/","title":{"rendered":"In Salon Keratin Moisturizing Shampoo 1000 ml"},"content":{"rendered":"<p>Juukseid s\u00fcvaniisutav ja taastav keratiini\u0161ampoon. Puhastab \u00f5rnatoimeliselt juuksed ja peanaha, tehes juuksed kergesti k\u00e4sitlevateks. Annab juustele uut eluj\u00f5udu.<\/p>\n<p><strong>Kasutamine:<\/strong>\u00a0Kanna niisketesse juustesse, \u00f5rnalt masseerides aja vahule, loputa hoolikalt.<\/p>\n<p><span class=\"label label-primary\">UV filter<\/span><\/p>\n","protected":false},"excerpt":{"rendered":"<p>Juukseid s\u00fcvaniisutav ja taastav keratiini\u0161ampoon. Puhastab \u00f5rnatoimeliselt juuksed ja peanaha, tehes juuksed kergesti k\u00e4sitlevateks. Annab juustele uut eluj\u00f5udu. Kasutamine:\u00a0Kanna niisketesse juustesse, \u00f5rnalt masseerides aja vahule, loputa hoolikalt. UV filter<\/p>\n","protected":false},"featured_media":1386,"comment_status":"closed","ping_status":"closed","template":"","meta":[],"product_cat":[257,395,659],"product_tag":[],"class_list":{"0":"post-1385","1":"product","2":"type-product","3":"status-publish","4":"has-post-thumbnail","6":"product_cat-in-salon","7":"product_cat-juuksed","8":"product_cat-sampoonid","10":"first","11":"instock","12":"taxable","13":"shipping-taxable","14":"purchasable","15":"product-type-simple"},"_links":{"self":[{"href":"https:\/\/saxsim.ee\/swp\/wp-json\/wp\/v2\/product\/1385"}],"collection":[{"href":"https:\/\/saxsim.ee\/swp\/wp-json\/wp\/v2\/product"}],"about":[{"href":"https:\/\/saxsim.ee\/swp\/wp-json\/wp\/v2\/types\/product"}],"replies":[{"embeddable":true,"href":"https:\/\/saxsim.ee\/swp\/wp-json\/wp\/v2\/comments?post=1385"}],"wp:featuredmedia":[{"embeddable":true,"href":"https:\/\/saxsim.ee\/swp\/wp-json\/wp\/v2\/media\/1386"}],"wp:attachment":[{"href":"https:\/\/saxsim.ee\/swp\/wp-json\/wp\/v2\/media?parent=1385"}],"wp:term":[{"taxonomy":"product_cat","embeddable":true,"href":"https:\/\/saxsim.ee\/swp\/wp-json\/wp\/v2\/product_cat?post=1385"},{"taxonomy":"product_tag","embeddable":true,"href":"https:\/\/saxsim.ee\/swp\/wp-json\/wp\/v2\/product_tag?post=1385"}],"curies":[{"name":"wp","href":"https:\/\/api.w.org\/{rel}","templated":true}]}}