{"id":13786,"date":"2024-10-22T08:35:42","date_gmt":"2024-10-22T05:35:42","guid":{"rendered":"https:\/\/saxsim.ee\/swp\/?post_type=product&#038;p=13786"},"modified":"2026-04-24T09:12:20","modified_gmt":"2026-04-24T06:12:20","slug":"disicide-concentrate-600-ml-veepohine-desinfektsioonivahend","status":"publish","type":"product","link":"https:\/\/saxsim.ee\/swp\/product\/disicide-concentrate-600-ml-veepohine-desinfektsioonivahend\/","title":{"rendered":"Disicide Concentrate 600 ml. &#8211; veep\u00f5hine desinfektsioonivahend"},"content":{"rendered":"<p>Veep\u00f5hine, etanoolivaba ja vegan kontsentraat t\u00f6\u00f6riistade ja tarvikute \u00f5rnaks desinfitseerimiseks. Desinfitseerib t\u00f6\u00f6riistu nagu kammid, harjad, k\u00e4\u00e4rid, terad ja palju muud. Fungitsiid ja viritsiid.<\/p>\n<p>Kaubam\u00e4rgid Disicide ja All1Clean kuuluvad 1972. aastast Rootsis loodud perefirmale Terapima International. Tooted ei sisalda inimesele ega keskkonnale kahjulikke aineid. Need vastavad Euroopa Liidu keemiliste ainete m\u00e4\u00e4rusele REACH. \u00dcRO 1903 transpordiks ja ei ole tuleohtlik.<\/p>\n<p><strong>Kasutamine<\/strong>: Lahjendage 30 ml kontsentraati 1000 ml veega. Asetage desinfitseerimist vajavad t\u00f6\u00f6riistad\/tarvikud 15 &#8211; 30 minutiks lahusesse.<\/p>\n","protected":false},"excerpt":{"rendered":"<p>Veep\u00f5hine, etanoolivaba ja vegan kontsentraat t\u00f6\u00f6riistade ja tarvikute \u00f5rnaks desinfitseerimiseks. Desinfitseerib t\u00f6\u00f6riistu nagu kammid, harjad, k\u00e4\u00e4rid, terad ja palju muud. Fungitsiid ja viritsiid. Kaubam\u00e4rgid Disicide ja All1Clean kuuluvad 1972. aastast Rootsis loodud perefirmale Terapima International. Tooted ei sisalda inimesele ega keskkonnale kahjulikke aineid. Need vastavad Euroopa Liidu keemiliste ainete m\u00e4\u00e4rusele REACH. \u00dcRO 1903 transpordiks ja [&hellip;]<\/p>\n","protected":false},"featured_media":13807,"comment_status":"closed","ping_status":"closed","template":"","meta":[],"product_cat":[401,599],"product_tag":[],"class_list":{"0":"post-13786","1":"product","2":"type-product","3":"status-publish","4":"has-post-thumbnail","6":"product_cat-juuksuri-tarvikud","7":"product_cat-puhastus-ja-desinfektsioonivahendid","9":"first","10":"instock","11":"taxable","12":"shipping-taxable","13":"purchasable","14":"product-type-simple"},"_links":{"self":[{"href":"https:\/\/saxsim.ee\/swp\/wp-json\/wp\/v2\/product\/13786"}],"collection":[{"href":"https:\/\/saxsim.ee\/swp\/wp-json\/wp\/v2\/product"}],"about":[{"href":"https:\/\/saxsim.ee\/swp\/wp-json\/wp\/v2\/types\/product"}],"replies":[{"embeddable":true,"href":"https:\/\/saxsim.ee\/swp\/wp-json\/wp\/v2\/comments?post=13786"}],"wp:featuredmedia":[{"embeddable":true,"href":"https:\/\/saxsim.ee\/swp\/wp-json\/wp\/v2\/media\/13807"}],"wp:attachment":[{"href":"https:\/\/saxsim.ee\/swp\/wp-json\/wp\/v2\/media?parent=13786"}],"wp:term":[{"taxonomy":"product_cat","embeddable":true,"href":"https:\/\/saxsim.ee\/swp\/wp-json\/wp\/v2\/product_cat?post=13786"},{"taxonomy":"product_tag","embeddable":true,"href":"https:\/\/saxsim.ee\/swp\/wp-json\/wp\/v2\/product_tag?post=13786"}],"curies":[{"name":"wp","href":"https:\/\/api.w.org\/{rel}","templated":true}]}}