{"id":13676,"date":"2024-09-29T12:18:04","date_gmt":"2024-09-29T09:18:04","guid":{"rendered":"https:\/\/saxsim.ee\/swp\/?post_type=product&#038;p=13676"},"modified":"2025-09-28T10:33:39","modified_gmt":"2025-09-28T07:33:39","slug":"impact-ionic-4000-kasifoon-2","status":"publish","type":"product","link":"https:\/\/saxsim.ee\/swp\/product\/impact-ionic-4000-kasifoon-2\/","title":{"rendered":"Impact Ionic 4000 &#8211; k\u00e4sif\u00f6\u00f6n"},"content":{"rendered":"<p>Ion-tehnoloogiaga kompaktne k\u00e4sif\u00f6\u00f6n, kauakestva AC mootoriga. Ultron Impact Ionic 4000 f\u00f6\u00f6niga kuivatades aurustub niiskus juustest kiiremini, t\u00e4nu millele l\u00fcheneb kuivatamise aeg u. 50%.<\/p>\n<p><strong>Tehnilised andmed:<\/strong><\/p>\n<p>AC mootor<br \/>\n2100 W<br \/>\n114 m\u00b3\/h<br \/>\nION-tehnoloogia<br \/>\n2 kiirust<br \/>\n3 kuumusastet<br \/>\nk\u00fclma \u00f5huvoo nupp<br \/>\nkaal &#8211; 490 g<br \/>\njuhe &#8211; 3 m<br \/>\n1 \u00f5husuunajat<\/p>\n","protected":false},"excerpt":{"rendered":"<p>Ion-tehnoloogiaga kompaktne k\u00e4sif\u00f6\u00f6n, kauakestva AC mootoriga. Ultron Impact Ionic 4000 f\u00f6\u00f6niga kuivatades aurustub niiskus juustest kiiremini, t\u00e4nu millele l\u00fcheneb kuivatamise aeg u. 50%. Tehnilised andmed: AC mootor 2100 W 114 m\u00b3\/h ION-tehnoloogia 2 kiirust 3 kuumusastet k\u00fclma \u00f5huvoo nupp kaal &#8211; 490 g juhe &#8211; 3 m 1 \u00f5husuunajat<\/p>\n","protected":false},"featured_media":13677,"comment_status":"closed","ping_status":"closed","template":"","meta":[],"product_cat":[733,401,280,285],"product_tag":[],"class_list":{"0":"post-13676","1":"product","2":"type-product","3":"status-publish","4":"has-post-thumbnail","6":"product_cat-ultron","7":"product_cat-juuksuri-tarvikud","8":"product_cat-elektrilised-toovahendid","9":"product_cat-kasifoonid","11":"first","12":"instock","13":"taxable","14":"shipping-taxable","15":"purchasable","16":"product-type-simple"},"_links":{"self":[{"href":"https:\/\/saxsim.ee\/swp\/wp-json\/wp\/v2\/product\/13676"}],"collection":[{"href":"https:\/\/saxsim.ee\/swp\/wp-json\/wp\/v2\/product"}],"about":[{"href":"https:\/\/saxsim.ee\/swp\/wp-json\/wp\/v2\/types\/product"}],"replies":[{"embeddable":true,"href":"https:\/\/saxsim.ee\/swp\/wp-json\/wp\/v2\/comments?post=13676"}],"wp:featuredmedia":[{"embeddable":true,"href":"https:\/\/saxsim.ee\/swp\/wp-json\/wp\/v2\/media\/13677"}],"wp:attachment":[{"href":"https:\/\/saxsim.ee\/swp\/wp-json\/wp\/v2\/media?parent=13676"}],"wp:term":[{"taxonomy":"product_cat","embeddable":true,"href":"https:\/\/saxsim.ee\/swp\/wp-json\/wp\/v2\/product_cat?post=13676"},{"taxonomy":"product_tag","embeddable":true,"href":"https:\/\/saxsim.ee\/swp\/wp-json\/wp\/v2\/product_tag?post=13676"}],"curies":[{"name":"wp","href":"https:\/\/api.w.org\/{rel}","templated":true}]}}