{"id":13652,"date":"2024-09-19T11:52:47","date_gmt":"2024-09-19T08:52:47","guid":{"rendered":"https:\/\/saxsim.ee\/swp\/?post_type=product&#038;p=13652"},"modified":"2026-04-02T08:58:58","modified_gmt":"2026-04-02T05:58:58","slug":"heo-dry-boost-spray-250-ml-tekstuurisprei","status":"publish","type":"product","link":"https:\/\/saxsim.ee\/swp\/product\/heo-dry-boost-spray-250-ml-tekstuurisprei\/","title":{"rendered":"HE\u00d6 Dry Boost Spray 250 ml. &#8211; tekstuurisprei"},"content":{"rendered":"<p>Kerge tekstuurisprei annab juustele loomuliku vol\u00fc\u00fcmi ja p\u00fcsivuse. HE\u00d6 tekstuurispreiga saad kiiresti luua uue soengu. Toode sobib k\u00f5ikidele juukset\u00fc\u00fcpidele.<\/p>\n<p><strong><u>Kasutamine<\/u>:<\/strong> Enne kasutamist raputage pudelit korralikult. Hoidke pudelit 15 cm kaugusel ja pihustage kuivadele juustele, alustades juustejuurtest. Parima v\u00f5imaliku tulemuse saamiseks t\u00f5stke juukseid s\u00f5rmedega osade kaupa.<\/p>\n","protected":false},"excerpt":{"rendered":"<p>Kerge tekstuurisprei annab juustele loomuliku vol\u00fc\u00fcmi ja p\u00fcsivuse. HE\u00d6 tekstuurispreiga saad kiiresti luua uue soengu. Toode sobib k\u00f5ikidele juukset\u00fc\u00fcpidele. Kasutamine: Enne kasutamist raputage pudelit korralikult. Hoidke pudelit 15 cm kaugusel ja pihustage kuivadele juustele, alustades juustejuurtest. Parima v\u00f5imaliku tulemuse saamiseks t\u00f5stke juukseid s\u00f5rmedega osade kaupa.<\/p>\n","protected":false},"featured_media":13653,"comment_status":"closed","ping_status":"closed","template":"","meta":[],"product_cat":[107,251,817,395,681,693],"product_tag":[],"class_list":{"0":"post-13652","1":"product","2":"type-product","3":"status-publish","4":"has-post-thumbnail","6":"product_cat-pakkumised","7":"product_cat-lopumuuk","8":"product_cat-heo","9":"product_cat-juuksed","10":"product_cat-viimistlus","11":"product_cat-juurespreid","13":"first","14":"instock","15":"sale","16":"taxable","17":"shipping-taxable","18":"purchasable","19":"product-type-simple"},"_links":{"self":[{"href":"https:\/\/saxsim.ee\/swp\/wp-json\/wp\/v2\/product\/13652"}],"collection":[{"href":"https:\/\/saxsim.ee\/swp\/wp-json\/wp\/v2\/product"}],"about":[{"href":"https:\/\/saxsim.ee\/swp\/wp-json\/wp\/v2\/types\/product"}],"replies":[{"embeddable":true,"href":"https:\/\/saxsim.ee\/swp\/wp-json\/wp\/v2\/comments?post=13652"}],"wp:featuredmedia":[{"embeddable":true,"href":"https:\/\/saxsim.ee\/swp\/wp-json\/wp\/v2\/media\/13653"}],"wp:attachment":[{"href":"https:\/\/saxsim.ee\/swp\/wp-json\/wp\/v2\/media?parent=13652"}],"wp:term":[{"taxonomy":"product_cat","embeddable":true,"href":"https:\/\/saxsim.ee\/swp\/wp-json\/wp\/v2\/product_cat?post=13652"},{"taxonomy":"product_tag","embeddable":true,"href":"https:\/\/saxsim.ee\/swp\/wp-json\/wp\/v2\/product_tag?post=13652"}],"curies":[{"name":"wp","href":"https:\/\/api.w.org\/{rel}","templated":true}]}}