{"id":13650,"date":"2024-09-19T10:46:13","date_gmt":"2024-09-19T07:46:13","guid":{"rendered":"https:\/\/saxsim.ee\/swp\/?post_type=product&#038;p=13650"},"modified":"2025-07-07T07:51:27","modified_gmt":"2025-07-07T04:51:27","slug":"ds-volumizing-spray-300-ml-voluumisprei","status":"publish","type":"product","link":"https:\/\/saxsim.ee\/swp\/product\/ds-volumizing-spray-300-ml-voluumisprei\/","title":{"rendered":"DS Volumizing Spray 300 ml. &#8211; vol\u00fc\u00fcmisprei"},"content":{"rendered":"<p>L\u00f5hnavaba\u00a0vol\u00fc\u00fcmisprei.<\/p>\n<p>&#8211; Strukuuri ja vol\u00fc\u00fcmi juustele<br \/>\n&#8211; Sobib k\u00f5ikidele juukset\u00fc\u00fcpidele<br \/>\n&#8211; Vegan<\/p>\n<p>DS Volumizing Spray lisab vol\u00fc\u00fcmi ja struktuuri juuste juurtele v\u00f5i soovitud osadele. Muudab juuksed kohevamaks. Annab juustele p\u00fcsivuse ja loomuliku \u00f5hulisuse ilma staatilise elektrita.<\/p>\n<p><strong><u>Kasutamine:<\/u><\/strong>\u00a0Enne kasutamist raputa. Pihusta kuivadele v\u00f5i niisketele juustele.F\u00f6\u00f6nitage vajadusel v\u00f5i kujundage vastavalt soovile.<\/p>\n","protected":false},"excerpt":{"rendered":"<p>L\u00f5hnavaba\u00a0vol\u00fc\u00fcmisprei. &#8211; Strukuuri ja vol\u00fc\u00fcmi juustele &#8211; Sobib k\u00f5ikidele juukset\u00fc\u00fcpidele &#8211; Vegan DS Volumizing Spray lisab vol\u00fc\u00fcmi ja struktuuri juuste juurtele v\u00f5i soovitud osadele. Muudab juuksed kohevamaks. Annab juustele p\u00fcsivuse ja loomuliku \u00f5hulisuse ilma staatilise elektrita. Kasutamine:\u00a0Enne kasutamist raputa. Pihusta kuivadele v\u00f5i niisketele juustele.F\u00f6\u00f6nitage vajadusel v\u00f5i kujundage vastavalt soovile.<\/p>\n","protected":false},"featured_media":13651,"comment_status":"closed","ping_status":"closed","template":"","meta":[],"product_cat":[792,728,395,680],"product_tag":[],"class_list":{"0":"post-13650","1":"product","2":"type-product","3":"status-publish","4":"has-post-thumbnail","6":"product_cat-uued-tooted","7":"product_cat-ds","8":"product_cat-juuksed","9":"product_cat-juukselakid","11":"first","12":"instock","13":"taxable","14":"shipping-taxable","15":"purchasable","16":"product-type-simple"},"_links":{"self":[{"href":"https:\/\/saxsim.ee\/swp\/wp-json\/wp\/v2\/product\/13650"}],"collection":[{"href":"https:\/\/saxsim.ee\/swp\/wp-json\/wp\/v2\/product"}],"about":[{"href":"https:\/\/saxsim.ee\/swp\/wp-json\/wp\/v2\/types\/product"}],"replies":[{"embeddable":true,"href":"https:\/\/saxsim.ee\/swp\/wp-json\/wp\/v2\/comments?post=13650"}],"wp:featuredmedia":[{"embeddable":true,"href":"https:\/\/saxsim.ee\/swp\/wp-json\/wp\/v2\/media\/13651"}],"wp:attachment":[{"href":"https:\/\/saxsim.ee\/swp\/wp-json\/wp\/v2\/media?parent=13650"}],"wp:term":[{"taxonomy":"product_cat","embeddable":true,"href":"https:\/\/saxsim.ee\/swp\/wp-json\/wp\/v2\/product_cat?post=13650"},{"taxonomy":"product_tag","embeddable":true,"href":"https:\/\/saxsim.ee\/swp\/wp-json\/wp\/v2\/product_tag?post=13650"}],"curies":[{"name":"wp","href":"https:\/\/api.w.org\/{rel}","templated":true}]}}