{"id":13648,"date":"2024-09-19T10:43:32","date_gmt":"2024-09-19T07:43:32","guid":{"rendered":"https:\/\/saxsim.ee\/swp\/?post_type=product&#038;p=13648"},"modified":"2025-07-07T07:58:45","modified_gmt":"2025-07-07T04:58:45","slug":"ds-texturizing-spray-100-ml-voluumisprei","status":"publish","type":"product","link":"https:\/\/saxsim.ee\/swp\/product\/ds-texturizing-spray-100-ml-voluumisprei\/","title":{"rendered":"DS Texturizing Spray 100 ml. &#8211; vol\u00fc\u00fcmisprei"},"content":{"rendered":"<p>L\u00f5hnavaba vol\u00fc\u00fcmisprei. Annab juustele struktuuri, vol\u00fc\u00fcmi ja\u00a0mati l\u00f5pptulemuse.\u00a0Juuksed tunduvad kohevamad ja \u00f5hulisemad.\u00a0DS Texturizing Spray abil saad kiiresti ja t\u00f5husalt kergitada juuksejuuri ning teed juuksed ja soengud kohevamaks.\u00a0Sisaldab\u00a0UV-kaitset.<\/p>\n<p>Ds Texturizing Spray on suurep\u00e4rane alustoode patside, hobusesabade ja soengute tegemisel.<\/p>\n<p><strong><u>Kasutamine:<\/u><\/strong>\u00a0Enne kasutamist raputa, kuni kuuled pudelis oleva kuuli liikumist. Pihusta juuste juurtele ja vajadusel kogu pikkusele 20-25 cm kauguselt, ning viimistle\u00a0vastavalt oma soovile. Toodet soovitatakse pihustada kuivadesse juustesse.<\/p>\n<p>DS Texturizing Spray on saadaval ka suuruses 100 ml.<\/p>\n","protected":false},"excerpt":{"rendered":"<p>L\u00f5hnavaba vol\u00fc\u00fcmisprei. Annab juustele struktuuri, vol\u00fc\u00fcmi ja\u00a0mati l\u00f5pptulemuse.\u00a0Juuksed tunduvad kohevamad ja \u00f5hulisemad.\u00a0DS Texturizing Spray abil saad kiiresti ja t\u00f5husalt kergitada juuksejuuri ning teed juuksed ja soengud kohevamaks.\u00a0Sisaldab\u00a0UV-kaitset. Ds Texturizing Spray on suurep\u00e4rane alustoode patside, hobusesabade ja soengute tegemisel. Kasutamine:\u00a0Enne kasutamist raputa, kuni kuuled pudelis oleva kuuli liikumist. Pihusta juuste juurtele ja vajadusel kogu pikkusele 20-25 [&hellip;]<\/p>\n","protected":false},"featured_media":13649,"comment_status":"closed","ping_status":"closed","template":"","meta":[],"product_cat":[792,728,395,693],"product_tag":[],"class_list":{"0":"post-13648","1":"product","2":"type-product","3":"status-publish","4":"has-post-thumbnail","6":"product_cat-uued-tooted","7":"product_cat-ds","8":"product_cat-juuksed","9":"product_cat-juurespreid","11":"first","12":"instock","13":"taxable","14":"shipping-taxable","15":"purchasable","16":"product-type-simple"},"_links":{"self":[{"href":"https:\/\/saxsim.ee\/swp\/wp-json\/wp\/v2\/product\/13648"}],"collection":[{"href":"https:\/\/saxsim.ee\/swp\/wp-json\/wp\/v2\/product"}],"about":[{"href":"https:\/\/saxsim.ee\/swp\/wp-json\/wp\/v2\/types\/product"}],"replies":[{"embeddable":true,"href":"https:\/\/saxsim.ee\/swp\/wp-json\/wp\/v2\/comments?post=13648"}],"wp:featuredmedia":[{"embeddable":true,"href":"https:\/\/saxsim.ee\/swp\/wp-json\/wp\/v2\/media\/13649"}],"wp:attachment":[{"href":"https:\/\/saxsim.ee\/swp\/wp-json\/wp\/v2\/media?parent=13648"}],"wp:term":[{"taxonomy":"product_cat","embeddable":true,"href":"https:\/\/saxsim.ee\/swp\/wp-json\/wp\/v2\/product_cat?post=13648"},{"taxonomy":"product_tag","embeddable":true,"href":"https:\/\/saxsim.ee\/swp\/wp-json\/wp\/v2\/product_tag?post=13648"}],"curies":[{"name":"wp","href":"https:\/\/api.w.org\/{rel}","templated":true}]}}