{"id":13527,"date":"2024-08-03T12:45:07","date_gmt":"2024-08-03T09:45:07","guid":{"rendered":"https:\/\/www.saxsim.ee\/?post_type=product&#038;p=13527"},"modified":"2025-07-07T07:49:46","modified_gmt":"2025-07-07T04:49:46","slug":"ds-blow-out-spray-200-ml-foonitamise-ja-modelleerimise-sprei","status":"publish","type":"product","link":"https:\/\/saxsim.ee\/swp\/product\/ds-blow-out-spray-200-ml-foonitamise-ja-modelleerimise-sprei\/","title":{"rendered":"DS Blow Out Spray 200 ml. &#8211; f\u00f6\u00f6nitamise- ja modelleerimise sprei"},"content":{"rendered":"<p>L\u00f5hnastamata f\u00f6\u00f6nitamise- ja modelleerimise sprei annab juustele elastse toe, struktuuri ja vol\u00fc\u00fcmi. <span class=\"HwtZe\" lang=\"et\"><span class=\"jCAhz ChMk0b\"><span class=\"ryNqvb\">Muudab juuksed kergesti f\u00f6\u00f6nitatavateks ja tunduvalt paksemateks.<\/span><\/span> <span class=\"jCAhz ChMk0b\"><span class=\"ryNqvb\">Sobib k\u00f5ikidele juukset\u00fc\u00fcpidele, ka \u00f5hukestele juustele. <\/span><\/span><\/span>Sisaldab kuuma-, v\u00e4rvi- ja UV-kaitset. Vegan.<\/p>\n<p><strong><u>Kasutamine:<\/u><\/strong> Pihusta \u00fchtlaselt kuivadele v\u00f5i niisketele juustele. F\u00f6\u00f6nita ja j\u00e4tkake kujundamist vastavalt soovile.<\/p>\n<p>&nbsp;<\/p>\n<p>&nbsp;<\/p>\n<p>&nbsp;<\/p>\n<p><span class=\"HwtZe\" lang=\"et\"><span class=\"jCAhz ChMk0b\"><span class=\"ryNqvb\">\u00a0<\/span><\/span><\/span><\/p>\n","protected":false},"excerpt":{"rendered":"<p>L\u00f5hnastamata f\u00f6\u00f6nitamise- ja modelleerimise sprei annab juustele elastse toe, struktuuri ja vol\u00fc\u00fcmi. Muudab juuksed kergesti f\u00f6\u00f6nitatavateks ja tunduvalt paksemateks. Sobib k\u00f5ikidele juukset\u00fc\u00fcpidele, ka \u00f5hukestele juustele. Sisaldab kuuma-, v\u00e4rvi- ja UV-kaitset. Vegan. Kasutamine: Pihusta \u00fchtlaselt kuivadele v\u00f5i niisketele juustele. F\u00f6\u00f6nita ja j\u00e4tkake kujundamist vastavalt soovile. &nbsp; &nbsp; &nbsp; \u00a0<\/p>\n","protected":false},"featured_media":13528,"comment_status":"closed","ping_status":"closed","template":"","meta":[],"product_cat":[792,728,395,686],"product_tag":[],"class_list":{"0":"post-13527","1":"product","2":"type-product","3":"status-publish","4":"has-post-thumbnail","6":"product_cat-uued-tooted","7":"product_cat-ds","8":"product_cat-juuksed","9":"product_cat-soenguvedelikud","11":"first","12":"instock","13":"taxable","14":"shipping-taxable","15":"purchasable","16":"product-type-simple"},"_links":{"self":[{"href":"https:\/\/saxsim.ee\/swp\/wp-json\/wp\/v2\/product\/13527"}],"collection":[{"href":"https:\/\/saxsim.ee\/swp\/wp-json\/wp\/v2\/product"}],"about":[{"href":"https:\/\/saxsim.ee\/swp\/wp-json\/wp\/v2\/types\/product"}],"replies":[{"embeddable":true,"href":"https:\/\/saxsim.ee\/swp\/wp-json\/wp\/v2\/comments?post=13527"}],"wp:featuredmedia":[{"embeddable":true,"href":"https:\/\/saxsim.ee\/swp\/wp-json\/wp\/v2\/media\/13528"}],"wp:attachment":[{"href":"https:\/\/saxsim.ee\/swp\/wp-json\/wp\/v2\/media?parent=13527"}],"wp:term":[{"taxonomy":"product_cat","embeddable":true,"href":"https:\/\/saxsim.ee\/swp\/wp-json\/wp\/v2\/product_cat?post=13527"},{"taxonomy":"product_tag","embeddable":true,"href":"https:\/\/saxsim.ee\/swp\/wp-json\/wp\/v2\/product_tag?post=13527"}],"curies":[{"name":"wp","href":"https:\/\/api.w.org\/{rel}","templated":true}]}}