{"id":13453,"date":"2024-07-11T11:36:48","date_gmt":"2024-07-11T08:36:48","guid":{"rendered":"https:\/\/www.saxsim.ee\/?post_type=product&#038;p=13453"},"modified":"2024-08-19T13:00:22","modified_gmt":"2024-08-19T10:00:22","slug":"profiline-nerzol-shampoo-5000-ml-sampoon","status":"publish","type":"product","link":"https:\/\/saxsim.ee\/swp\/product\/profiline-nerzol-shampoo-5000-ml-sampoon\/","title":{"rendered":"Profiline Nerz\u00f6l Shampoo 5000 ml. &#8211; \u0161ampoon"},"content":{"rendered":"<p>Profiline naaritsa\u00f5li \u0161ampoon stressis ja kahjustatud juustele. Juuksepind muutub siledaks, juuksed muutuvad elastseteks ja siidiselt l\u00e4ikivateks.<\/p>\n<p><strong><u>Kasutamine<\/u><\/strong><strong>: <\/strong>\u0161ampoon kanda \u00fchtlaselt niisketesse juustesse, ajada vahule, masseerida \u00f5rnalt ja loputada hoolikalt sooja veega.<\/p>\n","protected":false},"excerpt":{"rendered":"<p>Profiline naaritsa\u00f5li \u0161ampoon stressis ja kahjustatud juustele. Juuksepind muutub siledaks, juuksed muutuvad elastseteks ja siidiselt l\u00e4ikivateks. Kasutamine: \u0161ampoon kanda \u00fchtlaselt niisketesse juustesse, ajada vahule, masseerida \u00f5rnalt ja loputada hoolikalt sooja veega.<\/p>\n","protected":false},"featured_media":13454,"comment_status":"closed","ping_status":"closed","template":"","meta":[],"product_cat":[792,395,659],"product_tag":[],"class_list":{"0":"post-13453","1":"product","2":"type-product","3":"status-publish","4":"has-post-thumbnail","6":"product_cat-uued-tooted","7":"product_cat-juuksed","8":"product_cat-sampoonid","10":"first","11":"instock","12":"taxable","13":"shipping-taxable","14":"purchasable","15":"product-type-simple"},"_links":{"self":[{"href":"https:\/\/saxsim.ee\/swp\/wp-json\/wp\/v2\/product\/13453"}],"collection":[{"href":"https:\/\/saxsim.ee\/swp\/wp-json\/wp\/v2\/product"}],"about":[{"href":"https:\/\/saxsim.ee\/swp\/wp-json\/wp\/v2\/types\/product"}],"replies":[{"embeddable":true,"href":"https:\/\/saxsim.ee\/swp\/wp-json\/wp\/v2\/comments?post=13453"}],"wp:featuredmedia":[{"embeddable":true,"href":"https:\/\/saxsim.ee\/swp\/wp-json\/wp\/v2\/media\/13454"}],"wp:attachment":[{"href":"https:\/\/saxsim.ee\/swp\/wp-json\/wp\/v2\/media?parent=13453"}],"wp:term":[{"taxonomy":"product_cat","embeddable":true,"href":"https:\/\/saxsim.ee\/swp\/wp-json\/wp\/v2\/product_cat?post=13453"},{"taxonomy":"product_tag","embeddable":true,"href":"https:\/\/saxsim.ee\/swp\/wp-json\/wp\/v2\/product_tag?post=13453"}],"curies":[{"name":"wp","href":"https:\/\/api.w.org\/{rel}","templated":true}]}}