{"id":13451,"date":"2024-07-11T11:32:57","date_gmt":"2024-07-11T08:32:57","guid":{"rendered":"https:\/\/www.saxsim.ee\/?post_type=product&#038;p=13451"},"modified":"2025-07-17T08:57:53","modified_gmt":"2025-07-17T05:57:53","slug":"profiline-kristall-shampoo-5000-ml-puuviljaoli-sampoon","status":"publish","type":"product","link":"https:\/\/saxsim.ee\/swp\/product\/profiline-kristall-shampoo-5000-ml-puuviljaoli-sampoon\/","title":{"rendered":"Profiline Kristall Shampoo 5000 ml. &#8211; \u0161ampoon igap\u00e4evaseks pesuks"},"content":{"rendered":"<p>Crystal Shampoo on mahe ja nahas\u00f5bralik \u0161ampoon igap\u00e4evaseks pesuks. Juuksed muutuvad elastseteks ja siidiselt l\u00e4ikivateks.<\/p>\n<p><strong><u>Kasutamine<\/u><\/strong><strong>: <\/strong>\u0161ampoon kanda \u00fchtlaselt niisketesse juustesse, ajada vahule, masseerida \u00f5rnalt ja loputada hoolikalt sooja veega.<\/p>\n","protected":false},"excerpt":{"rendered":"<p>Crystal Shampoo on mahe ja nahas\u00f5bralik \u0161ampoon igap\u00e4evaseks pesuks. Juuksed muutuvad elastseteks ja siidiselt l\u00e4ikivateks. Kasutamine: \u0161ampoon kanda \u00fchtlaselt niisketesse juustesse, ajada vahule, masseerida \u00f5rnalt ja loputada hoolikalt sooja veega.<\/p>\n","protected":false},"featured_media":13452,"comment_status":"closed","ping_status":"closed","template":"","meta":[],"product_cat":[395,659],"product_tag":[],"class_list":{"0":"post-13451","1":"product","2":"type-product","3":"status-publish","4":"has-post-thumbnail","6":"product_cat-juuksed","7":"product_cat-sampoonid","9":"first","10":"instock","11":"taxable","12":"shipping-taxable","13":"purchasable","14":"product-type-simple"},"_links":{"self":[{"href":"https:\/\/saxsim.ee\/swp\/wp-json\/wp\/v2\/product\/13451"}],"collection":[{"href":"https:\/\/saxsim.ee\/swp\/wp-json\/wp\/v2\/product"}],"about":[{"href":"https:\/\/saxsim.ee\/swp\/wp-json\/wp\/v2\/types\/product"}],"replies":[{"embeddable":true,"href":"https:\/\/saxsim.ee\/swp\/wp-json\/wp\/v2\/comments?post=13451"}],"wp:featuredmedia":[{"embeddable":true,"href":"https:\/\/saxsim.ee\/swp\/wp-json\/wp\/v2\/media\/13452"}],"wp:attachment":[{"href":"https:\/\/saxsim.ee\/swp\/wp-json\/wp\/v2\/media?parent=13451"}],"wp:term":[{"taxonomy":"product_cat","embeddable":true,"href":"https:\/\/saxsim.ee\/swp\/wp-json\/wp\/v2\/product_cat?post=13451"},{"taxonomy":"product_tag","embeddable":true,"href":"https:\/\/saxsim.ee\/swp\/wp-json\/wp\/v2\/product_tag?post=13451"}],"curies":[{"name":"wp","href":"https:\/\/api.w.org\/{rel}","templated":true}]}}