{"id":13447,"date":"2024-07-11T11:17:10","date_gmt":"2024-07-11T08:17:10","guid":{"rendered":"https:\/\/www.saxsim.ee\/?post_type=product&#038;p=13447"},"modified":"2024-08-19T13:07:38","modified_gmt":"2024-08-19T10:07:38","slug":"rondo-multivitamin-shampoo-5000-ml-multivitamiini-sampoon","status":"publish","type":"product","link":"https:\/\/saxsim.ee\/swp\/product\/rondo-multivitamin-shampoo-5000-ml-multivitamiini-sampoon\/","title":{"rendered":"Rondo Multivitamin Shampoo 5000 ml. &#8211; multivitamiini \u0161ampoon"},"content":{"rendered":"<p>Rondo multivitamiini kahjustatud ja stressis juuste puhastamiseks ja hooldamiseks. Valitud koostisosade kombinatsioon vitamiinide ja proteiinide kompleksiga muudab juuksed elastseteks ja annab neile ilusa l\u00e4ike.<\/p>\n<p><strong><u>Kasutamine<\/u><\/strong><strong>: <\/strong>\u0161ampoon kanda \u00fchtlaselt niisketesse juustesse, ajada vahule, masseerida \u00f5rnalt ja loputada hoolikalt sooja veega.<\/p>\n","protected":false},"excerpt":{"rendered":"<p>Rondo multivitamiini kahjustatud ja stressis juuste puhastamiseks ja hooldamiseks. Valitud koostisosade kombinatsioon vitamiinide ja proteiinide kompleksiga muudab juuksed elastseteks ja annab neile ilusa l\u00e4ike. Kasutamine: \u0161ampoon kanda \u00fchtlaselt niisketesse juustesse, ajada vahule, masseerida \u00f5rnalt ja loputada hoolikalt sooja veega.<\/p>\n","protected":false},"featured_media":13448,"comment_status":"closed","ping_status":"closed","template":"","meta":[],"product_cat":[792,395,659],"product_tag":[],"class_list":{"0":"post-13447","1":"product","2":"type-product","3":"status-publish","4":"has-post-thumbnail","6":"product_cat-uued-tooted","7":"product_cat-juuksed","8":"product_cat-sampoonid","10":"first","11":"instock","12":"taxable","13":"shipping-taxable","14":"purchasable","15":"product-type-simple"},"_links":{"self":[{"href":"https:\/\/saxsim.ee\/swp\/wp-json\/wp\/v2\/product\/13447"}],"collection":[{"href":"https:\/\/saxsim.ee\/swp\/wp-json\/wp\/v2\/product"}],"about":[{"href":"https:\/\/saxsim.ee\/swp\/wp-json\/wp\/v2\/types\/product"}],"replies":[{"embeddable":true,"href":"https:\/\/saxsim.ee\/swp\/wp-json\/wp\/v2\/comments?post=13447"}],"wp:featuredmedia":[{"embeddable":true,"href":"https:\/\/saxsim.ee\/swp\/wp-json\/wp\/v2\/media\/13448"}],"wp:attachment":[{"href":"https:\/\/saxsim.ee\/swp\/wp-json\/wp\/v2\/media?parent=13447"}],"wp:term":[{"taxonomy":"product_cat","embeddable":true,"href":"https:\/\/saxsim.ee\/swp\/wp-json\/wp\/v2\/product_cat?post=13447"},{"taxonomy":"product_tag","embeddable":true,"href":"https:\/\/saxsim.ee\/swp\/wp-json\/wp\/v2\/product_tag?post=13447"}],"curies":[{"name":"wp","href":"https:\/\/api.w.org\/{rel}","templated":true}]}}