{"id":13445,"date":"2024-07-11T11:05:25","date_gmt":"2024-07-11T08:05:25","guid":{"rendered":"https:\/\/www.saxsim.ee\/?post_type=product&#038;p=13445"},"modified":"2025-10-01T10:14:47","modified_gmt":"2025-10-01T07:14:47","slug":"rondo-fruchtol-shampoo-5000-ml-puuviljaoli-sampoon","status":"publish","type":"product","link":"https:\/\/saxsim.ee\/swp\/product\/rondo-fruchtol-shampoo-5000-ml-puuviljaoli-sampoon\/","title":{"rendered":"Rondo Frucht\u00f6l Shampoo 5000 ml. &#8211; puuvilja\u00f5li \u0161ampoon"},"content":{"rendered":"<p>RONDO puuvilja\u00f5li \u0161ampoon k\u00f5ikidele juukset\u00fc\u00fcpidele. Valitud koostisosade kombinatsioon puuvilja\u00f5lide proteiiniga annab juustele elastsuse ja s\u00e4rava l\u00e4ike.<\/p>\n<p><strong><u>Kasutamine:<\/u><\/strong> \u0161ampoon kanda \u00fchtlaselt niisketesse juustesse, ajada vahule, masseerida \u00f5rnalt ja loputada hoolikalt sooja veega.<\/p>\n","protected":false},"excerpt":{"rendered":"<p>RONDO puuvilja\u00f5li \u0161ampoon k\u00f5ikidele juukset\u00fc\u00fcpidele. Valitud koostisosade kombinatsioon puuvilja\u00f5lide proteiiniga annab juustele elastsuse ja s\u00e4rava l\u00e4ike. Kasutamine: \u0161ampoon kanda \u00fchtlaselt niisketesse juustesse, ajada vahule, masseerida \u00f5rnalt ja loputada hoolikalt sooja veega.<\/p>\n","protected":false},"featured_media":13446,"comment_status":"closed","ping_status":"closed","template":"","meta":[],"product_cat":[395,659],"product_tag":[],"class_list":{"0":"post-13445","1":"product","2":"type-product","3":"status-publish","4":"has-post-thumbnail","6":"product_cat-juuksed","7":"product_cat-sampoonid","9":"first","10":"instock","11":"taxable","12":"shipping-taxable","13":"purchasable","14":"product-type-simple"},"_links":{"self":[{"href":"https:\/\/saxsim.ee\/swp\/wp-json\/wp\/v2\/product\/13445"}],"collection":[{"href":"https:\/\/saxsim.ee\/swp\/wp-json\/wp\/v2\/product"}],"about":[{"href":"https:\/\/saxsim.ee\/swp\/wp-json\/wp\/v2\/types\/product"}],"replies":[{"embeddable":true,"href":"https:\/\/saxsim.ee\/swp\/wp-json\/wp\/v2\/comments?post=13445"}],"wp:featuredmedia":[{"embeddable":true,"href":"https:\/\/saxsim.ee\/swp\/wp-json\/wp\/v2\/media\/13446"}],"wp:attachment":[{"href":"https:\/\/saxsim.ee\/swp\/wp-json\/wp\/v2\/media?parent=13445"}],"wp:term":[{"taxonomy":"product_cat","embeddable":true,"href":"https:\/\/saxsim.ee\/swp\/wp-json\/wp\/v2\/product_cat?post=13445"},{"taxonomy":"product_tag","embeddable":true,"href":"https:\/\/saxsim.ee\/swp\/wp-json\/wp\/v2\/product_tag?post=13445"}],"curies":[{"name":"wp","href":"https:\/\/api.w.org\/{rel}","templated":true}]}}