{"id":13442,"date":"2024-07-11T10:46:03","date_gmt":"2024-07-11T07:46:03","guid":{"rendered":"https:\/\/www.saxsim.ee\/?post_type=product&#038;p=13442"},"modified":"2025-10-01T10:14:02","modified_gmt":"2025-10-01T07:14:02","slug":"panasonic-er-dgp86-blade-juukseloikusmasina-tera","status":"publish","type":"product","link":"https:\/\/saxsim.ee\/swp\/product\/panasonic-er-dgp86-blade-juukseloikusmasina-tera\/","title":{"rendered":"Panasonic ER-DGP86 Blade &#8211; juuksel\u00f5ikusmasina tera"},"content":{"rendered":"<p>Keraamiline l\u00f5ikustera, mis sobib juuksel\u00f5ikusmasinatele: Panasonic ER-DGP86<\/p>\n<p>Tera laius &#8211;\u00a0 45,0 mm.<\/p>\n<p>Reguleeritav tera k\u00f5rgus &#8211; 0,8\u20132,0 mm.<\/p>\n","protected":false},"excerpt":{"rendered":"<h4><\/h4>\n","protected":false},"featured_media":0,"comment_status":"closed","ping_status":"closed","template":"","meta":[],"product_cat":[401,278],"product_tag":[],"class_list":{"0":"post-13442","1":"product","2":"type-product","3":"status-publish","5":"product_cat-juuksuri-tarvikud","6":"product_cat-varuosad","8":"first","9":"instock","10":"taxable","11":"shipping-taxable","12":"purchasable","13":"product-type-simple"},"_links":{"self":[{"href":"https:\/\/saxsim.ee\/swp\/wp-json\/wp\/v2\/product\/13442"}],"collection":[{"href":"https:\/\/saxsim.ee\/swp\/wp-json\/wp\/v2\/product"}],"about":[{"href":"https:\/\/saxsim.ee\/swp\/wp-json\/wp\/v2\/types\/product"}],"replies":[{"embeddable":true,"href":"https:\/\/saxsim.ee\/swp\/wp-json\/wp\/v2\/comments?post=13442"}],"wp:attachment":[{"href":"https:\/\/saxsim.ee\/swp\/wp-json\/wp\/v2\/media?parent=13442"}],"wp:term":[{"taxonomy":"product_cat","embeddable":true,"href":"https:\/\/saxsim.ee\/swp\/wp-json\/wp\/v2\/product_cat?post=13442"},{"taxonomy":"product_tag","embeddable":true,"href":"https:\/\/saxsim.ee\/swp\/wp-json\/wp\/v2\/product_tag?post=13442"}],"curies":[{"name":"wp","href":"https:\/\/api.w.org\/{rel}","templated":true}]}}