{"id":13441,"date":"2024-07-11T10:30:22","date_gmt":"2024-07-11T07:30:22","guid":{"rendered":"https:\/\/www.saxsim.ee\/?post_type=product&#038;p=13441"},"modified":"2026-02-16T18:43:23","modified_gmt":"2026-02-16T16:43:23","slug":"panasonic-er-dgp74-juukseloikusmasin","status":"publish","type":"product","link":"https:\/\/saxsim.ee\/swp\/product\/panasonic-er-dgp74-juukseloikusmasin\/","title":{"rendered":"Panasonic ER-DGP74 &#8211; juuksel\u00f5ikusmasin"},"content":{"rendered":"<p>Panasonic ER-DGP74 on Panasonic ER-DGP72 t\u00e4iustatum mudel.<br \/>\nErgonoomilise kujuga, vaikne, juhtmega\/juhtmeta, v\u00f5imsa lineaarmootoriga juuksel\u00f5ikusmasin n\u00f5udlikule professionaalile. Ergonoomiline disain tagab 7,5% kaalulanguse v\u00f5rreldes ER-DGP72-ga ning pehmed kummeeritud pinnad tagavad maksimaalse mugavuse. Eelmine mudel j\u00e4\u00e4b varju ka l\u00f5ikej\u00f5udluse poolest: ER-DGP74 l\u00f5ikab 17% rohkem juukseid sekundis. <span class=\"HwtZe\" lang=\"et\"><span class=\"jCAhz JxVs2d ChMk0b\"><span class=\"ryNqvb\">V\u00f5imas liitiumioonaku hoiab peaaegu t\u00e4ielikult \u00e4ra aku sagedase laadimise korral j\u00e4rkj\u00e4rgulise j\u00f5udluse v\u00e4henemise (=m\u00e4luefekt). <\/span><\/span><span class=\"jCAhz JxVs2d ChMk0b\"><span class=\"ryNqvb\">S\u00fcsinikkiust ja titaaniga kaetud x-taper Blade 2.0 l\u00f5iketera, mille l\u00f5ikenurk on 45\u00b0, v\u00f5imaldab \u017eiletiteravat ja \u00fclit\u00e4pset l\u00f5iget nii kuivade, kui ka niiskete juuste l\u00f5ikamisel. <\/span><\/span><span class=\"jCAhz JxVs2d ChMk0b\"><span class=\"ryNqvb\">Teise p\u00f5lvkonna s\u00fcsinikkattega l\u00f5ikustera iseloomustab veelgi k\u00f5rgem k\u00f5vadus.<\/span><\/span><\/span><\/p>\n<p><strong>Tehnilised andmed:<\/strong><br \/>\n100\u2013240 V<br \/>\nakutoitel t\u00f6\u00f6tab &#8211; 50 min.<br \/>\naku laadimisaeg &#8211; 60 min.<br \/>\nl\u00f5iketera pikkuse reguleerimine (0,8 &#8211; 2 mm.)<br \/>\nkaal &#8211; 245 g.<br \/>\njuhe &#8211; 3 m.<br \/>\nindikaatortuled\u00a0aku laetusastme kuvamiseks<\/p>\n<p><strong>Komplektis:<\/strong><br \/>\n1 titaankattega\u00a0X-taper Blade 2.0 l\u00f5ikustera ( laius-45 mm. )<br \/>\n3 erinevat l\u00f5ikustalda ( 3\/4 mm., 6\/9 mm., 12\/15 mm. )<br \/>\nlaadimisalus koos juhtmega<br \/>\npuhastushari<br \/>\nmasina\u00f5li<br \/>\nveluur kott<\/p>\n","protected":false},"excerpt":{"rendered":"<p>Panasonic ER-DGP74 on Panasonic ER-DGP72 t\u00e4iustatum mudel. Ergonoomilise kujuga, vaikne, juhtmega\/juhtmeta, v\u00f5imsa lineaarmootoriga juuksel\u00f5ikusmasin n\u00f5udlikule professionaalile. Ergonoomiline disain tagab 7,5% kaalulanguse v\u00f5rreldes ER-DGP72-ga ning pehmed kummeeritud pinnad tagavad maksimaalse mugavuse. Eelmine mudel j\u00e4\u00e4b varju ka l\u00f5ikej\u00f5udluse poolest: ER-DGP74 l\u00f5ikab 17% rohkem juukseid sekundis. V\u00f5imas liitiumioonaku hoiab peaaegu t\u00e4ielikult \u00e4ra aku sagedase laadimise korral j\u00e4rkj\u00e4rgulise j\u00f5udluse [&hellip;]<\/p>\n","protected":false},"featured_media":13462,"comment_status":"closed","ping_status":"closed","template":"","meta":[],"product_cat":[669,401,280,286],"product_tag":[],"class_list":{"0":"post-13441","1":"product","2":"type-product","3":"status-publish","4":"has-post-thumbnail","6":"product_cat-panasonic","7":"product_cat-juuksuri-tarvikud","8":"product_cat-elektrilised-toovahendid","9":"product_cat-loikusmasinad-ja-trimmerid","11":"first","12":"instock","13":"taxable","14":"shipping-taxable","15":"purchasable","16":"product-type-simple"},"_links":{"self":[{"href":"https:\/\/saxsim.ee\/swp\/wp-json\/wp\/v2\/product\/13441"}],"collection":[{"href":"https:\/\/saxsim.ee\/swp\/wp-json\/wp\/v2\/product"}],"about":[{"href":"https:\/\/saxsim.ee\/swp\/wp-json\/wp\/v2\/types\/product"}],"replies":[{"embeddable":true,"href":"https:\/\/saxsim.ee\/swp\/wp-json\/wp\/v2\/comments?post=13441"}],"wp:featuredmedia":[{"embeddable":true,"href":"https:\/\/saxsim.ee\/swp\/wp-json\/wp\/v2\/media\/13462"}],"wp:attachment":[{"href":"https:\/\/saxsim.ee\/swp\/wp-json\/wp\/v2\/media?parent=13441"}],"wp:term":[{"taxonomy":"product_cat","embeddable":true,"href":"https:\/\/saxsim.ee\/swp\/wp-json\/wp\/v2\/product_cat?post=13441"},{"taxonomy":"product_tag","embeddable":true,"href":"https:\/\/saxsim.ee\/swp\/wp-json\/wp\/v2\/product_tag?post=13441"}],"curies":[{"name":"wp","href":"https:\/\/api.w.org\/{rel}","templated":true}]}}