{"id":13439,"date":"2024-07-10T20:44:11","date_gmt":"2024-07-10T17:44:11","guid":{"rendered":"https:\/\/www.saxsim.ee\/?post_type=product&#038;p=13439"},"modified":"2026-02-16T18:46:03","modified_gmt":"2026-02-16T16:46:03","slug":"panasonic-er-dgp90-profi-juukseloikusmasin","status":"publish","type":"product","link":"https:\/\/saxsim.ee\/swp\/product\/panasonic-er-dgp90-profi-juukseloikusmasin\/","title":{"rendered":"Panasonic ER-DGP90 Profi &#8211; juuksel\u00f5ikusmasin"},"content":{"rendered":"<p>V\u00f5imsa, uue lineaarmootoriga, vaikne, juhtmega\/juhtmeta juuksel\u00f5ikusmasin n\u00f5udlikule professionaalile. Panasonicu patenteeritud \u00fclemaailmselt ainulaadne lineaarmootori tehnoloogia t\u00f6\u00f6tab magnetilise levitatsiooni p\u00f5him\u00f5ttel: v\u00f5imsus kandub mootorilt l\u00f5iketerale h\u00f5\u00f5rdumiseta. Geniaalne eelis: ER-DGP90 l\u00f5ikab alati p\u00fcsiva v\u00f5imsusega, t\u00e4iesti s\u00f5ltumatult aku laetuse tasemest. Constant Control tagab \u00fchtlase l\u00f5iketulemuse s\u00f5ltumata juuste tihedusest. Tavaliste juuksel\u00f5ikusmasinatega v\u00e4heneb l\u00f5iketera kiirus, kui juuste tihedus suureneb, l\u00f5ikamise j\u00f5udlus v\u00e4heneb. ER-DGP90 puhul j\u00e4\u00e4b tera kiirus alati muutumatuks, et saavutada iga juuksekarva l\u00f5ikamisel t\u00e4pne tulemus. Seade on ergonoomiliselt vormitud ja k\u00e4epide on libisemisvastase kattega, mis tagab kindla haarde.<\/p>\n<p><strong>Tehnilised andmed:<\/strong><\/p>\n<p>100\u2013240 V<br \/>\nv\u00f5imas lineaarmootor 2.0<br \/>\nLi-Ion aku 3,6 V<br \/>\nindikaatortuled\u00a0aku laetusastme kuvamiseks<br \/>\nakutoitel t\u00f6\u00f6tab &#8211; 150 min.<br \/>\naku laadimisaeg &#8211; 120 min.<br \/>\nl\u00f5iketera pikkuse reguleerimine (0,8 &#8211; 2,0 mm.)<br \/>\nkaal &#8211; 255 g. ( ilma juhtmeta )<br \/>\njuhe &#8211; 3 m.<\/p>\n<p><strong>Komplektis:<\/strong><br \/>\nS\u00fcsinikkiust ja titaaniga kaetud X-taper Blade 2.0 tera ( laius &#8211; 45 mm. )<br \/>\n4 erinevat l\u00f5ikustalda ( 3\/4 mm., 6\/9 mm., 12\/15 mm. ja 19\/25 mm. )<br \/>\nl\u00f5ikustaldade hoidmise alus<br \/>\nlaadimisalus koos juhtmega<br \/>\npuhastushari<br \/>\nmasina\u00f5li<br \/>\nveluur kott<\/p>\n","protected":false},"excerpt":{"rendered":"<p>V\u00f5imsa, uue lineaarmootoriga, vaikne, juhtmega\/juhtmeta juuksel\u00f5ikusmasin n\u00f5udlikule professionaalile. Panasonicu patenteeritud \u00fclemaailmselt ainulaadne lineaarmootori tehnoloogia t\u00f6\u00f6tab magnetilise levitatsiooni p\u00f5him\u00f5ttel: v\u00f5imsus kandub mootorilt l\u00f5iketerale h\u00f5\u00f5rdumiseta. Geniaalne eelis: ER-DGP90 l\u00f5ikab alati p\u00fcsiva v\u00f5imsusega, t\u00e4iesti s\u00f5ltumatult aku laetuse tasemest. Constant Control tagab \u00fchtlase l\u00f5iketulemuse s\u00f5ltumata juuste tihedusest. Tavaliste juuksel\u00f5ikusmasinatega v\u00e4heneb l\u00f5iketera kiirus, kui juuste tihedus suureneb, l\u00f5ikamise j\u00f5udlus v\u00e4heneb. [&hellip;]<\/p>\n","protected":false},"featured_media":13460,"comment_status":"closed","ping_status":"closed","template":"","meta":[],"product_cat":[669,401,280,286],"product_tag":[],"class_list":{"0":"post-13439","1":"product","2":"type-product","3":"status-publish","4":"has-post-thumbnail","6":"product_cat-panasonic","7":"product_cat-juuksuri-tarvikud","8":"product_cat-elektrilised-toovahendid","9":"product_cat-loikusmasinad-ja-trimmerid","11":"first","12":"instock","13":"taxable","14":"shipping-taxable","15":"purchasable","16":"product-type-simple"},"_links":{"self":[{"href":"https:\/\/saxsim.ee\/swp\/wp-json\/wp\/v2\/product\/13439"}],"collection":[{"href":"https:\/\/saxsim.ee\/swp\/wp-json\/wp\/v2\/product"}],"about":[{"href":"https:\/\/saxsim.ee\/swp\/wp-json\/wp\/v2\/types\/product"}],"replies":[{"embeddable":true,"href":"https:\/\/saxsim.ee\/swp\/wp-json\/wp\/v2\/comments?post=13439"}],"wp:featuredmedia":[{"embeddable":true,"href":"https:\/\/saxsim.ee\/swp\/wp-json\/wp\/v2\/media\/13460"}],"wp:attachment":[{"href":"https:\/\/saxsim.ee\/swp\/wp-json\/wp\/v2\/media?parent=13439"}],"wp:term":[{"taxonomy":"product_cat","embeddable":true,"href":"https:\/\/saxsim.ee\/swp\/wp-json\/wp\/v2\/product_cat?post=13439"},{"taxonomy":"product_tag","embeddable":true,"href":"https:\/\/saxsim.ee\/swp\/wp-json\/wp\/v2\/product_tag?post=13439"}],"curies":[{"name":"wp","href":"https:\/\/api.w.org\/{rel}","templated":true}]}}