{"id":13419,"date":"2024-07-07T17:30:05","date_gmt":"2024-07-07T14:30:05","guid":{"rendered":"https:\/\/www.saxsim.ee\/?post_type=product&#038;p=13419"},"modified":"2024-07-07T18:39:14","modified_gmt":"2024-07-07T15:39:14","slug":"jrl-premium-double-hair-beard-brush-kahepoolne-juuksehari","status":"publish","type":"product","link":"https:\/\/saxsim.ee\/swp\/product\/jrl-premium-double-hair-beard-brush-kahepoolne-juuksehari\/","title":{"rendered":"JRL Premium Double Hair &amp; Beard Brush &#8211; kahepoolne juuksehari"},"content":{"rendered":"<p>JRL-i uus puidust hari sobib suurep\u00e4raselt k\u00f5ikidele juuste- ja habemet\u00fc\u00fcpidele.<br \/>\n\u00dchel k\u00fcljel on 100% esmaklassilised metssea harjased, mis sobivad h\u00e4sti \u00f5lide jaotamiseks. Teisel k\u00fcljel on pehmest s\u00fcnteetilisest materjalist harjased, mis sobivad ideaalselt tundliku peanahaga inimestele. S\u00fcnteetilised harjased v\u00e4hendavad juuste katkemise ohtu.<\/p>\n","protected":false},"excerpt":{"rendered":"<p>JRL-i uus puidust hari sobib suurep\u00e4raselt k\u00f5ikidele juuste- ja habemet\u00fc\u00fcpidele. \u00dchel k\u00fcljel on 100% esmaklassilised metssea harjased, mis sobivad h\u00e4sti \u00f5lide jaotamiseks. Teisel k\u00fcljel on pehmest s\u00fcnteetilisest materjalist harjased, mis sobivad ideaalselt tundliku peanahaga inimestele. S\u00fcnteetilised harjased v\u00e4hendavad juuste katkemise ohtu.<\/p>\n","protected":false},"featured_media":13420,"comment_status":"closed","ping_status":"closed","template":"","meta":[],"product_cat":[792,712,401,172,397],"product_tag":[],"class_list":{"0":"post-13419","1":"product","2":"type-product","3":"status-publish","4":"has-post-thumbnail","6":"product_cat-uued-tooted","7":"product_cat-jrl-professional","8":"product_cat-juuksuri-tarvikud","9":"product_cat-juukseharjad","10":"product_cat-lapikud-juukseharjad","12":"first","13":"instock","14":"taxable","15":"shipping-taxable","16":"purchasable","17":"product-type-simple"},"_links":{"self":[{"href":"https:\/\/saxsim.ee\/swp\/wp-json\/wp\/v2\/product\/13419"}],"collection":[{"href":"https:\/\/saxsim.ee\/swp\/wp-json\/wp\/v2\/product"}],"about":[{"href":"https:\/\/saxsim.ee\/swp\/wp-json\/wp\/v2\/types\/product"}],"replies":[{"embeddable":true,"href":"https:\/\/saxsim.ee\/swp\/wp-json\/wp\/v2\/comments?post=13419"}],"wp:featuredmedia":[{"embeddable":true,"href":"https:\/\/saxsim.ee\/swp\/wp-json\/wp\/v2\/media\/13420"}],"wp:attachment":[{"href":"https:\/\/saxsim.ee\/swp\/wp-json\/wp\/v2\/media?parent=13419"}],"wp:term":[{"taxonomy":"product_cat","embeddable":true,"href":"https:\/\/saxsim.ee\/swp\/wp-json\/wp\/v2\/product_cat?post=13419"},{"taxonomy":"product_tag","embeddable":true,"href":"https:\/\/saxsim.ee\/swp\/wp-json\/wp\/v2\/product_tag?post=13419"}],"curies":[{"name":"wp","href":"https:\/\/api.w.org\/{rel}","templated":true}]}}