{"id":13417,"date":"2024-07-07T17:08:31","date_gmt":"2024-07-07T14:08:31","guid":{"rendered":"https:\/\/www.saxsim.ee\/?post_type=product&#038;p=13417"},"modified":"2024-07-07T17:27:40","modified_gmt":"2024-07-07T14:27:40","slug":"olivia-garden-essential-blowout-classic-45-mm-rullhari","status":"publish","type":"product","link":"https:\/\/saxsim.ee\/swp\/product\/olivia-garden-essential-blowout-classic-45-mm-rullhari\/","title":{"rendered":"Olivia Garden Essential Blowout Classic 45 mm &#8211; rullhari"},"content":{"rendered":"<p>Endise OG ProThermal seeria asemel.<\/p>\n<p>Olivia Garden Essential Blowout Classic on juuksehari, mis v\u00e4hendab kuivatamise aega ja parandab stiiliseerimise tulemusi.<br \/>\n&#8211; suuremad avad kiiremaks kuivatamiseks<br \/>\n&#8211; rullharja soojust juhtiv pind lihtsustab stiiliseerimist<br \/>\n&#8211; t\u00e4iuslikult tasakaalustatud k\u00e4epide v\u00e4hendab randme v\u00e4simust<br \/>\n&#8211; &#8220;Sure Grip&#8221; mittelibisev k\u00e4epideme pind<br \/>\n&#8211; sile k\u00e4epide v\u00e4ldib juuste sikutamist<br \/>\n&#8211; k\u00e4epideme sees on plastikust n\u00f5el, mida saab \u00fcmberp\u00f6\u00f6ratult kasutada abivahendina jaotuste tegemiseks<br \/>\n&#8211; antistaatilised, k\u00f5rge kuumakindlusega harjased<\/p>\n","protected":false},"excerpt":{"rendered":"<p>Endise OG ProThermal seeria asemel. Olivia Garden Essential Blowout Classic on juuksehari, mis v\u00e4hendab kuivatamise aega ja parandab stiiliseerimise tulemusi. &#8211; suuremad avad kiiremaks kuivatamiseks &#8211; rullharja soojust juhtiv pind lihtsustab stiiliseerimist &#8211; t\u00e4iuslikult tasakaalustatud k\u00e4epide v\u00e4hendab randme v\u00e4simust &#8211; &#8220;Sure Grip&#8221; mittelibisev k\u00e4epideme pind &#8211; sile k\u00e4epide v\u00e4ldib juuste sikutamist &#8211; k\u00e4epideme sees on [&hellip;]<\/p>\n","protected":false},"featured_media":13418,"comment_status":"closed","ping_status":"closed","template":"","meta":[],"product_cat":[792,722,401,172,377],"product_tag":[],"class_list":{"0":"post-13417","1":"product","2":"type-product","3":"status-publish","4":"has-post-thumbnail","6":"product_cat-uued-tooted","7":"product_cat-olivia-garden","8":"product_cat-juuksuri-tarvikud","9":"product_cat-juukseharjad","10":"product_cat-rullharjad","12":"first","13":"instock","14":"taxable","15":"shipping-taxable","16":"purchasable","17":"product-type-simple"},"_links":{"self":[{"href":"https:\/\/saxsim.ee\/swp\/wp-json\/wp\/v2\/product\/13417"}],"collection":[{"href":"https:\/\/saxsim.ee\/swp\/wp-json\/wp\/v2\/product"}],"about":[{"href":"https:\/\/saxsim.ee\/swp\/wp-json\/wp\/v2\/types\/product"}],"replies":[{"embeddable":true,"href":"https:\/\/saxsim.ee\/swp\/wp-json\/wp\/v2\/comments?post=13417"}],"wp:featuredmedia":[{"embeddable":true,"href":"https:\/\/saxsim.ee\/swp\/wp-json\/wp\/v2\/media\/13418"}],"wp:attachment":[{"href":"https:\/\/saxsim.ee\/swp\/wp-json\/wp\/v2\/media?parent=13417"}],"wp:term":[{"taxonomy":"product_cat","embeddable":true,"href":"https:\/\/saxsim.ee\/swp\/wp-json\/wp\/v2\/product_cat?post=13417"},{"taxonomy":"product_tag","embeddable":true,"href":"https:\/\/saxsim.ee\/swp\/wp-json\/wp\/v2\/product_tag?post=13417"}],"curies":[{"name":"wp","href":"https:\/\/api.w.org\/{rel}","templated":true}]}}