{"id":13400,"date":"2024-07-04T11:38:07","date_gmt":"2024-07-04T08:38:07","guid":{"rendered":"https:\/\/www.saxsim.ee\/?post_type=product&#038;p=13400"},"modified":"2025-07-08T10:16:08","modified_gmt":"2025-07-08T07:16:08","slug":"olivia-garden-finger-brush-m-mint-juuksehari","status":"publish","type":"product","link":"https:\/\/saxsim.ee\/swp\/product\/olivia-garden-finger-brush-m-mint-juuksehari\/","title":{"rendered":"Olivia Garden Finger Brush M, Mint &#8211; juuksehari"},"content":{"rendered":"<p>Ioonidega laetud nailon- ja 100% metsseaharjastega f\u00f6\u00f6nihari. OG juukseharjal on spetsiaalne kumer disain ja ergonoomiline k\u00e4epide, mille sees on plastikust sektsioonin\u00f5el.<\/p>\n<p>&nbsp;<\/p>\n<p>&nbsp;<\/p>\n<p>&nbsp;<\/p>\n","protected":false},"excerpt":{"rendered":"<p>Ioonidega laetud nailon- ja 100% metsseaharjastega f\u00f6\u00f6nihari. OG juukseharjal on spetsiaalne kumer disain ja ergonoomiline k\u00e4epide, mille sees on plastikust sektsioonin\u00f5el. &nbsp; &nbsp; &nbsp;<\/p>\n","protected":false},"featured_media":13401,"comment_status":"closed","ping_status":"closed","template":"","meta":[],"product_cat":[792,722,401,172,397],"product_tag":[],"class_list":{"0":"post-13400","1":"product","2":"type-product","3":"status-publish","4":"has-post-thumbnail","6":"product_cat-uued-tooted","7":"product_cat-olivia-garden","8":"product_cat-juuksuri-tarvikud","9":"product_cat-juukseharjad","10":"product_cat-lapikud-juukseharjad","12":"first","13":"instock","14":"taxable","15":"shipping-taxable","16":"purchasable","17":"product-type-simple"},"_links":{"self":[{"href":"https:\/\/saxsim.ee\/swp\/wp-json\/wp\/v2\/product\/13400"}],"collection":[{"href":"https:\/\/saxsim.ee\/swp\/wp-json\/wp\/v2\/product"}],"about":[{"href":"https:\/\/saxsim.ee\/swp\/wp-json\/wp\/v2\/types\/product"}],"replies":[{"embeddable":true,"href":"https:\/\/saxsim.ee\/swp\/wp-json\/wp\/v2\/comments?post=13400"}],"wp:featuredmedia":[{"embeddable":true,"href":"https:\/\/saxsim.ee\/swp\/wp-json\/wp\/v2\/media\/13401"}],"wp:attachment":[{"href":"https:\/\/saxsim.ee\/swp\/wp-json\/wp\/v2\/media?parent=13400"}],"wp:term":[{"taxonomy":"product_cat","embeddable":true,"href":"https:\/\/saxsim.ee\/swp\/wp-json\/wp\/v2\/product_cat?post=13400"},{"taxonomy":"product_tag","embeddable":true,"href":"https:\/\/saxsim.ee\/swp\/wp-json\/wp\/v2\/product_tag?post=13400"}],"curies":[{"name":"wp","href":"https:\/\/api.w.org\/{rel}","templated":true}]}}