{"id":13395,"date":"2024-07-04T10:57:08","date_gmt":"2024-07-04T07:57:08","guid":{"rendered":"https:\/\/www.saxsim.ee\/?post_type=product&#038;p=13395"},"modified":"2024-07-04T11:10:36","modified_gmt":"2024-07-04T08:10:36","slug":"barber-comb-set-loikuskammide-komplekt","status":"publish","type":"product","link":"https:\/\/saxsim.ee\/swp\/product\/barber-comb-set-loikuskammide-komplekt\/","title":{"rendered":"Barber Comb Set &#8211; l\u00f5ikuskammide komplekt"},"content":{"rendered":"<p>L\u00f5ikuskammide komplekt sisaldab nelja s\u00fcsinikkiust kammi. Kammidel on jaotuspea disain, libisemisvastane k\u00e4epide, patenteeritud peened hambad, ning nad on kuuma- ja kemikaalidekindlad.<\/p>\n<p><strong>Komplekt sisaldab:<\/strong><br \/>\n&#8211; L\u00f5ikuskamm 7,4&#8243; ( 18,80 cm. )<br \/>\n&#8211; T\u00e4pne l\u00f5ikuskamm 8,6&#8243; ( 21,84 cm. )<br \/>\n&#8211; L\u00f5ikuskamm 9,4&#8243; ( 23,88 cm. )<br \/>\n&#8211; Kamm 9,6&#8243; ( 24,38 cm. )<\/p>\n","protected":false},"excerpt":{"rendered":"<p>L\u00f5ikuskammide komplekt sisaldab nelja s\u00fcsinikkiust kammi. Kammidel on jaotuspea disain, libisemisvastane k\u00e4epide, patenteeritud peened hambad, ning nad on kuuma- ja kemikaalidekindlad. Komplekt sisaldab: &#8211; L\u00f5ikuskamm 7,4&#8243; ( 18,80 cm. ) &#8211; T\u00e4pne l\u00f5ikuskamm 8,6&#8243; ( 21,84 cm. ) &#8211; L\u00f5ikuskamm 9,4&#8243; ( 23,88 cm. ) &#8211; Kamm 9,6&#8243; ( 24,38 cm. )<\/p>\n","protected":false},"featured_media":13396,"comment_status":"closed","ping_status":"closed","template":"","meta":[],"product_cat":[792,401,173,614],"product_tag":[],"class_list":{"0":"post-13395","1":"product","2":"type-product","3":"status-publish","4":"has-post-thumbnail","6":"product_cat-uued-tooted","7":"product_cat-juuksuri-tarvikud","8":"product_cat-kammid","9":"product_cat-muud-kammid","11":"first","12":"instock","13":"taxable","14":"shipping-taxable","15":"purchasable","16":"product-type-simple"},"_links":{"self":[{"href":"https:\/\/saxsim.ee\/swp\/wp-json\/wp\/v2\/product\/13395"}],"collection":[{"href":"https:\/\/saxsim.ee\/swp\/wp-json\/wp\/v2\/product"}],"about":[{"href":"https:\/\/saxsim.ee\/swp\/wp-json\/wp\/v2\/types\/product"}],"replies":[{"embeddable":true,"href":"https:\/\/saxsim.ee\/swp\/wp-json\/wp\/v2\/comments?post=13395"}],"wp:featuredmedia":[{"embeddable":true,"href":"https:\/\/saxsim.ee\/swp\/wp-json\/wp\/v2\/media\/13396"}],"wp:attachment":[{"href":"https:\/\/saxsim.ee\/swp\/wp-json\/wp\/v2\/media?parent=13395"}],"wp:term":[{"taxonomy":"product_cat","embeddable":true,"href":"https:\/\/saxsim.ee\/swp\/wp-json\/wp\/v2\/product_cat?post=13395"},{"taxonomy":"product_tag","embeddable":true,"href":"https:\/\/saxsim.ee\/swp\/wp-json\/wp\/v2\/product_tag?post=13395"}],"curies":[{"name":"wp","href":"https:\/\/api.w.org\/{rel}","templated":true}]}}