{"id":13360,"date":"2024-06-25T21:16:06","date_gmt":"2024-06-25T18:16:06","guid":{"rendered":"https:\/\/www.saxsim.ee\/?post_type=product&#038;p=13360"},"modified":"2025-07-29T09:41:25","modified_gmt":"2025-07-29T06:41:25","slug":"eti-pro-lite-kasifoon","status":"publish","type":"product","link":"https:\/\/saxsim.ee\/swp\/product\/eti-pro-lite-kasifoon\/","title":{"rendered":"ETI Pro Lite &#8211; k\u00e4sif\u00f6\u00f6n"},"content":{"rendered":"<p>ETI Pro Lite on v\u00f5imas ja vaikne k\u00e4sif\u00f6\u00f6n, \u200b\u200bsuure kiiruse ja -\u00f5huvooluga. Eemaldatav metallfilter muudab f\u00f6\u00f6ni \u200b\u200bpuhastamise lihtsaks.<\/p>\n<p><strong>Tehnilised andmed:<\/strong><\/p>\n<p>&#8211; \u00f5huvool &#8211; 92,5 m\u00b3\/h<br \/>\n&#8211; 2000 W<br \/>\n&#8211; 2 kiirust<br \/>\n&#8211; 4\u00a0kuumusastet<br \/>\n&#8211; k\u00fclma \u00f5huvoo nupp<br \/>\n&#8211; DC mootor<br \/>\n&#8211; kaal &#8211; 415 g<br \/>\n&#8211; juhe &#8211; 3 m<br \/>\n&#8211; 2 \u00f5husuunajat<\/p>\n<p>Tootja: Italy<\/p>\n","protected":false},"excerpt":{"rendered":"<p>ETI Pro Lite on v\u00f5imas ja vaikne k\u00e4sif\u00f6\u00f6n, \u200b\u200bsuure kiiruse ja -\u00f5huvooluga. Eemaldatav metallfilter muudab f\u00f6\u00f6ni \u200b\u200bpuhastamise lihtsaks. Tehnilised andmed: &#8211; \u00f5huvool &#8211; 92,5 m\u00b3\/h &#8211; 2000 W &#8211; 2 kiirust &#8211; 4\u00a0kuumusastet &#8211; k\u00fclma \u00f5huvoo nupp &#8211; DC mootor &#8211; kaal &#8211; 415 g &#8211; juhe &#8211; 3 m &#8211; 2 \u00f5husuunajat Tootja: Italy<\/p>\n","protected":false},"featured_media":13361,"comment_status":"closed","ping_status":"closed","template":"","meta":[],"product_cat":[792,711,401,280,285],"product_tag":[],"class_list":{"0":"post-13360","1":"product","2":"type-product","3":"status-publish","4":"has-post-thumbnail","6":"product_cat-uued-tooted","7":"product_cat-eti","8":"product_cat-juuksuri-tarvikud","9":"product_cat-elektrilised-toovahendid","10":"product_cat-kasifoonid","12":"first","13":"instock","14":"taxable","15":"shipping-taxable","16":"purchasable","17":"product-type-simple"},"_links":{"self":[{"href":"https:\/\/saxsim.ee\/swp\/wp-json\/wp\/v2\/product\/13360"}],"collection":[{"href":"https:\/\/saxsim.ee\/swp\/wp-json\/wp\/v2\/product"}],"about":[{"href":"https:\/\/saxsim.ee\/swp\/wp-json\/wp\/v2\/types\/product"}],"replies":[{"embeddable":true,"href":"https:\/\/saxsim.ee\/swp\/wp-json\/wp\/v2\/comments?post=13360"}],"wp:featuredmedia":[{"embeddable":true,"href":"https:\/\/saxsim.ee\/swp\/wp-json\/wp\/v2\/media\/13361"}],"wp:attachment":[{"href":"https:\/\/saxsim.ee\/swp\/wp-json\/wp\/v2\/media?parent=13360"}],"wp:term":[{"taxonomy":"product_cat","embeddable":true,"href":"https:\/\/saxsim.ee\/swp\/wp-json\/wp\/v2\/product_cat?post=13360"},{"taxonomy":"product_tag","embeddable":true,"href":"https:\/\/saxsim.ee\/swp\/wp-json\/wp\/v2\/product_tag?post=13360"}],"curies":[{"name":"wp","href":"https:\/\/api.w.org\/{rel}","templated":true}]}}