{"id":1334,"date":"2017-03-12T15:27:46","date_gmt":"2017-03-12T13:27:46","guid":{"rendered":"https:\/\/www.saxsim.ee\/swp\/toode\/forme-repair-mask-250-ml\/"},"modified":"2024-06-25T20:08:15","modified_gmt":"2024-06-25T17:08:15","slug":"forme-repair-mask-250-ml","status":"publish","type":"product","link":"https:\/\/saxsim.ee\/swp\/product\/forme-repair-mask-250-ml\/","title":{"rendered":"Forme Repair Mask 250 ml &#8211; taastav mask kahjustatud ja v\u00e4rvitud  juustele"},"content":{"rendered":"<p>Intensiivselt niisutav ja juuksestruktuuri taastav mask kahjustatud ja v\u00e4rvitud\u00a0 juustele. T\u00e4nu astelpajuseemne\u00f5li ravivale toimele pidurdub edasine juuste kahjustumine. J\u00e4tab juuksed l\u00e4ikivateks, siidiselt pehmeteks ja kergesti kammitavateks.<\/p>\n<p><strong>Kasutamine:<\/strong> Kanna mask pestud r\u00e4tikukuivadesse juustesse ja anna m\u00f5juda 3-15 minutit. Loputa hoolikalt.<\/p>\n<p>pH: 3,8<\/p>\n<p><span class=\"label label-primary\">Colorant free<\/span> \/ <span class=\"label label-primary\">UV filter<\/span><\/p>\n","protected":false},"excerpt":{"rendered":"<p>Intensiivselt niisutav ja juuksestruktuuri taastav mask kahjustatud ja v\u00e4rvitud\u00a0 juustele. T\u00e4nu astelpajuseemne\u00f5li ravivale toimele pidurdub edasine juuste kahjustumine. J\u00e4tab juuksed l\u00e4ikivateks, siidiselt pehmeteks ja kergesti kammitavateks. Kasutamine: Kanna mask pestud r\u00e4tikukuivadesse juustesse ja anna m\u00f5juda 3-15 minutit. Loputa hoolikalt. pH: 3,8 Colorant free \/ UV filter<\/p>\n","protected":false},"featured_media":1335,"comment_status":"closed","ping_status":"closed","template":"","meta":[],"product_cat":[107,251,758,732,395,662],"product_tag":[],"class_list":{"0":"post-1334","1":"product","2":"type-product","3":"status-publish","4":"has-post-thumbnail","6":"product_cat-pakkumised","7":"product_cat-lopumuuk","8":"product_cat-forme-lopumuuk","9":"product_cat-forme","10":"product_cat-juuksed","11":"product_cat-juuksemaskid-ja-taastavad-vahendid","13":"first","14":"outofstock","15":"sale","16":"taxable","17":"shipping-taxable","18":"purchasable","19":"product-type-simple"},"_links":{"self":[{"href":"https:\/\/saxsim.ee\/swp\/wp-json\/wp\/v2\/product\/1334"}],"collection":[{"href":"https:\/\/saxsim.ee\/swp\/wp-json\/wp\/v2\/product"}],"about":[{"href":"https:\/\/saxsim.ee\/swp\/wp-json\/wp\/v2\/types\/product"}],"replies":[{"embeddable":true,"href":"https:\/\/saxsim.ee\/swp\/wp-json\/wp\/v2\/comments?post=1334"}],"wp:featuredmedia":[{"embeddable":true,"href":"https:\/\/saxsim.ee\/swp\/wp-json\/wp\/v2\/media\/1335"}],"wp:attachment":[{"href":"https:\/\/saxsim.ee\/swp\/wp-json\/wp\/v2\/media?parent=1334"}],"wp:term":[{"taxonomy":"product_cat","embeddable":true,"href":"https:\/\/saxsim.ee\/swp\/wp-json\/wp\/v2\/product_cat?post=1334"},{"taxonomy":"product_tag","embeddable":true,"href":"https:\/\/saxsim.ee\/swp\/wp-json\/wp\/v2\/product_tag?post=1334"}],"curies":[{"name":"wp","href":"https:\/\/api.w.org\/{rel}","templated":true}]}}