{"id":13332,"date":"2024-06-18T08:10:23","date_gmt":"2024-06-18T05:10:23","guid":{"rendered":"https:\/\/www.saxsim.ee\/?post_type=product&#038;p=13332"},"modified":"2024-06-24T17:52:10","modified_gmt":"2024-06-24T14:52:10","slug":"joewell-fb-65-loikuskaarid","status":"publish","type":"product","link":"https:\/\/saxsim.ee\/swp\/product\/joewell-fb-65-loikuskaarid\/","title":{"rendered":"Joewell FB-65 &#8211; l\u00f5ikusk\u00e4\u00e4rid"},"content":{"rendered":"<p><strong>Kirjeldus:<\/strong> pikad l\u00f5ikusk\u00e4\u00e4rid<br \/>\n<strong>Materjal:<\/strong>\u00a0roostevaba sulam<br \/>\n<strong>Disainielemendid:<\/strong><br \/>\n&#8211; Semi-offset ( poolnihkes ) k\u00e4epide<br \/>\n&#8211; s\u00fcvistatud kruvis\u00fcsteem<br \/>\n&#8211; fikseeritud s\u00f5rmetugi<br \/>\n&#8211; regulaarse\u00a0suurusega s\u00f5rmeaugud<\/p>\n<p><strong>Lisatud:<\/strong><br \/>\n&#8211; Joewell k\u00e4\u00e4ri\u00f5li \u2013 1 tk.<br \/>\n&#8211; s\u00f5rmer\u00f5ngad \u2013 2 tk.<\/p>\n<p>Tootja &#8211; TOKOSHA CO., LTD, Japan<\/p>\n","protected":false},"excerpt":{"rendered":"<p>Kirjeldus: pikad l\u00f5ikusk\u00e4\u00e4rid Materjal:\u00a0roostevaba sulam Disainielemendid: &#8211; Semi-offset ( poolnihkes ) k\u00e4epide &#8211; s\u00fcvistatud kruvis\u00fcsteem &#8211; fikseeritud s\u00f5rmetugi &#8211; regulaarse\u00a0suurusega s\u00f5rmeaugud Lisatud: &#8211; Joewell k\u00e4\u00e4ri\u00f5li \u2013 1 tk. &#8211; s\u00f5rmer\u00f5ngad \u2013 2 tk. Tootja &#8211; TOKOSHA CO., LTD, Japan<\/p>\n","protected":false},"featured_media":13349,"comment_status":"closed","ping_status":"closed","template":"","meta":[],"product_cat":[792,703,401,174,276],"product_tag":[],"class_list":{"0":"post-13332","1":"product","2":"type-product","3":"status-publish","4":"has-post-thumbnail","6":"product_cat-uued-tooted","7":"product_cat-joewell","8":"product_cat-juuksuri-tarvikud","9":"product_cat-kaarid","10":"product_cat-loikuskaarid","12":"first","13":"instock","14":"taxable","15":"shipping-taxable","16":"purchasable","17":"product-type-simple"},"_links":{"self":[{"href":"https:\/\/saxsim.ee\/swp\/wp-json\/wp\/v2\/product\/13332"}],"collection":[{"href":"https:\/\/saxsim.ee\/swp\/wp-json\/wp\/v2\/product"}],"about":[{"href":"https:\/\/saxsim.ee\/swp\/wp-json\/wp\/v2\/types\/product"}],"replies":[{"embeddable":true,"href":"https:\/\/saxsim.ee\/swp\/wp-json\/wp\/v2\/comments?post=13332"}],"wp:featuredmedia":[{"embeddable":true,"href":"https:\/\/saxsim.ee\/swp\/wp-json\/wp\/v2\/media\/13349"}],"wp:attachment":[{"href":"https:\/\/saxsim.ee\/swp\/wp-json\/wp\/v2\/media?parent=13332"}],"wp:term":[{"taxonomy":"product_cat","embeddable":true,"href":"https:\/\/saxsim.ee\/swp\/wp-json\/wp\/v2\/product_cat?post=13332"},{"taxonomy":"product_tag","embeddable":true,"href":"https:\/\/saxsim.ee\/swp\/wp-json\/wp\/v2\/product_tag?post=13332"}],"curies":[{"name":"wp","href":"https:\/\/api.w.org\/{rel}","templated":true}]}}