{"id":1324,"date":"2017-03-12T15:13:18","date_gmt":"2017-03-12T13:13:18","guid":{"rendered":"https:\/\/www.saxsim.ee\/swp\/toode\/forme-volume-conditioner-250-ml\/"},"modified":"2024-06-25T20:07:45","modified_gmt":"2024-06-25T17:07:45","slug":"forme-volume-conditioner-250-ml","status":"publish","type":"product","link":"https:\/\/saxsim.ee\/swp\/product\/forme-volume-conditioner-250-ml\/","title":{"rendered":"Forme Volume Conditioner 250 ml &#8211; palsam \u00f5hukestele v\u00e4rvitud juustele"},"content":{"rendered":"<p>Vol\u00fc\u00fcmi andev palsam \u00f5hukestele v\u00e4rvitud juustele. V\u00e4rskendav kasekoore ekstrakt puhastab \u00f5rnalt peanahka ja niisutab juukseid. T\u00f5stab juukseid otse juureosalt ning j\u00e4tab nad siidiselt pehmeteks pikaks ajaks.<\/p>\n<p><strong>Kasutamine:<\/strong> Kanna palsam pestud r\u00e4tikukuivadesse juustesse ja anna m\u00f5juda 2-5 minutit. Loputa korralikult<\/p>\n<p>pH: 3,6<\/p>\n<p><span class=\"label label-primary\">Colorant free \/<\/span> <span class=\"label label-primary\">UV filter \/<\/span> <span class=\"label label-primary\">Color protection<\/span><\/p>\n","protected":false},"excerpt":{"rendered":"<p>Vol\u00fc\u00fcmi andev palsam \u00f5hukestele v\u00e4rvitud juustele. V\u00e4rskendav kasekoore ekstrakt puhastab \u00f5rnalt peanahka ja niisutab juukseid. T\u00f5stab juukseid otse juureosalt ning j\u00e4tab nad siidiselt pehmeteks pikaks ajaks. Kasutamine: Kanna palsam pestud r\u00e4tikukuivadesse juustesse ja anna m\u00f5juda 2-5 minutit. Loputa korralikult pH: 3,6 Colorant free \/ UV filter \/ Color protection<\/p>\n","protected":false},"featured_media":1325,"comment_status":"closed","ping_status":"closed","template":"","meta":[],"product_cat":[251,758,732,395,660],"product_tag":[],"class_list":{"0":"post-1324","1":"product","2":"type-product","3":"status-publish","4":"has-post-thumbnail","6":"product_cat-lopumuuk","7":"product_cat-forme-lopumuuk","8":"product_cat-forme","9":"product_cat-juuksed","10":"product_cat-palsamid","12":"first","13":"outofstock","14":"sale","15":"taxable","16":"shipping-taxable","17":"purchasable","18":"product-type-simple"},"_links":{"self":[{"href":"https:\/\/saxsim.ee\/swp\/wp-json\/wp\/v2\/product\/1324"}],"collection":[{"href":"https:\/\/saxsim.ee\/swp\/wp-json\/wp\/v2\/product"}],"about":[{"href":"https:\/\/saxsim.ee\/swp\/wp-json\/wp\/v2\/types\/product"}],"replies":[{"embeddable":true,"href":"https:\/\/saxsim.ee\/swp\/wp-json\/wp\/v2\/comments?post=1324"}],"wp:featuredmedia":[{"embeddable":true,"href":"https:\/\/saxsim.ee\/swp\/wp-json\/wp\/v2\/media\/1325"}],"wp:attachment":[{"href":"https:\/\/saxsim.ee\/swp\/wp-json\/wp\/v2\/media?parent=1324"}],"wp:term":[{"taxonomy":"product_cat","embeddable":true,"href":"https:\/\/saxsim.ee\/swp\/wp-json\/wp\/v2\/product_cat?post=1324"},{"taxonomy":"product_tag","embeddable":true,"href":"https:\/\/saxsim.ee\/swp\/wp-json\/wp\/v2\/product_tag?post=1324"}],"curies":[{"name":"wp","href":"https:\/\/api.w.org\/{rel}","templated":true}]}}