{"id":13218,"date":"2024-05-11T10:20:31","date_gmt":"2024-05-11T07:20:31","guid":{"rendered":"https:\/\/www.saxsim.ee\/?post_type=product&#038;p=13218"},"modified":"2025-07-07T07:41:53","modified_gmt":"2025-07-07T04:41:53","slug":"ds-airy-texture-spray-300-ml-tekstuurisprei","status":"publish","type":"product","link":"https:\/\/saxsim.ee\/swp\/product\/ds-airy-texture-spray-300-ml-tekstuurisprei\/","title":{"rendered":"DS Airy Texture Spray 300 ml. &#8211; tekstuurisprei"},"content":{"rendered":"<p>L\u00f5hnaineteta tekstuurisprei.<\/p>\n<p>&#8211; Sobib k\u00f5ikidele juukset\u00fc\u00fcpidele, ka \u00f5hukestele juustele.<br \/>\n&#8211; Kerge, matt tekstuur.<br \/>\n&#8211; Vegan.<br \/>\n&#8211; Valmistatud Soomes.<\/p>\n<p>Tekstuuri andev pihusti. Annab juustele loomuliku tuge ja vol\u00fc\u00fcmi. Toote abil muudate juuksed kiiresti ja vaevata kohevateks. Lisage juurtele mahu saamiseks v\u00f5i pikkustele tekstuuri lisamiseks.<\/p>\n<p><strong><u>Kasutamine:<\/u><\/strong> Enne kasutamist raputa, kuni kuuled pudelis oleva kuuli liikumist. Pihusta juuste juurtele ja vajadusel kogu pikkusele 20-25 cm kauguselt, ning viimistle\u00a0vastavalt oma soovile.<\/p>\n","protected":false},"excerpt":{"rendered":"<p>L\u00f5hnaineteta tekstuurisprei. &#8211; Sobib k\u00f5ikidele juukset\u00fc\u00fcpidele, ka \u00f5hukestele juustele. &#8211; Kerge, matt tekstuur. &#8211; Vegan. &#8211; Valmistatud Soomes. Tekstuuri andev pihusti. Annab juustele loomuliku tuge ja vol\u00fc\u00fcmi. Toote abil muudate juuksed kiiresti ja vaevata kohevateks. Lisage juurtele mahu saamiseks v\u00f5i pikkustele tekstuuri lisamiseks. Kasutamine: Enne kasutamist raputa, kuni kuuled pudelis oleva kuuli liikumist. Pihusta juuste [&hellip;]<\/p>\n","protected":false},"featured_media":13219,"comment_status":"closed","ping_status":"closed","template":"","meta":[],"product_cat":[728,395,693],"product_tag":[],"class_list":{"0":"post-13218","1":"product","2":"type-product","3":"status-publish","4":"has-post-thumbnail","6":"product_cat-ds","7":"product_cat-juuksed","8":"product_cat-juurespreid","10":"first","11":"instock","12":"taxable","13":"shipping-taxable","14":"purchasable","15":"product-type-simple"},"_links":{"self":[{"href":"https:\/\/saxsim.ee\/swp\/wp-json\/wp\/v2\/product\/13218"}],"collection":[{"href":"https:\/\/saxsim.ee\/swp\/wp-json\/wp\/v2\/product"}],"about":[{"href":"https:\/\/saxsim.ee\/swp\/wp-json\/wp\/v2\/types\/product"}],"replies":[{"embeddable":true,"href":"https:\/\/saxsim.ee\/swp\/wp-json\/wp\/v2\/comments?post=13218"}],"wp:featuredmedia":[{"embeddable":true,"href":"https:\/\/saxsim.ee\/swp\/wp-json\/wp\/v2\/media\/13219"}],"wp:attachment":[{"href":"https:\/\/saxsim.ee\/swp\/wp-json\/wp\/v2\/media?parent=13218"}],"wp:term":[{"taxonomy":"product_cat","embeddable":true,"href":"https:\/\/saxsim.ee\/swp\/wp-json\/wp\/v2\/product_cat?post=13218"},{"taxonomy":"product_tag","embeddable":true,"href":"https:\/\/saxsim.ee\/swp\/wp-json\/wp\/v2\/product_tag?post=13218"}],"curies":[{"name":"wp","href":"https:\/\/api.w.org\/{rel}","templated":true}]}}