{"id":13215,"date":"2024-05-10T11:17:53","date_gmt":"2024-05-10T08:17:53","guid":{"rendered":"https:\/\/www.saxsim.ee\/?post_type=product&#038;p=13215"},"modified":"2025-07-07T07:40:43","modified_gmt":"2025-07-07T04:40:43","slug":"ds-anti-pollen-pre-wash-200-ml-lohnaaineteta-eelpesu","status":"publish","type":"product","link":"https:\/\/saxsim.ee\/swp\/product\/ds-anti-pollen-pre-wash-200-ml-lohnaaineteta-eelpesu\/","title":{"rendered":"DS Anti-pollen Pre Wash 200 ml. &#8211; l\u00f5hnaaineteta eelpesu"},"content":{"rendered":"<p>&#8211; L\u00f5hnaaineteta eelpesu hoiab \u00e4ra \u00f5ietolmu ja \u00f5husaaste kleepumise juustele.<br \/>\n&#8211; Parandab juuste k\u00e4sitletavust.<br \/>\n&#8211; Sisaldab v\u00e4rvikaitset.<br \/>\n&#8211; Muudab juuksed siidiselt pehmeteks ja annab l\u00e4iget.<br \/>\n&#8211; J\u00e4tkub kauemaks ( kasutatakse ainult igal kuuendal juuste pesemisel ).<br \/>\n&#8211; Dermatoloogiliselt testitud tundlikul nahal.<br \/>\n&#8211; Sisaldab UV-kaitset.<br \/>\n&#8211; Vegan.<\/p>\n<p>Anti-Pollen Pre Wash sisaldab uuenduslikku hooldavat pol\u00fcmeeri N-Durhance ( INCI: Polyacryamidopropyltrimonium Chloride ), mis aktiveerub \u0161ampooniga pesemise ajal. See moodustab juuste pinnale h\u00fcdrofoobse ( vetth\u00fclgava ) kihi, mis takistab t\u00e4nava- ja \u00f5ietolmu tolmu ning \u00f5husaaste kleepumist juuste pinnale. M\u00f5ju paraneb j\u00e4rgmise viie \u0161ampoonipesuga, seega ei pea toodet kasutama iga kord, vaid igal kuuendal korral.<\/p>\n<p><strong><u>Kasutamine:<\/u><\/strong> Kasutage enne \u0161ampooniga pesemist. Kanna niisketesse juustesse, lase m\u00f5juda 2 &#8211; 5 minutit ja loputa hoolikalt. Pese juuksed\u00a0\u0161ampooniga. Palsamit pole enam vaja kasutada.<\/p>\n<p>pH: 3,8<\/p>\n","protected":false},"excerpt":{"rendered":"<p>&#8211; L\u00f5hnaaineteta eelpesu hoiab \u00e4ra \u00f5ietolmu ja \u00f5husaaste kleepumise juustele. &#8211; Parandab juuste k\u00e4sitletavust. &#8211; Sisaldab v\u00e4rvikaitset. &#8211; Muudab juuksed siidiselt pehmeteks ja annab l\u00e4iget. &#8211; J\u00e4tkub kauemaks ( kasutatakse ainult igal kuuendal juuste pesemisel ). &#8211; Dermatoloogiliselt testitud tundlikul nahal. &#8211; Sisaldab UV-kaitset. &#8211; Vegan. Anti-Pollen Pre Wash sisaldab uuenduslikku hooldavat pol\u00fcmeeri N-Durhance ( [&hellip;]<\/p>\n","protected":false},"featured_media":13216,"comment_status":"closed","ping_status":"closed","template":"","meta":[],"product_cat":[728,395,659],"product_tag":[],"class_list":{"0":"post-13215","1":"product","2":"type-product","3":"status-publish","4":"has-post-thumbnail","6":"product_cat-ds","7":"product_cat-juuksed","8":"product_cat-sampoonid","10":"first","11":"instock","12":"taxable","13":"shipping-taxable","14":"purchasable","15":"product-type-simple"},"_links":{"self":[{"href":"https:\/\/saxsim.ee\/swp\/wp-json\/wp\/v2\/product\/13215"}],"collection":[{"href":"https:\/\/saxsim.ee\/swp\/wp-json\/wp\/v2\/product"}],"about":[{"href":"https:\/\/saxsim.ee\/swp\/wp-json\/wp\/v2\/types\/product"}],"replies":[{"embeddable":true,"href":"https:\/\/saxsim.ee\/swp\/wp-json\/wp\/v2\/comments?post=13215"}],"wp:featuredmedia":[{"embeddable":true,"href":"https:\/\/saxsim.ee\/swp\/wp-json\/wp\/v2\/media\/13216"}],"wp:attachment":[{"href":"https:\/\/saxsim.ee\/swp\/wp-json\/wp\/v2\/media?parent=13215"}],"wp:term":[{"taxonomy":"product_cat","embeddable":true,"href":"https:\/\/saxsim.ee\/swp\/wp-json\/wp\/v2\/product_cat?post=13215"},{"taxonomy":"product_tag","embeddable":true,"href":"https:\/\/saxsim.ee\/swp\/wp-json\/wp\/v2\/product_tag?post=13215"}],"curies":[{"name":"wp","href":"https:\/\/api.w.org\/{rel}","templated":true}]}}