{"id":13213,"date":"2024-05-10T10:59:24","date_gmt":"2024-05-10T07:59:24","guid":{"rendered":"https:\/\/www.saxsim.ee\/?post_type=product&#038;p=13213"},"modified":"2025-07-07T07:39:09","modified_gmt":"2025-07-07T04:39:09","slug":"ds-hair-serum-75-ml-seerum-kuivadele-ja-kahjustatud-juustele","status":"publish","type":"product","link":"https:\/\/saxsim.ee\/swp\/product\/ds-hair-serum-75-ml-seerum-kuivadele-ja-kahjustatud-juustele\/","title":{"rendered":"DS Hair Serum 75 ml. &#8211; seerum kuivadele ja kahjustatud juustele"},"content":{"rendered":"<p>L\u00f5hnastamata, hooldav seerum kuivadele ja kahjustatud juustele.\u00a0Kerge koostisega seerum imendub kiiresti juustesse, muutes nad kergesti k\u00e4sitletavateks ning siidiselt pehmeteks. Juuksed muutuvad l\u00e4ikivateks ja n\u00e4evad hoolitsetud v\u00e4lja. Sobib k\u00f5ikidele juukset\u00fc\u00fcpidele ja -pikkustele. Toode on vegan ja sisaldab UV-kaitset.<\/p>\n<p><strong><u>Kasutamine:<\/u><\/strong>\u00a0Kandke\u00a0k\u00e4te abil v\u00e4ike kogus seerumit niisketesse v\u00f5i kuivadesse juustesse.\u00a0\u00c4rge loputage.<\/p>\n<p><strong>DS\u00a0 \u00a0Hair Serum on\u00a0dermatoloogiliselt\u00a0testitud tundlikul nahal.<\/strong><\/p>\n","protected":false},"excerpt":{"rendered":"<p>L\u00f5hnastamata, hooldav seerum kuivadele ja kahjustatud juustele.\u00a0Kerge koostisega seerum imendub kiiresti juustesse, muutes nad kergesti k\u00e4sitletavateks ning siidiselt pehmeteks. Juuksed muutuvad l\u00e4ikivateks ja n\u00e4evad hoolitsetud v\u00e4lja. Sobib k\u00f5ikidele juukset\u00fc\u00fcpidele ja -pikkustele. Toode on vegan ja sisaldab UV-kaitset. Kasutamine:\u00a0Kandke\u00a0k\u00e4te abil v\u00e4ike kogus seerumit niisketesse v\u00f5i kuivadesse juustesse.\u00a0\u00c4rge loputage. DS\u00a0 \u00a0Hair Serum on\u00a0dermatoloogiliselt\u00a0testitud tundlikul nahal.<\/p>\n","protected":false},"featured_media":13214,"comment_status":"closed","ping_status":"closed","template":"","meta":[],"product_cat":[792,728,395,661,663],"product_tag":[],"class_list":{"0":"post-13213","1":"product","2":"type-product","3":"status-publish","4":"has-post-thumbnail","6":"product_cat-uued-tooted","7":"product_cat-ds","8":"product_cat-juuksed","9":"product_cat-pahejaetavad-hooldusained","10":"product_cat-juukseolid-toonikud-ja-seerumid","12":"first","13":"instock","14":"taxable","15":"shipping-taxable","16":"purchasable","17":"product-type-simple"},"_links":{"self":[{"href":"https:\/\/saxsim.ee\/swp\/wp-json\/wp\/v2\/product\/13213"}],"collection":[{"href":"https:\/\/saxsim.ee\/swp\/wp-json\/wp\/v2\/product"}],"about":[{"href":"https:\/\/saxsim.ee\/swp\/wp-json\/wp\/v2\/types\/product"}],"replies":[{"embeddable":true,"href":"https:\/\/saxsim.ee\/swp\/wp-json\/wp\/v2\/comments?post=13213"}],"wp:featuredmedia":[{"embeddable":true,"href":"https:\/\/saxsim.ee\/swp\/wp-json\/wp\/v2\/media\/13214"}],"wp:attachment":[{"href":"https:\/\/saxsim.ee\/swp\/wp-json\/wp\/v2\/media?parent=13213"}],"wp:term":[{"taxonomy":"product_cat","embeddable":true,"href":"https:\/\/saxsim.ee\/swp\/wp-json\/wp\/v2\/product_cat?post=13213"},{"taxonomy":"product_tag","embeddable":true,"href":"https:\/\/saxsim.ee\/swp\/wp-json\/wp\/v2\/product_tag?post=13213"}],"curies":[{"name":"wp","href":"https:\/\/api.w.org\/{rel}","templated":true}]}}