{"id":13188,"date":"2024-04-30T07:09:32","date_gmt":"2024-04-30T04:09:32","guid":{"rendered":"https:\/\/www.saxsim.ee\/?post_type=product&#038;p=13188"},"modified":"2024-04-30T07:12:35","modified_gmt":"2024-04-30T04:12:35","slug":"joewell-classic-70-70-loikuskaarid","status":"publish","type":"product","link":"https:\/\/saxsim.ee\/swp\/product\/joewell-classic-70-70-loikuskaarid\/","title":{"rendered":"Joewell Classic 70 ( 7,0&#8243; ) &#8211; l\u00f5ikusk\u00e4\u00e4rid"},"content":{"rendered":"<p>Klassikaline Joewell`i l\u00f5ikusk\u00e4\u00e4ri mudel.<\/p>\n<p><strong>Eelised:<\/strong>\u00a0taskukohane<br \/>\n<strong>Materjal:<\/strong>\u00a0roostevaba sulam, mis sisaldab v\u00e4hem niklit (alla 0,6%)<\/p>\n<p><strong> Disainielemendid:<\/strong><br \/>\ns\u00fcmmeetrilise kujuga<br \/>\nlame, s\u00fcvistatud reguleerimiskruvi<br \/>\neemaldatav s\u00f5rmetugi<br \/>\nregulaarse suurusega s\u00f5rmeaugud<\/p>\n<p><strong>lisatud:<\/strong><br \/>\nJoewell k\u00e4\u00e4ri\u00f5li &#8211; 1 tk.<br \/>\ns\u00f5rmer\u00f5ngad &#8211; 2 tk.<\/p>\n<p>Joewell Classic k\u00e4\u00e4re on saadaval erinevas suuruses ( 4,5&#8243; kuni 7,5&#8243; ).<\/p>\n<p>Tootja &#8211; TOKOSHA CO., LTD, Japan<\/p>\n<p>&nbsp;<\/p>\n","protected":false},"excerpt":{"rendered":"<p>Klassikaline Joewell`i l\u00f5ikusk\u00e4\u00e4ri mudel. Eelised:\u00a0taskukohane Materjal:\u00a0roostevaba sulam, mis sisaldab v\u00e4hem niklit (alla 0,6%) Disainielemendid: s\u00fcmmeetrilise kujuga lame, s\u00fcvistatud reguleerimiskruvi eemaldatav s\u00f5rmetugi regulaarse suurusega s\u00f5rmeaugud lisatud: Joewell k\u00e4\u00e4ri\u00f5li &#8211; 1 tk. s\u00f5rmer\u00f5ngad &#8211; 2 tk. Joewell Classic k\u00e4\u00e4re on saadaval erinevas suuruses ( 4,5&#8243; kuni 7,5&#8243; ). Tootja &#8211; TOKOSHA CO., LTD, Japan &nbsp;<\/p>\n","protected":false},"featured_media":1621,"comment_status":"closed","ping_status":"closed","template":"","meta":[],"product_cat":[703,401,174,276],"product_tag":[],"class_list":{"0":"post-13188","1":"product","2":"type-product","3":"status-publish","4":"has-post-thumbnail","6":"product_cat-joewell","7":"product_cat-juuksuri-tarvikud","8":"product_cat-kaarid","9":"product_cat-loikuskaarid","11":"first","12":"instock","13":"taxable","14":"shipping-taxable","15":"purchasable","16":"product-type-simple"},"_links":{"self":[{"href":"https:\/\/saxsim.ee\/swp\/wp-json\/wp\/v2\/product\/13188"}],"collection":[{"href":"https:\/\/saxsim.ee\/swp\/wp-json\/wp\/v2\/product"}],"about":[{"href":"https:\/\/saxsim.ee\/swp\/wp-json\/wp\/v2\/types\/product"}],"replies":[{"embeddable":true,"href":"https:\/\/saxsim.ee\/swp\/wp-json\/wp\/v2\/comments?post=13188"}],"wp:featuredmedia":[{"embeddable":true,"href":"https:\/\/saxsim.ee\/swp\/wp-json\/wp\/v2\/media\/1621"}],"wp:attachment":[{"href":"https:\/\/saxsim.ee\/swp\/wp-json\/wp\/v2\/media?parent=13188"}],"wp:term":[{"taxonomy":"product_cat","embeddable":true,"href":"https:\/\/saxsim.ee\/swp\/wp-json\/wp\/v2\/product_cat?post=13188"},{"taxonomy":"product_tag","embeddable":true,"href":"https:\/\/saxsim.ee\/swp\/wp-json\/wp\/v2\/product_tag?post=13188"}],"curies":[{"name":"wp","href":"https:\/\/api.w.org\/{rel}","templated":true}]}}