{"id":13154,"date":"2024-04-17T09:44:21","date_gmt":"2024-04-17T06:44:21","guid":{"rendered":"https:\/\/www.saxsim.ee\/?post_type=product&#038;p=13154"},"modified":"2024-04-26T10:19:23","modified_gmt":"2024-04-26T07:19:23","slug":"aquastop-hole-cower-kasidussi-tilkumisvastane-susteem","status":"publish","type":"product","link":"https:\/\/saxsim.ee\/swp\/product\/aquastop-hole-cower-kasidussi-tilkumisvastane-susteem\/","title":{"rendered":"Aquastop Hole Cower &#8211; k\u00e4sidu\u0161\u0161i tilkumisvastane s\u00fcsteem"},"content":{"rendered":"<p>Veekindel tilkumisvastane s\u00fcsteem, mis takistab vee sattumist p\u00f5randale.<br \/>\n<strong>Du\u0161\u0161 ei kuulu komplekti!<\/strong><\/p>\n<p>&nbsp;<\/p>\n<p>&nbsp;<\/p>\n<p>&nbsp;<\/p>\n","protected":false},"excerpt":{"rendered":"<p>Veekindel tilkumisvastane s\u00fcsteem, mis takistab vee sattumist p\u00f5randale. Du\u0161\u0161 ei kuulu komplekti! &nbsp; &nbsp; &nbsp;<\/p>\n","protected":false},"featured_media":13179,"comment_status":"closed","ping_status":"closed","template":"","meta":[],"product_cat":[792,401,278],"product_tag":[],"class_list":{"0":"post-13154","1":"product","2":"type-product","3":"status-publish","4":"has-post-thumbnail","6":"product_cat-uued-tooted","7":"product_cat-juuksuri-tarvikud","8":"product_cat-varuosad","10":"first","11":"instock","12":"taxable","13":"shipping-taxable","14":"purchasable","15":"product-type-simple"},"_links":{"self":[{"href":"https:\/\/saxsim.ee\/swp\/wp-json\/wp\/v2\/product\/13154"}],"collection":[{"href":"https:\/\/saxsim.ee\/swp\/wp-json\/wp\/v2\/product"}],"about":[{"href":"https:\/\/saxsim.ee\/swp\/wp-json\/wp\/v2\/types\/product"}],"replies":[{"embeddable":true,"href":"https:\/\/saxsim.ee\/swp\/wp-json\/wp\/v2\/comments?post=13154"}],"wp:featuredmedia":[{"embeddable":true,"href":"https:\/\/saxsim.ee\/swp\/wp-json\/wp\/v2\/media\/13179"}],"wp:attachment":[{"href":"https:\/\/saxsim.ee\/swp\/wp-json\/wp\/v2\/media?parent=13154"}],"wp:term":[{"taxonomy":"product_cat","embeddable":true,"href":"https:\/\/saxsim.ee\/swp\/wp-json\/wp\/v2\/product_cat?post=13154"},{"taxonomy":"product_tag","embeddable":true,"href":"https:\/\/saxsim.ee\/swp\/wp-json\/wp\/v2\/product_tag?post=13154"}],"curies":[{"name":"wp","href":"https:\/\/api.w.org\/{rel}","templated":true}]}}