{"id":13149,"date":"2024-04-17T09:08:34","date_gmt":"2024-04-17T06:08:34","guid":{"rendered":"https:\/\/www.saxsim.ee\/?post_type=product&#038;p=13149"},"modified":"2024-05-12T16:34:27","modified_gmt":"2024-05-12T13:34:27","slug":"color-hairspray-pastel-rose-varviline-juukselakk","status":"publish","type":"product","link":"https:\/\/saxsim.ee\/swp\/product\/color-hairspray-pastel-rose-varviline-juukselakk\/","title":{"rendered":"Color Hairspray, Pastel Rose &#8211; v\u00e4rviline juukselakk"},"content":{"rendered":"<p>Pastell Rose juukselakk.<\/p>\n<p>V\u00e4rviline\u00a0juukselakk, mida on lihtne juustest v\u00e4lja pesta.<\/p>\n<p><span class=\"HwtZe\" lang=\"et\"><span class=\"jCAhz ChMk0b\"><span class=\"ryNqvb\">P\u00fcsib kuni j\u00e4rgmise juuksepesuni.<\/span><\/span><\/span><\/p>\n<p>&nbsp;<\/p>\n","protected":false},"excerpt":{"rendered":"<p>Pastell Rose juukselakk. V\u00e4rviline\u00a0juukselakk, mida on lihtne juustest v\u00e4lja pesta. P\u00fcsib kuni j\u00e4rgmise juuksepesuni. &nbsp;<\/p>\n","protected":false},"featured_media":13224,"comment_status":"closed","ping_status":"closed","template":"","meta":[],"product_cat":[792,395,371],"product_tag":[],"class_list":{"0":"post-13149","1":"product","2":"type-product","3":"status-publish","4":"has-post-thumbnail","6":"product_cat-uued-tooted","7":"product_cat-juuksed","8":"product_cat-satendavad-ja-varvilised-juukselakid","10":"first","11":"instock","12":"taxable","13":"shipping-taxable","14":"purchasable","15":"product-type-simple"},"_links":{"self":[{"href":"https:\/\/saxsim.ee\/swp\/wp-json\/wp\/v2\/product\/13149"}],"collection":[{"href":"https:\/\/saxsim.ee\/swp\/wp-json\/wp\/v2\/product"}],"about":[{"href":"https:\/\/saxsim.ee\/swp\/wp-json\/wp\/v2\/types\/product"}],"replies":[{"embeddable":true,"href":"https:\/\/saxsim.ee\/swp\/wp-json\/wp\/v2\/comments?post=13149"}],"wp:featuredmedia":[{"embeddable":true,"href":"https:\/\/saxsim.ee\/swp\/wp-json\/wp\/v2\/media\/13224"}],"wp:attachment":[{"href":"https:\/\/saxsim.ee\/swp\/wp-json\/wp\/v2\/media?parent=13149"}],"wp:term":[{"taxonomy":"product_cat","embeddable":true,"href":"https:\/\/saxsim.ee\/swp\/wp-json\/wp\/v2\/product_cat?post=13149"},{"taxonomy":"product_tag","embeddable":true,"href":"https:\/\/saxsim.ee\/swp\/wp-json\/wp\/v2\/product_tag?post=13149"}],"curies":[{"name":"wp","href":"https:\/\/api.w.org\/{rel}","templated":true}]}}