{"id":13148,"date":"2024-04-17T08:55:57","date_gmt":"2024-04-17T05:55:57","guid":{"rendered":"https:\/\/www.saxsim.ee\/?post_type=product&#038;p=13148"},"modified":"2025-07-09T09:31:23","modified_gmt":"2025-07-09T06:31:23","slug":"cutting-cape-dots-3in1-loikuslina-4","status":"publish","type":"product","link":"https:\/\/saxsim.ee\/swp\/product\/cutting-cape-dots-3in1-loikuslina-4\/","title":{"rendered":"Cutting Cape, Dots 3in1 &#8211; l\u00f5ikuslina"},"content":{"rendered":"<p>Kolme erineva kinnitusega l\u00f5ikuslina.<\/p>\n<p>Suurus &#8211; 130*148 cm.<\/p>\n<p>Kinnitus &#8211; haakidega, trukkidega, takjakinnitus<\/p>\n<p>Kaeluse max. \u00fcmberm\u00f5\u00f5t \u2013 56 cm.<\/p>\n<p>Materjal &#8211; vetth\u00fclgav, 100%\u00a0 pol\u00fcester<\/p>\n<p>K\u00e4eavadeta<\/p>\n<p><strong>Hooldus:<\/strong><\/p>\n<p>masinpesu madalal temperatuuril<\/p>\n<p>kuivatada soovitavalt n\u00f6\u00f6ril. Trummelkuivatus ainult madalatel p\u00f6\u00f6retel!<\/p>\n<p>pesemisel \u00e4rge kunagi kasutage vedelaid valgendusvahendeid!<\/p>\n<p>&nbsp;<\/p>\n","protected":false},"excerpt":{"rendered":"<p>Kolme erineva kinnitusega l\u00f5ikuslina. Suurus &#8211; 130*148 cm. Kinnitus &#8211; haakidega, trukkidega, takjakinnitus Kaeluse max. \u00fcmberm\u00f5\u00f5t \u2013 56 cm. Materjal &#8211; vetth\u00fclgav, 100%\u00a0 pol\u00fcester K\u00e4eavadeta Hooldus: masinpesu madalal temperatuuril kuivatada soovitavalt n\u00f6\u00f6ril. Trummelkuivatus ainult madalatel p\u00f6\u00f6retel! pesemisel \u00e4rge kunagi kasutage vedelaid valgendusvahendeid! &nbsp;<\/p>\n","protected":false},"featured_media":13223,"comment_status":"closed","ping_status":"closed","template":"","meta":[],"product_cat":[401,296],"product_tag":[],"class_list":{"0":"post-13148","1":"product","2":"type-product","3":"status-publish","4":"has-post-thumbnail","6":"product_cat-juuksuri-tarvikud","7":"product_cat-loikus-ja-varvilinad","9":"first","10":"instock","11":"taxable","12":"shipping-taxable","13":"purchasable","14":"product-type-simple"},"_links":{"self":[{"href":"https:\/\/saxsim.ee\/swp\/wp-json\/wp\/v2\/product\/13148"}],"collection":[{"href":"https:\/\/saxsim.ee\/swp\/wp-json\/wp\/v2\/product"}],"about":[{"href":"https:\/\/saxsim.ee\/swp\/wp-json\/wp\/v2\/types\/product"}],"replies":[{"embeddable":true,"href":"https:\/\/saxsim.ee\/swp\/wp-json\/wp\/v2\/comments?post=13148"}],"wp:featuredmedia":[{"embeddable":true,"href":"https:\/\/saxsim.ee\/swp\/wp-json\/wp\/v2\/media\/13223"}],"wp:attachment":[{"href":"https:\/\/saxsim.ee\/swp\/wp-json\/wp\/v2\/media?parent=13148"}],"wp:term":[{"taxonomy":"product_cat","embeddable":true,"href":"https:\/\/saxsim.ee\/swp\/wp-json\/wp\/v2\/product_cat?post=13148"},{"taxonomy":"product_tag","embeddable":true,"href":"https:\/\/saxsim.ee\/swp\/wp-json\/wp\/v2\/product_tag?post=13148"}],"curies":[{"name":"wp","href":"https:\/\/api.w.org\/{rel}","templated":true}]}}