{"id":13147,"date":"2024-04-17T06:17:19","date_gmt":"2024-04-17T03:17:19","guid":{"rendered":"https:\/\/www.saxsim.ee\/?post_type=product&#038;p=13147"},"modified":"2024-05-12T14:45:36","modified_gmt":"2024-05-12T11:45:36","slug":"application-bottle-rinse-500-ml-aplikaatorpudel","status":"publish","type":"product","link":"https:\/\/saxsim.ee\/swp\/product\/application-bottle-rinse-500-ml-aplikaatorpudel\/","title":{"rendered":"Application Bottle Rinse 500 ml. &#8211; aplikaatorpudel"},"content":{"rendered":"<p>P\u00f6\u00f6ratava \u00fclaosaga aplikaatoripudel, mis sobib ideaalselt vedelike jaoks, nagu v\u00e4rviloputusvahendid, keemilise loki kinnitajad jne. Pudelil on m\u00f5\u00f5teskaala.<\/p>\n<p>Mahtuvus &#8211; max 500 ml.<\/p>\n","protected":false},"excerpt":{"rendered":"<p>P\u00f6\u00f6ratava \u00fclaosaga aplikaatoripudel, mis sobib ideaalselt vedelike jaoks, nagu v\u00e4rviloputusvahendid, keemilise loki kinnitajad jne. Pudelil on m\u00f5\u00f5teskaala. Mahtuvus &#8211; max 500 ml.<\/p>\n","protected":false},"featured_media":13182,"comment_status":"closed","ping_status":"closed","template":"","meta":[],"product_cat":[792,401,288,177],"product_tag":[],"class_list":{"0":"post-13147","1":"product","2":"type-product","3":"status-publish","4":"has-post-thumbnail","6":"product_cat-uued-tooted","7":"product_cat-juuksuri-tarvikud","8":"product_cat-lokitarvikud","9":"product_cat-muud-lokitarvikud","11":"first","12":"instock","13":"taxable","14":"shipping-taxable","15":"purchasable","16":"product-type-simple"},"_links":{"self":[{"href":"https:\/\/saxsim.ee\/swp\/wp-json\/wp\/v2\/product\/13147"}],"collection":[{"href":"https:\/\/saxsim.ee\/swp\/wp-json\/wp\/v2\/product"}],"about":[{"href":"https:\/\/saxsim.ee\/swp\/wp-json\/wp\/v2\/types\/product"}],"replies":[{"embeddable":true,"href":"https:\/\/saxsim.ee\/swp\/wp-json\/wp\/v2\/comments?post=13147"}],"wp:featuredmedia":[{"embeddable":true,"href":"https:\/\/saxsim.ee\/swp\/wp-json\/wp\/v2\/media\/13182"}],"wp:attachment":[{"href":"https:\/\/saxsim.ee\/swp\/wp-json\/wp\/v2\/media?parent=13147"}],"wp:term":[{"taxonomy":"product_cat","embeddable":true,"href":"https:\/\/saxsim.ee\/swp\/wp-json\/wp\/v2\/product_cat?post=13147"},{"taxonomy":"product_tag","embeddable":true,"href":"https:\/\/saxsim.ee\/swp\/wp-json\/wp\/v2\/product_tag?post=13147"}],"curies":[{"name":"wp","href":"https:\/\/api.w.org\/{rel}","templated":true}]}}