{"id":13146,"date":"2024-04-17T06:11:58","date_gmt":"2024-04-17T03:11:58","guid":{"rendered":"https:\/\/www.saxsim.ee\/?post_type=product&#038;p=13146"},"modified":"2024-04-19T08:42:41","modified_gmt":"2024-04-19T05:42:41","slug":"highlight-paddle-v-grip-xl-salgutamise-abivahend","status":"publish","type":"product","link":"https:\/\/saxsim.ee\/swp\/product\/highlight-paddle-v-grip-xl-salgutamise-abivahend\/","title":{"rendered":"Highlight Paddle V-Grip XL &#8211; salgutamise abivahend"},"content":{"rendered":"<p>Libisemisvastase V-Grip funktsiooniga:<\/p>\n<p>&#8211; kindel haare k\u00e4epidemest, nii m\u00e4rgade v\u00f5i kinnastes k\u00e4tega<br \/>\n&#8211; fooliumi, salgukilede v\u00f5i -paberite kindel p\u00fcsimine salgutamise abivahend peal<\/p>\n<p>M\u00f5\u00f5dud: 26 x 11 cm.<\/p>\n","protected":false},"excerpt":{"rendered":"<p>Libisemisvastase V-Grip funktsiooniga: &#8211; kindel haare k\u00e4epidemest, nii m\u00e4rgade v\u00f5i kinnastes k\u00e4tega &#8211; fooliumi, salgukilede v\u00f5i -paberite kindel p\u00fcsimine salgutamise abivahend peal M\u00f5\u00f5dud: 26 x 11 cm.<\/p>\n","protected":false},"featured_media":13162,"comment_status":"closed","ping_status":"closed","template":"","meta":[],"product_cat":[792,401,176],"product_tag":[],"class_list":{"0":"post-13146","1":"product","2":"type-product","3":"status-publish","4":"has-post-thumbnail","6":"product_cat-uued-tooted","7":"product_cat-juuksuri-tarvikud","8":"product_cat-varvitarvikud","10":"first","11":"instock","12":"taxable","13":"shipping-taxable","14":"purchasable","15":"product-type-simple"},"_links":{"self":[{"href":"https:\/\/saxsim.ee\/swp\/wp-json\/wp\/v2\/product\/13146"}],"collection":[{"href":"https:\/\/saxsim.ee\/swp\/wp-json\/wp\/v2\/product"}],"about":[{"href":"https:\/\/saxsim.ee\/swp\/wp-json\/wp\/v2\/types\/product"}],"replies":[{"embeddable":true,"href":"https:\/\/saxsim.ee\/swp\/wp-json\/wp\/v2\/comments?post=13146"}],"wp:featuredmedia":[{"embeddable":true,"href":"https:\/\/saxsim.ee\/swp\/wp-json\/wp\/v2\/media\/13162"}],"wp:attachment":[{"href":"https:\/\/saxsim.ee\/swp\/wp-json\/wp\/v2\/media?parent=13146"}],"wp:term":[{"taxonomy":"product_cat","embeddable":true,"href":"https:\/\/saxsim.ee\/swp\/wp-json\/wp\/v2\/product_cat?post=13146"},{"taxonomy":"product_tag","embeddable":true,"href":"https:\/\/saxsim.ee\/swp\/wp-json\/wp\/v2\/product_tag?post=13146"}],"curies":[{"name":"wp","href":"https:\/\/api.w.org\/{rel}","templated":true}]}}