{"id":13073,"date":"2024-03-30T09:21:25","date_gmt":"2024-03-30T07:21:25","guid":{"rendered":"https:\/\/www.saxsim.ee\/?post_type=product&#038;p=13073"},"modified":"2024-08-04T10:42:32","modified_gmt":"2024-08-04T07:42:32","slug":"ga-ma-iq-holder-foonihoidja-foonile-ja-sirgendajatele","status":"publish","type":"product","link":"https:\/\/saxsim.ee\/swp\/product\/ga-ma-iq-holder-foonihoidja-foonile-ja-sirgendajatele\/","title":{"rendered":"GA.MA iQ Holder &#8211; f\u00f6\u00f6nihoidja f\u00f6\u00f6nile ja sirgendajatele"},"content":{"rendered":"<p>Hoidja GA.MA iQ f\u00f6\u00f6nile. Stiilne alus sobib sirgendajate hoidmiseks. Tugevad iminapad hoiavad aluse h\u00e4sti paigal, olgu see siis lauale asetatud v\u00f5i peegli k\u00fclge kinnitatud. iQ f\u00f6\u00f6ni saab hoidjas kasutada m\u00f5lemat pidi, nii ei pea eemaldama f\u00f6\u00f6ni otsikuid.<\/p>\n","protected":false},"excerpt":{"rendered":"<p>Hoidja GA.MA iQ f\u00f6\u00f6nile. Stiilne alus sobib sirgendajate hoidmiseks. Tugevad iminapad hoiavad aluse h\u00e4sti paigal, olgu see siis lauale asetatud v\u00f5i peegli k\u00fclge kinnitatud. iQ f\u00f6\u00f6ni saab hoidjas kasutada m\u00f5lemat pidi, nii ei pea eemaldama f\u00f6\u00f6ni otsikuid.<\/p>\n","protected":false},"featured_media":13074,"comment_status":"closed","ping_status":"closed","template":"","meta":[],"product_cat":[709,325,326,401,285],"product_tag":[],"class_list":{"0":"post-13073","1":"product","2":"type-product","3":"status-publish","4":"has-post-thumbnail","6":"product_cat-ga-ma","7":"product_cat-juuksuri-ja-ilusalongi-sisustus","8":"product_cat-foonihoidjad","9":"product_cat-juuksuri-tarvikud","10":"product_cat-kasifoonid","12":"first","13":"instock","14":"taxable","15":"shipping-taxable","16":"purchasable","17":"product-type-simple"},"_links":{"self":[{"href":"https:\/\/saxsim.ee\/swp\/wp-json\/wp\/v2\/product\/13073"}],"collection":[{"href":"https:\/\/saxsim.ee\/swp\/wp-json\/wp\/v2\/product"}],"about":[{"href":"https:\/\/saxsim.ee\/swp\/wp-json\/wp\/v2\/types\/product"}],"replies":[{"embeddable":true,"href":"https:\/\/saxsim.ee\/swp\/wp-json\/wp\/v2\/comments?post=13073"}],"wp:featuredmedia":[{"embeddable":true,"href":"https:\/\/saxsim.ee\/swp\/wp-json\/wp\/v2\/media\/13074"}],"wp:attachment":[{"href":"https:\/\/saxsim.ee\/swp\/wp-json\/wp\/v2\/media?parent=13073"}],"wp:term":[{"taxonomy":"product_cat","embeddable":true,"href":"https:\/\/saxsim.ee\/swp\/wp-json\/wp\/v2\/product_cat?post=13073"},{"taxonomy":"product_tag","embeddable":true,"href":"https:\/\/saxsim.ee\/swp\/wp-json\/wp\/v2\/product_tag?post=13073"}],"curies":[{"name":"wp","href":"https:\/\/api.w.org\/{rel}","templated":true}]}}