{"id":13065,"date":"2024-03-30T08:44:42","date_gmt":"2024-03-30T06:44:42","guid":{"rendered":"https:\/\/www.saxsim.ee\/?post_type=product&#038;p=13065"},"modified":"2024-03-30T08:55:27","modified_gmt":"2024-03-30T06:55:27","slug":"sensido-7-loikuskaarid","status":"publish","type":"product","link":"https:\/\/saxsim.ee\/swp\/product\/sensido-7-loikuskaarid\/","title":{"rendered":"SensiDO 7&#8243; &#8211; l\u00f5ikusk\u00e4\u00e4rid"},"content":{"rendered":"<p>Jaapani roostevabast terasest valmistatud tippkvaliteetsed professionaalsed k\u00e4\u00e4rid. Convex-teritusega k\u00e4\u00e4rid sobivad k\u00f5ikide l\u00f5ikustehnikate jaoks ja neid saab teritada v\u00e4hemalt 20 korda.<\/p>\n<p>&#8211; Convex-teritus<br \/>\n&#8211; Kuullaagriga reguleerimiskruvi s\u00fcsteem<br \/>\n&#8211; Jaapani roostevaba teras<br \/>\n&#8211; Sobivad k\u00f5ikide l\u00f5ikustehnikate jaoks<br \/>\n&#8211; Ergonoomiline disain<br \/>\n&#8211; Fikseeritud s\u00f5rmetugi<br \/>\n&#8211; Reguleerimisv\u00f5ti<br \/>\n&#8211; Sametist kott<\/p>\n","protected":false},"excerpt":{"rendered":"<p>Jaapani roostevabast terasest valmistatud tippkvaliteetsed professionaalsed k\u00e4\u00e4rid. Convex-teritusega k\u00e4\u00e4rid sobivad k\u00f5ikide l\u00f5ikustehnikate jaoks ja neid saab teritada v\u00e4hemalt 20 korda. &#8211; Convex-teritus &#8211; Kuullaagriga reguleerimiskruvi s\u00fcsteem &#8211; Jaapani roostevaba teras &#8211; Sobivad k\u00f5ikide l\u00f5ikustehnikate jaoks &#8211; Ergonoomiline disain &#8211; Fikseeritud s\u00f5rmetugi &#8211; Reguleerimisv\u00f5ti &#8211; Sametist kott<\/p>\n","protected":false},"featured_media":13066,"comment_status":"closed","ping_status":"closed","template":"","meta":[],"product_cat":[792,401,174,276],"product_tag":[],"class_list":{"0":"post-13065","1":"product","2":"type-product","3":"status-publish","4":"has-post-thumbnail","6":"product_cat-uued-tooted","7":"product_cat-juuksuri-tarvikud","8":"product_cat-kaarid","9":"product_cat-loikuskaarid","11":"first","12":"instock","13":"taxable","14":"shipping-taxable","15":"purchasable","16":"product-type-simple"},"_links":{"self":[{"href":"https:\/\/saxsim.ee\/swp\/wp-json\/wp\/v2\/product\/13065"}],"collection":[{"href":"https:\/\/saxsim.ee\/swp\/wp-json\/wp\/v2\/product"}],"about":[{"href":"https:\/\/saxsim.ee\/swp\/wp-json\/wp\/v2\/types\/product"}],"replies":[{"embeddable":true,"href":"https:\/\/saxsim.ee\/swp\/wp-json\/wp\/v2\/comments?post=13065"}],"wp:featuredmedia":[{"embeddable":true,"href":"https:\/\/saxsim.ee\/swp\/wp-json\/wp\/v2\/media\/13066"}],"wp:attachment":[{"href":"https:\/\/saxsim.ee\/swp\/wp-json\/wp\/v2\/media?parent=13065"}],"wp:term":[{"taxonomy":"product_cat","embeddable":true,"href":"https:\/\/saxsim.ee\/swp\/wp-json\/wp\/v2\/product_cat?post=13065"},{"taxonomy":"product_tag","embeddable":true,"href":"https:\/\/saxsim.ee\/swp\/wp-json\/wp\/v2\/product_tag?post=13065"}],"curies":[{"name":"wp","href":"https:\/\/api.w.org\/{rel}","templated":true}]}}