{"id":13062,"date":"2024-03-28T09:40:39","date_gmt":"2024-03-28T07:40:39","guid":{"rendered":"https:\/\/www.saxsim.ee\/?post_type=product&#038;p=13062"},"modified":"2025-07-03T17:51:52","modified_gmt":"2025-07-03T14:51:52","slug":"m7-8-0-sensido-men-shades-cream-color-juuksevarv-professionaalidele","status":"publish","type":"product","link":"https:\/\/saxsim.ee\/swp\/product\/m7-8-0-sensido-men-shades-cream-color-juuksevarv-professionaalidele\/","title":{"rendered":"M7-8\/0 SensiDO Men Shades Cream Color \u2013 juuksev\u00e4rv professionaalidele"},"content":{"rendered":"<p><b>Men Shades 7\u20138\/0 &#8211; Medium Blond<\/b><\/p>\n<p>&#8211; Tasandusv\u00e4rv habemele, vuntsidele, kulmudele ja juustele.<br \/>\n&#8211; Meeldiv koostis.<br \/>\n&#8211; K\u00f5iki toone saab omavahel segada.<br \/>\n&#8211; L\u00f5hnaainete vaba, vegan ja ei sisalda ammoniaaki.<br \/>\n&#8211; V\u00e4rvitoon: keskmine blond.<\/p>\n<p>Lihtne segada, peale kanda ja maha pesta. K\u00f5iki toone saab omavahel segada. Katab n\u00e4htava v\u00e4ljakasvu ja naturaalsed hallid karvad, aitab \u00fchtlustada loomulikku tooni, luues t\u00e4iusliku ja hoolitsetud v\u00e4limuse. Koostist on lihtne kanda habemele, vuntsidele, kulmudele ja\/v\u00f5i juustele. L\u00fchike m\u00f5juaeg, alates 5 minutist. Parima tulemuse saavutamiseks j\u00e4rgi SensiDO Men Shades toodete kasutamisel kasutusjuhendit.<\/p>\n<p><strong>Juhised:<\/strong><br \/>\n&#8211; Segamissuhe: 1:1, 1:1,5, 1:2<br \/>\n&#8211; Toimeaeg: 5-15 min.<\/p>\n<p>Kasutage ainult SensiDO Creme Developer oks\u00fcdeerijaga. Mida pikem on m\u00f5juaeg, seda t\u00e4iuslikum on l\u00f5pptulemus. Kasutage sobivaid kaitsekindaid. Sega valitud toon 3% SensiDO Creme Developer oks\u00fcdeerijaga. Kandke \u00fchtlaselt habemele, vuntsidele, kulmudele ja\/v\u00f5i juustele. Laske m\u00f5juda 5-15 minutit olenevalt juuste seisukorrast. P\u00e4rast m\u00f5juaja l\u00f5ppu loputage hoolikalt veega, peske \u0161ampooniga ja kasutage palsamit.<\/p>\n<p>Alustage v\u00e4rvimist piirkonnast, kus on k\u00f5ige rohkem halle juukseid v\u00f5i t\u00e4iesti hallide juustega piirkonnast. Kui halli juukseid on 70\u2013100%, pikendage m\u00f5juaega 5\u201315 minuti v\u00f5rra. Kui soovite heledamat tulemust, on m\u00f5juaeg umbes 10 minutit. Kui soovite tumedamat l\u00f5pptulemust, on m\u00f5juaeg umbes 15 minutit.<\/p>\n","protected":false},"excerpt":{"rendered":"<p>Men Shades 7\u20138\/0 &#8211; Medium Blond &#8211; Tasandusv\u00e4rv habemele, vuntsidele, kulmudele ja juustele. &#8211; Meeldiv koostis. &#8211; K\u00f5iki toone saab omavahel segada. &#8211; L\u00f5hnaainete vaba, vegan ja ei sisalda ammoniaaki. &#8211; V\u00e4rvitoon: keskmine blond. Lihtne segada, peale kanda ja maha pesta. K\u00f5iki toone saab omavahel segada. Katab n\u00e4htava v\u00e4ljakasvu ja naturaalsed hallid karvad, aitab \u00fchtlustada [&hellip;]<\/p>\n","protected":false},"featured_media":13063,"comment_status":"closed","ping_status":"closed","template":"","meta":[],"product_cat":[673,395,666,95,833],"product_tag":[637],"class_list":{"0":"post-13062","1":"product","2":"type-product","3":"status-publish","4":"has-post-thumbnail","6":"product_cat-sensido","7":"product_cat-juuksed","8":"product_cat-professionaalseks-kasutamiseks","9":"product_cat-sensido-juuksevarvid","10":"product_cat-sensido-men-shades-cream-color","11":"product_tag-profitoode","13":"first","14":"instock","15":"taxable","16":"shipping-taxable","17":"purchasable","18":"product-type-simple"},"_links":{"self":[{"href":"https:\/\/saxsim.ee\/swp\/wp-json\/wp\/v2\/product\/13062"}],"collection":[{"href":"https:\/\/saxsim.ee\/swp\/wp-json\/wp\/v2\/product"}],"about":[{"href":"https:\/\/saxsim.ee\/swp\/wp-json\/wp\/v2\/types\/product"}],"replies":[{"embeddable":true,"href":"https:\/\/saxsim.ee\/swp\/wp-json\/wp\/v2\/comments?post=13062"}],"wp:featuredmedia":[{"embeddable":true,"href":"https:\/\/saxsim.ee\/swp\/wp-json\/wp\/v2\/media\/13063"}],"wp:attachment":[{"href":"https:\/\/saxsim.ee\/swp\/wp-json\/wp\/v2\/media?parent=13062"}],"wp:term":[{"taxonomy":"product_cat","embeddable":true,"href":"https:\/\/saxsim.ee\/swp\/wp-json\/wp\/v2\/product_cat?post=13062"},{"taxonomy":"product_tag","embeddable":true,"href":"https:\/\/saxsim.ee\/swp\/wp-json\/wp\/v2\/product_tag?post=13062"}],"curies":[{"name":"wp","href":"https:\/\/api.w.org\/{rel}","templated":true}]}}