{"id":13023,"date":"2024-03-20T12:42:46","date_gmt":"2024-03-20T10:42:46","guid":{"rendered":"https:\/\/www.saxsim.ee\/?post_type=product&#038;p=13023"},"modified":"2025-08-05T09:28:24","modified_gmt":"2025-08-05T06:28:24","slug":"cera-cordless-straightener-juhtmevaba-sirgendaja","status":"publish","type":"product","link":"https:\/\/saxsim.ee\/swp\/product\/cera-cordless-straightener-juhtmevaba-sirgendaja\/","title":{"rendered":"Cera Cordless straightener &#8211; juhtmevaba sirgendaja"},"content":{"rendered":"<p>Cera Cordless juhtmevaba sirgendaja v\u00f5imaldab sirgendada juukseid k\u00f5ikjal, kus te hetkel viibite. Pakendis kott, millega hea sirgendajat kaasa v\u00f5tta.<\/p>\n<p><strong>Tehnilised andmed:<\/strong><\/p>\n<p>laadimisaeg: umbes 60 minutit<\/p>\n<p>liitiumaku t\u00f6\u00f6aeg: \u00fcle 25 minuti (k\u00f5rgeima temperatuuriga)<\/p>\n<p>automaatne v\u00e4ljal\u00fclitus 15 min. m\u00f6\u00f6dumisel<\/p>\n<p>liitiumaku ( lennure\u017eiimiga )<\/p>\n<p>elektrotermiline k\u00fctteseade, t\u00f5husa energia ja v\u00e4iksema soojuskao jaoks<\/p>\n<p>ION tehnoloogia<\/p>\n<p>t\u00f6\u00f6temperatuur &#8211; 160\u00b0C kuni 220\u00b0C<\/p>\n<p>vetruvad nanokeraamika ja turmaliin plaadid &#8211; 23 x 91 mm<\/p>\n<p>digitaalne temperatuuri reguleerimine<\/p>\n<p>kaal &#8211; 430 g<\/p>\n<p>kaitse kuumadele plaatidele<\/p>\n<p>USB juhe &#8211; 80 cm<\/p>\n<p>Tootja:<\/p>\n","protected":false},"excerpt":{"rendered":"<p>Cera Cordless juhtmevaba sirgendaja v\u00f5imaldab sirgendada juukseid k\u00f5ikjal, kus te hetkel viibite. Pakendis kott, millega hea sirgendajat kaasa v\u00f5tta. Tehnilised andmed: laadimisaeg: umbes 60 minutit liitiumaku t\u00f6\u00f6aeg: \u00fcle 25 minuti (k\u00f5rgeima temperatuuriga) automaatne v\u00e4ljal\u00fclitus 15 min. m\u00f6\u00f6dumisel liitiumaku ( lennure\u017eiimiga ) elektrotermiline k\u00fctteseade, t\u00f5husa energia ja v\u00e4iksema soojuskao jaoks ION tehnoloogia t\u00f6\u00f6temperatuur &#8211; 160\u00b0C kuni [&hellip;]<\/p>\n","protected":false},"featured_media":13025,"comment_status":"closed","ping_status":"closed","template":"","meta":[],"product_cat":[792,710,401,280,338],"product_tag":[],"class_list":{"0":"post-13023","1":"product","2":"type-product","3":"status-publish","4":"has-post-thumbnail","6":"product_cat-uued-tooted","7":"product_cat-cera-professional","8":"product_cat-juuksuri-tarvikud","9":"product_cat-elektrilised-toovahendid","10":"product_cat-sirgendajad","12":"first","13":"instock","14":"taxable","15":"shipping-taxable","16":"purchasable","17":"product-type-simple"},"_links":{"self":[{"href":"https:\/\/saxsim.ee\/swp\/wp-json\/wp\/v2\/product\/13023"}],"collection":[{"href":"https:\/\/saxsim.ee\/swp\/wp-json\/wp\/v2\/product"}],"about":[{"href":"https:\/\/saxsim.ee\/swp\/wp-json\/wp\/v2\/types\/product"}],"replies":[{"embeddable":true,"href":"https:\/\/saxsim.ee\/swp\/wp-json\/wp\/v2\/comments?post=13023"}],"wp:featuredmedia":[{"embeddable":true,"href":"https:\/\/saxsim.ee\/swp\/wp-json\/wp\/v2\/media\/13025"}],"wp:attachment":[{"href":"https:\/\/saxsim.ee\/swp\/wp-json\/wp\/v2\/media?parent=13023"}],"wp:term":[{"taxonomy":"product_cat","embeddable":true,"href":"https:\/\/saxsim.ee\/swp\/wp-json\/wp\/v2\/product_cat?post=13023"},{"taxonomy":"product_tag","embeddable":true,"href":"https:\/\/saxsim.ee\/swp\/wp-json\/wp\/v2\/product_tag?post=13023"}],"curies":[{"name":"wp","href":"https:\/\/api.w.org\/{rel}","templated":true}]}}