{"id":13021,"date":"2024-03-20T11:57:19","date_gmt":"2024-03-20T09:57:19","guid":{"rendered":"https:\/\/www.saxsim.ee\/?post_type=product&#038;p=13021"},"modified":"2024-03-20T12:21:42","modified_gmt":"2024-03-20T10:21:42","slug":"cera-vibrating-straightener-extra-vibratsioonifunktsiooniga-sirgendaja","status":"publish","type":"product","link":"https:\/\/saxsim.ee\/swp\/product\/cera-vibrating-straightener-extra-vibratsioonifunktsiooniga-sirgendaja\/","title":{"rendered":"Cera Vibrating Straightener Extra &#8211; vibratsioonifunktsiooniga sirgendaja"},"content":{"rendered":"<p>Cera eriti laide ja pikkade kuumenevate plaatidega, vibratsioonifunktsiooniga sirgendaja. See on m\u00f5eldud eriti kiireks sirgendamiseks. Vibratsioonifunktsiooniga jaotuvad juuksed suurtel plaatidel \u00fchtlaselt laiali. See kaitseb juukseid kahjustuste eest ja j\u00e4tab kauni tulemuse.<\/p>\n<p><strong>Tehnilised andmed:<\/strong><\/p>\n<p>Vibratsiooni funktsioon<\/p>\n<p>Metallkeraamiline k\u00fctteseade (MCH) kiireks soojenemiseks<\/p>\n<p>ION tehnoloogia<\/p>\n<p>t\u00f6\u00f6temperatuur &#8211; 150\u00b0C kuni 250\u00b0C<\/p>\n<p>vetruvad nanokeraamika ja turmaliin plaadid &#8211; 40 x 110 mm<\/p>\n<p>automaatne v\u00e4ljal\u00fclitus 60 min. m\u00f6\u00f6dumisel<\/p>\n<p>digitaalne temperatuuri reguleerimine<\/p>\n<p>kaal &#8211; 290 g<\/p>\n<p>p\u00f6\u00f6rlev juhe &#8211; 3,0 m<\/p>\n<p>Tootja:<\/p>\n","protected":false},"excerpt":{"rendered":"<p>Cera eriti laide ja pikkade kuumenevate plaatidega, vibratsioonifunktsiooniga sirgendaja. See on m\u00f5eldud eriti kiireks sirgendamiseks. Vibratsioonifunktsiooniga jaotuvad juuksed suurtel plaatidel \u00fchtlaselt laiali. See kaitseb juukseid kahjustuste eest ja j\u00e4tab kauni tulemuse. Tehnilised andmed: Vibratsiooni funktsioon Metallkeraamiline k\u00fctteseade (MCH) kiireks soojenemiseks ION tehnoloogia t\u00f6\u00f6temperatuur &#8211; 150\u00b0C kuni 250\u00b0C vetruvad nanokeraamika ja turmaliin plaadid &#8211; 40 x [&hellip;]<\/p>\n","protected":false},"featured_media":13022,"comment_status":"closed","ping_status":"closed","template":"","meta":[],"product_cat":[792,710,401,280,338],"product_tag":[],"class_list":{"0":"post-13021","1":"product","2":"type-product","3":"status-publish","4":"has-post-thumbnail","6":"product_cat-uued-tooted","7":"product_cat-cera-professional","8":"product_cat-juuksuri-tarvikud","9":"product_cat-elektrilised-toovahendid","10":"product_cat-sirgendajad","12":"first","13":"instock","14":"taxable","15":"shipping-taxable","16":"purchasable","17":"product-type-simple"},"_links":{"self":[{"href":"https:\/\/saxsim.ee\/swp\/wp-json\/wp\/v2\/product\/13021"}],"collection":[{"href":"https:\/\/saxsim.ee\/swp\/wp-json\/wp\/v2\/product"}],"about":[{"href":"https:\/\/saxsim.ee\/swp\/wp-json\/wp\/v2\/types\/product"}],"replies":[{"embeddable":true,"href":"https:\/\/saxsim.ee\/swp\/wp-json\/wp\/v2\/comments?post=13021"}],"wp:featuredmedia":[{"embeddable":true,"href":"https:\/\/saxsim.ee\/swp\/wp-json\/wp\/v2\/media\/13022"}],"wp:attachment":[{"href":"https:\/\/saxsim.ee\/swp\/wp-json\/wp\/v2\/media?parent=13021"}],"wp:term":[{"taxonomy":"product_cat","embeddable":true,"href":"https:\/\/saxsim.ee\/swp\/wp-json\/wp\/v2\/product_cat?post=13021"},{"taxonomy":"product_tag","embeddable":true,"href":"https:\/\/saxsim.ee\/swp\/wp-json\/wp\/v2\/product_tag?post=13021"}],"curies":[{"name":"wp","href":"https:\/\/api.w.org\/{rel}","templated":true}]}}