{"id":12980,"date":"2024-03-11T17:11:12","date_gmt":"2024-03-11T15:11:12","guid":{"rendered":"https:\/\/www.saxsim.ee\/?post_type=product&#038;p=12980"},"modified":"2024-03-11T17:14:43","modified_gmt":"2024-03-11T15:14:43","slug":"matador-2246-8%c2%bd-kamm","status":"publish","type":"product","link":"https:\/\/saxsim.ee\/swp\/product\/matador-2246-8%c2%bd-kamm\/","title":{"rendered":"Matador 2246, 8\u00bd &#8211; kamm"},"content":{"rendered":"<p>Matador kammid on valmistatud\u00a0vulkaniseeritud naturaalsest kummist (eboniit), \u00fche maailma juhtivaima kammitootja poolt.\u00a0Matador tootegruppi kuulub v\u00e4ga erineva suuruse, kuju ja otstarbega kammi, mis on valmistamisprotsessis l\u00e4binud uskumatud 24 etappi. Matador kammide koonusekujulised, peenelt poleeritud ja \u00fcmardatud otstega kammipiid, libisevad pehmelt ja sujuvalt l\u00e4bi juuste, neid tutistamatta ja kahjustamatta. Matador kammid on v\u00e4ga vastupidavad kuumusele, v\u00e4rvimuutustele ja kemikaalidele.<\/p>\n<p>&nbsp;<\/p>\n<p>&nbsp;<\/p>\n<p>&nbsp;<\/p>\n","protected":false},"excerpt":{"rendered":"<p>Matador kammid on valmistatud\u00a0vulkaniseeritud naturaalsest kummist (eboniit), \u00fche maailma juhtivaima kammitootja poolt.\u00a0Matador tootegruppi kuulub v\u00e4ga erineva suuruse, kuju ja otstarbega kammi, mis on valmistamisprotsessis l\u00e4binud uskumatud 24 etappi. Matador kammide koonusekujulised, peenelt poleeritud ja \u00fcmardatud otstega kammipiid, libisevad pehmelt ja sujuvalt l\u00e4bi juuste, neid tutistamatta ja kahjustamatta. Matador kammid on v\u00e4ga vastupidavad kuumusele, v\u00e4rvimuutustele ja [&hellip;]<\/p>\n","protected":false},"featured_media":12982,"comment_status":"closed","ping_status":"closed","template":"","meta":[],"product_cat":[792,401,173,611],"product_tag":[],"class_list":{"0":"post-12980","1":"product","2":"type-product","3":"status-publish","4":"has-post-thumbnail","6":"product_cat-uued-tooted","7":"product_cat-juuksuri-tarvikud","8":"product_cat-kammid","9":"product_cat-matador-kammid","11":"first","12":"instock","13":"taxable","14":"shipping-taxable","15":"purchasable","16":"product-type-simple"},"_links":{"self":[{"href":"https:\/\/saxsim.ee\/swp\/wp-json\/wp\/v2\/product\/12980"}],"collection":[{"href":"https:\/\/saxsim.ee\/swp\/wp-json\/wp\/v2\/product"}],"about":[{"href":"https:\/\/saxsim.ee\/swp\/wp-json\/wp\/v2\/types\/product"}],"replies":[{"embeddable":true,"href":"https:\/\/saxsim.ee\/swp\/wp-json\/wp\/v2\/comments?post=12980"}],"wp:featuredmedia":[{"embeddable":true,"href":"https:\/\/saxsim.ee\/swp\/wp-json\/wp\/v2\/media\/12982"}],"wp:attachment":[{"href":"https:\/\/saxsim.ee\/swp\/wp-json\/wp\/v2\/media?parent=12980"}],"wp:term":[{"taxonomy":"product_cat","embeddable":true,"href":"https:\/\/saxsim.ee\/swp\/wp-json\/wp\/v2\/product_cat?post=12980"},{"taxonomy":"product_tag","embeddable":true,"href":"https:\/\/saxsim.ee\/swp\/wp-json\/wp\/v2\/product_tag?post=12980"}],"curies":[{"name":"wp","href":"https:\/\/api.w.org\/{rel}","templated":true}]}}