{"id":12964,"date":"2024-03-06T10:44:12","date_gmt":"2024-03-06T08:44:12","guid":{"rendered":"https:\/\/www.saxsim.ee\/?post_type=product&#038;p=12964"},"modified":"2024-03-06T10:48:33","modified_gmt":"2024-03-06T08:48:33","slug":"e-cut-cutting-scissors-left-55-vasakukaeliste-loikuskaarid","status":"publish","type":"product","link":"https:\/\/saxsim.ee\/swp\/product\/e-cut-cutting-scissors-left-55-vasakukaeliste-loikuskaarid\/","title":{"rendered":"E-Cut Cutting Scissors LEFT 5,5&#8243; &#8211; vasakuk\u00e4eliste l\u00f5ikusk\u00e4\u00e4rid"},"content":{"rendered":"<p>Klassikalise kujuga juuksuri k\u00e4\u00e4rid on valmistatud karastatud 420C roostevabast terasest. K\u00e4\u00e4ridel on \u00fcks mikrohammastega ( micro-serrated ) tera ja \u00fcks poleeritud servaga tera. Eemaldatav s\u00f5rmetugi ja suured s\u00f5rmeavad tagavad <span class=\"VIiyi\" lang=\"et\"><span class=\"JLqJ4b ChMk0b\">suurep\u00e4rase mugavuse igale juuksurile.<\/span><\/span><\/p>\n<p><strong>Disainielemendid:<\/strong><br \/>\n&#8211; klassikalise kujuga<br \/>\n&#8211; eemaldatava s\u00f5rmetoega<br \/>\n&#8211; lame, s\u00fcvistatud reguleerimiskruvi<br \/>\n&#8211; HRC: 54-56<br \/>\n&#8211; vasakuk\u00e4elistele<\/p>\n","protected":false},"excerpt":{"rendered":"<p>Klassikalise kujuga juuksuri k\u00e4\u00e4rid on valmistatud karastatud 420C roostevabast terasest. K\u00e4\u00e4ridel on \u00fcks mikrohammastega ( micro-serrated ) tera ja \u00fcks poleeritud servaga tera. Eemaldatav s\u00f5rmetugi ja suured s\u00f5rmeavad tagavad suurep\u00e4rase mugavuse igale juuksurile. Disainielemendid: &#8211; klassikalise kujuga &#8211; eemaldatava s\u00f5rmetoega &#8211; lame, s\u00fcvistatud reguleerimiskruvi &#8211; HRC: 54-56 &#8211; vasakuk\u00e4elistele<\/p>\n","protected":false},"featured_media":12965,"comment_status":"closed","ping_status":"closed","template":"","meta":[],"product_cat":[401,174,740],"product_tag":[],"class_list":{"0":"post-12964","1":"product","2":"type-product","3":"status-publish","4":"has-post-thumbnail","6":"product_cat-juuksuri-tarvikud","7":"product_cat-kaarid","8":"product_cat-vasakukaeliste-kaarid","10":"first","11":"instock","12":"taxable","13":"shipping-taxable","14":"purchasable","15":"product-type-simple"},"_links":{"self":[{"href":"https:\/\/saxsim.ee\/swp\/wp-json\/wp\/v2\/product\/12964"}],"collection":[{"href":"https:\/\/saxsim.ee\/swp\/wp-json\/wp\/v2\/product"}],"about":[{"href":"https:\/\/saxsim.ee\/swp\/wp-json\/wp\/v2\/types\/product"}],"replies":[{"embeddable":true,"href":"https:\/\/saxsim.ee\/swp\/wp-json\/wp\/v2\/comments?post=12964"}],"wp:featuredmedia":[{"embeddable":true,"href":"https:\/\/saxsim.ee\/swp\/wp-json\/wp\/v2\/media\/12965"}],"wp:attachment":[{"href":"https:\/\/saxsim.ee\/swp\/wp-json\/wp\/v2\/media?parent=12964"}],"wp:term":[{"taxonomy":"product_cat","embeddable":true,"href":"https:\/\/saxsim.ee\/swp\/wp-json\/wp\/v2\/product_cat?post=12964"},{"taxonomy":"product_tag","embeddable":true,"href":"https:\/\/saxsim.ee\/swp\/wp-json\/wp\/v2\/product_tag?post=12964"}],"curies":[{"name":"wp","href":"https:\/\/api.w.org\/{rel}","templated":true}]}}