{"id":12961,"date":"2024-03-06T10:23:56","date_gmt":"2024-03-06T08:23:56","guid":{"rendered":"https:\/\/www.saxsim.ee\/?post_type=product&#038;p=12961"},"modified":"2024-03-06T10:29:00","modified_gmt":"2024-03-06T08:29:00","slug":"eco-straight-scissors-t30-60-fileerkaarid","status":"publish","type":"product","link":"https:\/\/saxsim.ee\/swp\/product\/eco-straight-scissors-t30-60-fileerkaarid\/","title":{"rendered":"Eco Straight Scissors T30 6,0&#8243;- fileerk\u00e4\u00e4rid"},"content":{"rendered":"<p><strong>Eelised:<\/strong> soodsad fileerk\u00e4\u00e4rid<br \/>\n<strong>Materjali HRC:<\/strong> 50 &#8211; 53<br \/>\n<strong>Disainielemendid:<\/strong><br \/>\n&#8211; 0% niklit<br \/>\n&#8211; \u00fcks 30-hambaga tera<br \/>\n&#8211; \u00fcks poleeritud l\u00f5ikustera<br \/>\n&#8211; tavalise kujuga k\u00e4\u00e4rid<br \/>\n&#8211; fikseeritud s\u00f5rmetugi<br \/>\n&#8211; paremak\u00e4elistele<\/p>\n<p>Eco Straight k\u00e4\u00e4re on saadaval 3 erinevas suuruses ( 5\u2033\/ 5,5&#8243; ja 6\u2033 ).<\/p>\n","protected":false},"excerpt":{"rendered":"<p>Eelised: soodsad fileerk\u00e4\u00e4rid Materjali HRC: 50 &#8211; 53 Disainielemendid: &#8211; 0% niklit &#8211; \u00fcks 30-hambaga tera &#8211; \u00fcks poleeritud l\u00f5ikustera &#8211; tavalise kujuga k\u00e4\u00e4rid &#8211; fikseeritud s\u00f5rmetugi &#8211; paremak\u00e4elistele Eco Straight k\u00e4\u00e4re on saadaval 3 erinevas suuruses ( 5\u2033\/ 5,5&#8243; ja 6\u2033 ).<\/p>\n","protected":false},"featured_media":12962,"comment_status":"closed","ping_status":"closed","template":"","meta":[],"product_cat":[792,401,174,277],"product_tag":[],"class_list":{"0":"post-12961","1":"product","2":"type-product","3":"status-publish","4":"has-post-thumbnail","6":"product_cat-uued-tooted","7":"product_cat-juuksuri-tarvikud","8":"product_cat-kaarid","9":"product_cat-fileerkaarid","11":"first","12":"instock","13":"taxable","14":"shipping-taxable","15":"purchasable","16":"product-type-simple"},"_links":{"self":[{"href":"https:\/\/saxsim.ee\/swp\/wp-json\/wp\/v2\/product\/12961"}],"collection":[{"href":"https:\/\/saxsim.ee\/swp\/wp-json\/wp\/v2\/product"}],"about":[{"href":"https:\/\/saxsim.ee\/swp\/wp-json\/wp\/v2\/types\/product"}],"replies":[{"embeddable":true,"href":"https:\/\/saxsim.ee\/swp\/wp-json\/wp\/v2\/comments?post=12961"}],"wp:featuredmedia":[{"embeddable":true,"href":"https:\/\/saxsim.ee\/swp\/wp-json\/wp\/v2\/media\/12962"}],"wp:attachment":[{"href":"https:\/\/saxsim.ee\/swp\/wp-json\/wp\/v2\/media?parent=12961"}],"wp:term":[{"taxonomy":"product_cat","embeddable":true,"href":"https:\/\/saxsim.ee\/swp\/wp-json\/wp\/v2\/product_cat?post=12961"},{"taxonomy":"product_tag","embeddable":true,"href":"https:\/\/saxsim.ee\/swp\/wp-json\/wp\/v2\/product_tag?post=12961"}],"curies":[{"name":"wp","href":"https:\/\/api.w.org\/{rel}","templated":true}]}}