{"id":12922,"date":"2024-02-27T11:15:31","date_gmt":"2024-02-27T09:15:31","guid":{"rendered":"https:\/\/www.saxsim.ee\/?post_type=product&#038;p=12922"},"modified":"2026-02-08T11:32:30","modified_gmt":"2026-02-08T09:32:30","slug":"olivia-garden-silkcut-pro-635-thinner-fileerkaarid-60%e2%80%b3","status":"publish","type":"product","link":"https:\/\/saxsim.ee\/swp\/product\/olivia-garden-silkcut-pro-635-thinner-fileerkaarid-60%e2%80%b3\/","title":{"rendered":"Olivia Garden Silkcut Pro 635 thinner &#8211; fileerk\u00e4\u00e4rid 6,0\u2033"},"content":{"rendered":"<p><strong>Materjal:<\/strong> <span class=\"HwtZe\" lang=\"et\"><span class=\"jCAhz ChMk0b\"><span class=\"ryNqvb\">k\u00f5rgekvaliteediline teras<\/span><\/span><\/span><\/p>\n<p><strong>Disainielemendid:<\/strong><br \/>\n&#8211; ergonoomilise kujuga<br \/>\n&#8211; fikseeritud s\u00f5rmetugi<br \/>\n&#8211; s\u00fcvistatud kuullaagriga p\u00f6\u00f6rdmehhanism ( lihtne reguleerida kaasasoleva t\u00f6\u00f6riistaga )<br \/>\n&#8211; regulaarse suurusega s\u00f5rmeavad<\/p>\n","protected":false},"excerpt":{"rendered":"<p>Materjal: k\u00f5rgekvaliteediline teras Disainielemendid: &#8211; ergonoomilise kujuga &#8211; fikseeritud s\u00f5rmetugi &#8211; s\u00fcvistatud kuullaagriga p\u00f6\u00f6rdmehhanism ( lihtne reguleerida kaasasoleva t\u00f6\u00f6riistaga ) &#8211; regulaarse suurusega s\u00f5rmeavad<\/p>\n","protected":false},"featured_media":12923,"comment_status":"closed","ping_status":"closed","template":"","meta":[],"product_cat":[722,401,174,277],"product_tag":[],"class_list":{"0":"post-12922","1":"product","2":"type-product","3":"status-publish","4":"has-post-thumbnail","6":"product_cat-olivia-garden","7":"product_cat-juuksuri-tarvikud","8":"product_cat-kaarid","9":"product_cat-fileerkaarid","11":"first","12":"instock","13":"taxable","14":"shipping-taxable","15":"purchasable","16":"product-type-simple"},"_links":{"self":[{"href":"https:\/\/saxsim.ee\/swp\/wp-json\/wp\/v2\/product\/12922"}],"collection":[{"href":"https:\/\/saxsim.ee\/swp\/wp-json\/wp\/v2\/product"}],"about":[{"href":"https:\/\/saxsim.ee\/swp\/wp-json\/wp\/v2\/types\/product"}],"replies":[{"embeddable":true,"href":"https:\/\/saxsim.ee\/swp\/wp-json\/wp\/v2\/comments?post=12922"}],"wp:featuredmedia":[{"embeddable":true,"href":"https:\/\/saxsim.ee\/swp\/wp-json\/wp\/v2\/media\/12923"}],"wp:attachment":[{"href":"https:\/\/saxsim.ee\/swp\/wp-json\/wp\/v2\/media?parent=12922"}],"wp:term":[{"taxonomy":"product_cat","embeddable":true,"href":"https:\/\/saxsim.ee\/swp\/wp-json\/wp\/v2\/product_cat?post=12922"},{"taxonomy":"product_tag","embeddable":true,"href":"https:\/\/saxsim.ee\/swp\/wp-json\/wp\/v2\/product_tag?post=12922"}],"curies":[{"name":"wp","href":"https:\/\/api.w.org\/{rel}","templated":true}]}}