{"id":12920,"date":"2024-02-27T11:06:27","date_gmt":"2024-02-27T09:06:27","guid":{"rendered":"https:\/\/www.saxsim.ee\/?post_type=product&#038;p=12920"},"modified":"2024-02-27T11:13:01","modified_gmt":"2024-02-27T09:13:01","slug":"olivia-garden-silkcut-635-thinner-fileerkaarid-60%e2%80%b3","status":"publish","type":"product","link":"https:\/\/saxsim.ee\/swp\/product\/olivia-garden-silkcut-635-thinner-fileerkaarid-60%e2%80%b3\/","title":{"rendered":"Olivia Garden Silkcut 635 thinner &#8211; fileerk\u00e4\u00e4rid 6,0\u2033"},"content":{"rendered":"<p><strong>Materjal:<\/strong> tugevdatud terase sulam<\/p>\n<p><strong>Disainielemendid:<\/strong><br \/>\n&#8211; ergonoomilise kujuga<br \/>\n&#8211; fikseeritud s\u00f5rmetugi<br \/>\n&#8211; mikroreguleeritav kruvi<br \/>\n&#8211; 35 k\u00e4sit\u00f6\u00f6na valminud mikrohambaga l\u00f5ikustera<br \/>\n&#8211; regulaarse suurusega s\u00f5rmeavad<\/p>\n","protected":false},"excerpt":{"rendered":"<p>Materjal: tugevdatud terase sulam Disainielemendid: &#8211; ergonoomilise kujuga &#8211; fikseeritud s\u00f5rmetugi &#8211; mikroreguleeritav kruvi &#8211; 35 k\u00e4sit\u00f6\u00f6na valminud mikrohambaga l\u00f5ikustera &#8211; regulaarse suurusega s\u00f5rmeavad<\/p>\n","protected":false},"featured_media":12921,"comment_status":"closed","ping_status":"closed","template":"","meta":[],"product_cat":[792,722,401,174,277],"product_tag":[],"class_list":{"0":"post-12920","1":"product","2":"type-product","3":"status-publish","4":"has-post-thumbnail","6":"product_cat-uued-tooted","7":"product_cat-olivia-garden","8":"product_cat-juuksuri-tarvikud","9":"product_cat-kaarid","10":"product_cat-fileerkaarid","12":"first","13":"instock","14":"taxable","15":"shipping-taxable","16":"purchasable","17":"product-type-simple"},"_links":{"self":[{"href":"https:\/\/saxsim.ee\/swp\/wp-json\/wp\/v2\/product\/12920"}],"collection":[{"href":"https:\/\/saxsim.ee\/swp\/wp-json\/wp\/v2\/product"}],"about":[{"href":"https:\/\/saxsim.ee\/swp\/wp-json\/wp\/v2\/types\/product"}],"replies":[{"embeddable":true,"href":"https:\/\/saxsim.ee\/swp\/wp-json\/wp\/v2\/comments?post=12920"}],"wp:featuredmedia":[{"embeddable":true,"href":"https:\/\/saxsim.ee\/swp\/wp-json\/wp\/v2\/media\/12921"}],"wp:attachment":[{"href":"https:\/\/saxsim.ee\/swp\/wp-json\/wp\/v2\/media?parent=12920"}],"wp:term":[{"taxonomy":"product_cat","embeddable":true,"href":"https:\/\/saxsim.ee\/swp\/wp-json\/wp\/v2\/product_cat?post=12920"},{"taxonomy":"product_tag","embeddable":true,"href":"https:\/\/saxsim.ee\/swp\/wp-json\/wp\/v2\/product_tag?post=12920"}],"curies":[{"name":"wp","href":"https:\/\/api.w.org\/{rel}","templated":true}]}}