{"id":12901,"date":"2024-02-23T09:20:24","date_gmt":"2024-02-23T07:20:24","guid":{"rendered":"https:\/\/www.saxsim.ee\/?post_type=product&#038;p=12901"},"modified":"2026-03-20T09:25:43","modified_gmt":"2026-03-20T07:25:43","slug":"solingen-scissors-p550-55-loikuskaarid","status":"publish","type":"product","link":"https:\/\/saxsim.ee\/swp\/product\/solingen-scissors-p550-55-loikuskaarid\/","title":{"rendered":"Solingen Scissors P550 5,5&#8243; &#8211; l\u00f5ikusk\u00e4\u00e4rid"},"content":{"rendered":"<p>Saksa kvaliteediga, karastatud roostevabast terasest l\u00f5ikusk\u00e4\u00e4rid, millel on satiinviimistlusega mikro-sakkidega l\u00f5ikusterad. Soodne traditsiooniline l\u00f5ikusk\u00e4\u00e4r \u00f5ppimiseks.<\/p>\n<p><strong>Eelised:<\/strong>\u00a0v\u00e4ga taskukohane<br \/>\n<strong>Materjal:<\/strong>\u00a0karastatud roostevaba teras<br \/>\n<strong>Disainielemendid:<\/strong><br \/>\nmikro-sakkidega l\u00f5ikustera<br \/>\ns\u00fcmmeetrilise kujuga<br \/>\neemaldatav s\u00f5rmetugi<\/p>\n<p>Solingen Scissors k\u00e4\u00e4re on saadaval 3 erinevas suuruses ( 5,0\u2033 kuni 6,0\u2033 ).<\/p>\n<p>Tootja &#8211; K.-R. Witte GmbH &amp; Co. KG, Solingen, Germany<\/p>\n<p>&nbsp;<\/p>\n","protected":false},"excerpt":{"rendered":"<p>Saksa kvaliteediga, karastatud roostevabast terasest l\u00f5ikusk\u00e4\u00e4rid, millel on satiinviimistlusega mikro-sakkidega l\u00f5ikusterad. Soodne traditsiooniline l\u00f5ikusk\u00e4\u00e4r \u00f5ppimiseks. Eelised:\u00a0v\u00e4ga taskukohane Materjal:\u00a0karastatud roostevaba teras Disainielemendid: mikro-sakkidega l\u00f5ikustera s\u00fcmmeetrilise kujuga eemaldatav s\u00f5rmetugi Solingen Scissors k\u00e4\u00e4re on saadaval 3 erinevas suuruses ( 5,0\u2033 kuni 6,0\u2033 ). Tootja &#8211; K.-R. Witte GmbH &amp; Co. KG, Solingen, Germany &nbsp;<\/p>\n","protected":false},"featured_media":13079,"comment_status":"closed","ping_status":"closed","template":"","meta":[],"product_cat":[705,401,174,276],"product_tag":[],"class_list":{"0":"post-12901","1":"product","2":"type-product","3":"status-publish","4":"has-post-thumbnail","6":"product_cat-solingen","7":"product_cat-juuksuri-tarvikud","8":"product_cat-kaarid","9":"product_cat-loikuskaarid","11":"first","12":"instock","13":"taxable","14":"shipping-taxable","15":"purchasable","16":"product-type-simple"},"_links":{"self":[{"href":"https:\/\/saxsim.ee\/swp\/wp-json\/wp\/v2\/product\/12901"}],"collection":[{"href":"https:\/\/saxsim.ee\/swp\/wp-json\/wp\/v2\/product"}],"about":[{"href":"https:\/\/saxsim.ee\/swp\/wp-json\/wp\/v2\/types\/product"}],"replies":[{"embeddable":true,"href":"https:\/\/saxsim.ee\/swp\/wp-json\/wp\/v2\/comments?post=12901"}],"wp:featuredmedia":[{"embeddable":true,"href":"https:\/\/saxsim.ee\/swp\/wp-json\/wp\/v2\/media\/13079"}],"wp:attachment":[{"href":"https:\/\/saxsim.ee\/swp\/wp-json\/wp\/v2\/media?parent=12901"}],"wp:term":[{"taxonomy":"product_cat","embeddable":true,"href":"https:\/\/saxsim.ee\/swp\/wp-json\/wp\/v2\/product_cat?post=12901"},{"taxonomy":"product_tag","embeddable":true,"href":"https:\/\/saxsim.ee\/swp\/wp-json\/wp\/v2\/product_tag?post=12901"}],"curies":[{"name":"wp","href":"https:\/\/api.w.org\/{rel}","templated":true}]}}